{"id":108,"date":"2019-04-19T22:09:22","date_gmt":"2019-04-20T01:09:22","guid":{"rendered":"https:\/\/wp.ufpel.edu.br\/leagef\/?page_id=108"},"modified":"2024-08-19T10:46:10","modified_gmt":"2024-08-19T13:46:10","slug":"labgeotec","status":"publish","type":"page","link":"https:\/\/wp.ufpel.edu.br\/leagef\/leagef\/estrutura\/labgeotec\/","title":{"rendered":"Laborat\u00f3rio Did\u00e1tico de Geotecnologias"},"content":{"rendered":"<p style=\"text-align: justify;\">O Laborat\u00f3rio Did\u00e1tico de Geotecnologias \u00e9 um espa\u00e7o que atende aos cursos de Gradua\u00e7\u00e3o e P\u00f3s-gradua\u00e7\u00e3o em Geografia, al\u00e9m de atender a outros cursos com demandas na \u00e1rea de Geotecnologias.<\/p>\n<p style=\"text-align: justify;\">O espa\u00e7o conta com computadores e <em>softwares <\/em>espec\u00edficos para o trabalho de informa\u00e7\u00f5es geoespaciais e de sensoriamento remoto. O laborat\u00f3rio conta ainda com equipamentos de apoio, tais como receptores GPS de navega\u00e7\u00e3o, c\u00e2meras fotogr\u00e1ficas e um equipamento de topografia.<\/p>\n<p>ICH &#8211; Campus 2, sala 201-A<\/p>\n","protected":false},"excerpt":{"rendered":"<p>O Laborat\u00f3rio Did\u00e1tico de Geotecnologias \u00e9 um espa\u00e7o que atende aos cursos de Gradua\u00e7\u00e3o e P\u00f3s-gradua\u00e7\u00e3o em Geografia, al\u00e9m de atender a outros cursos com demandas na \u00e1rea de Geotecnologias. O espa\u00e7o conta com computadores e softwares espec\u00edficos para o trabalho de informa\u00e7\u00f5es geoespaciais e de sensoriamento remoto. O laborat\u00f3rio conta ainda com equipamentos de &hellip; <\/p>\n<p><a class=\"more-link btn\" href=\"https:\/\/wp.ufpel.edu.br\/leagef\/leagef\/estrutura\/labgeotec\/\">Continue lendo<\/a><\/p>\n","protected":false},"author":492,"featured_media":0,"parent":96,"menu_order":4,"comment_status":"closed","ping_status":"closed","template":"","meta":{"footnotes":""},"class_list":["post-108","page","type-page","status-publish","hentry","nodate","item-wrap"],"_links":{"self":[{"href":"https:\/\/wp.ufpel.edu.br\/leagef\/wp-json\/wp\/v2\/pages\/108","targetHints":{"allow":["GET"]}}],"collection":[{"href":"https:\/\/wp.ufpel.edu.br\/leagef\/wp-json\/wp\/v2\/pages"}],"about":[{"href":"https:\/\/wp.ufpel.edu.br\/leagef\/wp-json\/wp\/v2\/types\/page"}],"author":[{"embeddable":true,"href":"https:\/\/wp.ufpel.edu.br\/leagef\/wp-json\/wp\/v2\/users\/492"}],"replies":[{"embeddable":true,"href":"https:\/\/wp.ufpel.edu.br\/leagef\/wp-json\/wp\/v2\/comments?post=108"}],"version-history":[{"count":4,"href":"https:\/\/wp.ufpel.edu.br\/leagef\/wp-json\/wp\/v2\/pages\/108\/revisions"}],"predecessor-version":[{"id":318,"href":"https:\/\/wp.ufpel.edu.br\/leagef\/wp-json\/wp\/v2\/pages\/108\/revisions\/318"}],"up":[{"embeddable":true,"href":"https:\/\/wp.ufpel.edu.br\/leagef\/wp-json\/wp\/v2\/pages\/96"}],"wp:attachment":[{"href":"https:\/\/wp.ufpel.edu.br\/leagef\/wp-json\/wp\/v2\/media?parent=108"}],"curies":[{"name":"wp","href":"https:\/\/api.w.org\/{rel}","templated":true}]}}