{"id":105,"date":"2019-04-19T22:06:56","date_gmt":"2019-04-20T01:06:56","guid":{"rendered":"https:\/\/wp.ufpel.edu.br\/leagef\/?page_id=105"},"modified":"2024-08-19T10:39:58","modified_gmt":"2024-08-19T13:39:58","slug":"ldgf","status":"publish","type":"page","link":"https:\/\/wp.ufpel.edu.br\/leagef\/leagef\/estrutura\/ldgf\/","title":{"rendered":"Laborat\u00f3rio Did\u00e1tico de Geografia F\u00edsica"},"content":{"rendered":"<p style=\"text-align: justify;\">O Laborat\u00f3rio Did\u00e1tico de Geografia F\u00edsica \u00e9 um espa\u00e7o que atende aos cursos de Gradua\u00e7\u00e3o e P\u00f3s-gradua\u00e7\u00e3o em Geografia, e que visa promover atividades did\u00e1ticas voltadas para o ensino, pesquisa e extens\u00e3o em Geografia F\u00edsica.<\/p>\n<p style=\"text-align: justify;\">O espa\u00e7o conta com \u00e1rea de trabalho para os alunos bolsistas, materiais did\u00e1ticos como maquetes de relevos, instrumental de campo e uma cole\u00e7\u00e3o did\u00e1tica de minerais e rochas.<\/p>\n<p>Local: ICH &#8211; Campus I, sala 135-A<\/p>\n","protected":false},"excerpt":{"rendered":"<p>O Laborat\u00f3rio Did\u00e1tico de Geografia F\u00edsica \u00e9 um espa\u00e7o que atende aos cursos de Gradua\u00e7\u00e3o e P\u00f3s-gradua\u00e7\u00e3o em Geografia, e que visa promover atividades did\u00e1ticas voltadas para o ensino, pesquisa e extens\u00e3o em Geografia F\u00edsica. O espa\u00e7o conta com \u00e1rea de trabalho para os alunos bolsistas, materiais did\u00e1ticos como maquetes de relevos, instrumental de campo &hellip; <\/p>\n<p><a class=\"more-link btn\" href=\"https:\/\/wp.ufpel.edu.br\/leagef\/leagef\/estrutura\/ldgf\/\">Continue lendo<\/a><\/p>\n","protected":false},"author":492,"featured_media":0,"parent":96,"menu_order":3,"comment_status":"closed","ping_status":"closed","template":"","meta":{"footnotes":""},"class_list":["post-105","page","type-page","status-publish","hentry","nodate","item-wrap"],"_links":{"self":[{"href":"https:\/\/wp.ufpel.edu.br\/leagef\/wp-json\/wp\/v2\/pages\/105","targetHints":{"allow":["GET"]}}],"collection":[{"href":"https:\/\/wp.ufpel.edu.br\/leagef\/wp-json\/wp\/v2\/pages"}],"about":[{"href":"https:\/\/wp.ufpel.edu.br\/leagef\/wp-json\/wp\/v2\/types\/page"}],"author":[{"embeddable":true,"href":"https:\/\/wp.ufpel.edu.br\/leagef\/wp-json\/wp\/v2\/users\/492"}],"replies":[{"embeddable":true,"href":"https:\/\/wp.ufpel.edu.br\/leagef\/wp-json\/wp\/v2\/comments?post=105"}],"version-history":[{"count":4,"href":"https:\/\/wp.ufpel.edu.br\/leagef\/wp-json\/wp\/v2\/pages\/105\/revisions"}],"predecessor-version":[{"id":316,"href":"https:\/\/wp.ufpel.edu.br\/leagef\/wp-json\/wp\/v2\/pages\/105\/revisions\/316"}],"up":[{"embeddable":true,"href":"https:\/\/wp.ufpel.edu.br\/leagef\/wp-json\/wp\/v2\/pages\/96"}],"wp:attachment":[{"href":"https:\/\/wp.ufpel.edu.br\/leagef\/wp-json\/wp\/v2\/media?parent=105"}],"curies":[{"name":"wp","href":"https:\/\/api.w.org\/{rel}","templated":true}]}}