{"id":102,"date":"2019-04-19T22:04:35","date_gmt":"2019-04-20T01:04:35","guid":{"rendered":"https:\/\/wp.ufpel.edu.br\/leagef\/?page_id=102"},"modified":"2024-08-14T19:59:23","modified_gmt":"2024-08-14T22:59:23","slug":"nugeotec","status":"publish","type":"page","link":"https:\/\/wp.ufpel.edu.br\/leagef\/leagef\/estrutura\/nugeotec\/","title":{"rendered":"N\u00facleo de Geotecnologias"},"content":{"rendered":"<p style=\"text-align: justify;\">O <strong>N\u00facleo de Estudos e Pesquisa em Geotecnologias Aplicadas (NUGEOTEC)<\/strong> tem a fun\u00e7\u00e3o de desenvolver atividades de pesquisa, extens\u00e3o e ensino de gradua\u00e7\u00e3o e p\u00f3s-gradua\u00e7\u00e3o de Geotecnologias Aplicadas \u00e0 Geografia F\u00edsica. O N\u00facleo se estrutura a partir de linhas de investiga\u00e7\u00e3o em: a) Mapeamento Geomorfol\u00f3gico; b) Sistemas Costeiros; c) Sensoriamento Remoto; d) Bacias Hidrogr\u00e1ficas; e e) An\u00e1lise Ambiental.<\/p>\n<p>Local: ICH &#8211; Campus 2, sala 201-B<\/p>\n","protected":false},"excerpt":{"rendered":"<p>O N\u00facleo de Estudos e Pesquisa em Geotecnologias Aplicadas (NUGEOTEC) tem a fun\u00e7\u00e3o de desenvolver atividades de pesquisa, extens\u00e3o e ensino de gradua\u00e7\u00e3o e p\u00f3s-gradua\u00e7\u00e3o de Geotecnologias Aplicadas \u00e0 Geografia F\u00edsica. O N\u00facleo se estrutura a partir de linhas de investiga\u00e7\u00e3o em: a) Mapeamento Geomorfol\u00f3gico; b) Sistemas Costeiros; c) Sensoriamento Remoto; d) Bacias Hidrogr\u00e1ficas; e &hellip; <\/p>\n<p><a class=\"more-link btn\" href=\"https:\/\/wp.ufpel.edu.br\/leagef\/leagef\/estrutura\/nugeotec\/\">Continue lendo<\/a><\/p>\n","protected":false},"author":492,"featured_media":0,"parent":96,"menu_order":2,"comment_status":"closed","ping_status":"closed","template":"","meta":{"footnotes":""},"class_list":["post-102","page","type-page","status-publish","hentry","nodate","item-wrap"],"_links":{"self":[{"href":"https:\/\/wp.ufpel.edu.br\/leagef\/wp-json\/wp\/v2\/pages\/102","targetHints":{"allow":["GET"]}}],"collection":[{"href":"https:\/\/wp.ufpel.edu.br\/leagef\/wp-json\/wp\/v2\/pages"}],"about":[{"href":"https:\/\/wp.ufpel.edu.br\/leagef\/wp-json\/wp\/v2\/types\/page"}],"author":[{"embeddable":true,"href":"https:\/\/wp.ufpel.edu.br\/leagef\/wp-json\/wp\/v2\/users\/492"}],"replies":[{"embeddable":true,"href":"https:\/\/wp.ufpel.edu.br\/leagef\/wp-json\/wp\/v2\/comments?post=102"}],"version-history":[{"count":4,"href":"https:\/\/wp.ufpel.edu.br\/leagef\/wp-json\/wp\/v2\/pages\/102\/revisions"}],"predecessor-version":[{"id":273,"href":"https:\/\/wp.ufpel.edu.br\/leagef\/wp-json\/wp\/v2\/pages\/102\/revisions\/273"}],"up":[{"embeddable":true,"href":"https:\/\/wp.ufpel.edu.br\/leagef\/wp-json\/wp\/v2\/pages\/96"}],"wp:attachment":[{"href":"https:\/\/wp.ufpel.edu.br\/leagef\/wp-json\/wp\/v2\/media?parent=102"}],"curies":[{"name":"wp","href":"https:\/\/api.w.org\/{rel}","templated":true}]}}