{"id":89,"date":"2020-03-26T16:49:38","date_gmt":"2020-03-26T19:49:38","guid":{"rendered":"https:\/\/wp.ufpel.edu.br\/leae\/?page_id=89"},"modified":"2020-03-31T13:06:24","modified_gmt":"2020-03-31T16:06:24","slug":"extensao","status":"publish","type":"page","link":"https:\/\/wp.ufpel.edu.br\/leae\/extensao\/","title":{"rendered":"Extens\u00e3o"},"content":{"rendered":"<p>Projetos de Extens\u00e3o em andamento no LEAE<\/p>\n<p><strong>A\u00e7\u00f5es de saneamento aplicadas a comunidades carentes e isoladas de Pelotas<\/strong><\/p>\n<p>Coordenador: Prof. Willian Nadaleti<\/p>\n<p style=\"text-align: justify\">O Saneamento b\u00e1sico \u00e9 inerente ao in\u00edcio da evolu\u00e7\u00e3o da sociedade, quando da forma\u00e7\u00e3o dos grandes grupamentos humanos, onde ficou evidente ser uma necessidade primordial afastar os dejetos humanos e evitar o contato com a \u00e1gua pot\u00e1vel, diminuindo assim a difus\u00e3o de doen\u00e7as e preservando a sa\u00fade p\u00fablica.\u00a0Na \u00faltima d\u00e9cada mais uma preocupa\u00e7\u00e3o ficou em evid\u00eancia, a necessidade do tratamento desses dejetos, evitando a polui\u00e7\u00e3o do meio ambiente, que j\u00e1 se encontra muito degradado pelo homem.\u00a0O que se via na evolu\u00e7\u00e3o dos grandes centros, agora \u00e9 necessidade para pequenas comunidades isoladas, que da mesma forma das antigas civiliza\u00e7\u00f5es, tem car\u00eancia de tecnologias para atender a quest\u00e3o do saneamento e mais ainda atender a dois aspectos b\u00e1sicos, o baixo custo e a f\u00e1cil manuten\u00e7\u00e3o da tecnologia implantada. Levando em conta a Agenda 21 da cidade de Pelotas, foi poss\u00edvel perceber que a prioridade, segundo os moradores, \u00e9 a quest\u00e3o do saneamento. E hoje, o saneamento vai al\u00e9m da implanta\u00e7\u00e3o de sistemas de abastecimento e tratamento de \u00e1gua, abrangendo tratamento de esgoto, coleta de res\u00edduos s\u00f3lidos, drenagem pluvial e controle de vetores de doen\u00e7as. Assim, esse projeto de extens\u00e3o visa a implanta\u00e7\u00e3o de um sistema de tratamento de esgoto adaptado, de forma individual para cada resid\u00eancia aliado a a\u00e7\u00f5es de educa\u00e7\u00e3o ambiental.<\/p>\n<p>&nbsp;<\/p>\n<p><strong>Geotecnologias como instrumentos de pol\u00edticas p\u00fablicas para cidades inteligentes<\/strong><\/p>\n<p>Coordenadora: Profa. Diuliana Leandro<\/p>\n<p style=\"text-align: justify\">O conhecimento do uso e ocupa\u00e7\u00e3o do solo de um munic\u00edpio \u00e9 de extrema import\u00e2ncia para o planejamento municipal e ambiental, com o auxilio das geotecnologias pode-se ter mais seguran\u00e7a t\u00e9cnica nas tomadas de decis\u00f5es referente aos processos a serem aprovados e tamb\u00e9m na elabora\u00e7\u00e3o de projetos para a pr\u00f3pria gest\u00e3o p\u00fablica. O projeto visa promover atividades junto aos munic\u00edpios para a implementa\u00e7\u00e3o de solu\u00e7\u00f5es para a gest\u00e3o e planejamento com o uso de geotecnologias, assim como a possibilidade de atividades de capacita\u00e7\u00e3o para servidores t\u00e9cnicos municipais, estaduais e federais.<\/p>\n<p>&nbsp;<\/p>\n<p><strong>Fortalecimento da Defesa Civil nos munic\u00edpios da Regi\u00e3o Sul<\/strong><\/p>\n<p>Coordenador: Prof. Maurizio Silveira Quadro\u00a0 \u00a0 \u00a0Coordenadora Adjunta: Profa. Diuliana Leandro<\/p>\n<p style=\"text-align: justify\">O Programa de fortalecimento da defesa civil nos munic\u00edpios da Regi\u00e3o Sul , visa consolidar o conhecimento institucional nos munic\u00edpios da regi\u00e3o, desenvolvendo mecanismos de constru\u00e7\u00e3o de solu\u00e7\u00f5es eficazes para combate a riscos e desastres ambientais. Para isto ser\u00e3o realizadas atividade de mapeamento da estrutura das defesas civis, capacidade de respostas \u00e1 eventos e mapeamento das \u00e1reas de risco nos munic\u00edpios, assim como atividades de capacita\u00e7\u00e3o para os t\u00e9cnicos ligados a defesa civil dos munic\u00edpios envolvidos e \u00f3rg\u00e3os competentes. O programa de Fortalecimento da Defesa Civil nos munic\u00edpios da Regi\u00e3o Sul tem como objetivo central o desenvolvimento das estruturas das defesas civis nos munic\u00edpios da regi\u00e3o sul atrav\u00e9s do diagnostico das necessidades, da identifica\u00e7\u00e3o e mapeamento das \u00e1reas de risco e vulnerabilidade, do apoio t\u00e9cnico-cientifico e assessoria em emerg\u00eancias, melhorando assim a rede de resposta \u00e1 eventos extremos.<\/p>\n","protected":false},"excerpt":{"rendered":"<p>Projetos de Extens\u00e3o em andamento no LEAE A\u00e7\u00f5es de saneamento aplicadas a comunidades carentes e isoladas de Pelotas Coordenador: Prof. Willian Nadaleti O Saneamento b\u00e1sico \u00e9 inerente ao in\u00edcio da evolu\u00e7\u00e3o da sociedade, quando da forma\u00e7\u00e3o dos grandes grupamentos humanos, onde ficou evidente ser uma necessidade primordial afastar os dejetos humanos e evitar o contato [&hellip;]<\/p>\n","protected":false},"author":989,"featured_media":0,"parent":0,"menu_order":0,"comment_status":"closed","ping_status":"closed","template":"","meta":{"footnotes":""},"class_list":["post-89","page","type-page","status-publish","hentry"],"_links":{"self":[{"href":"https:\/\/wp.ufpel.edu.br\/leae\/wp-json\/wp\/v2\/pages\/89","targetHints":{"allow":["GET"]}}],"collection":[{"href":"https:\/\/wp.ufpel.edu.br\/leae\/wp-json\/wp\/v2\/pages"}],"about":[{"href":"https:\/\/wp.ufpel.edu.br\/leae\/wp-json\/wp\/v2\/types\/page"}],"author":[{"embeddable":true,"href":"https:\/\/wp.ufpel.edu.br\/leae\/wp-json\/wp\/v2\/users\/989"}],"replies":[{"embeddable":true,"href":"https:\/\/wp.ufpel.edu.br\/leae\/wp-json\/wp\/v2\/comments?post=89"}],"version-history":[{"count":6,"href":"https:\/\/wp.ufpel.edu.br\/leae\/wp-json\/wp\/v2\/pages\/89\/revisions"}],"predecessor-version":[{"id":567,"href":"https:\/\/wp.ufpel.edu.br\/leae\/wp-json\/wp\/v2\/pages\/89\/revisions\/567"}],"wp:attachment":[{"href":"https:\/\/wp.ufpel.edu.br\/leae\/wp-json\/wp\/v2\/media?parent=89"}],"curies":[{"name":"wp","href":"https:\/\/api.w.org\/{rel}","templated":true}]}}