{"id":772,"date":"2020-04-02T01:11:54","date_gmt":"2020-04-02T04:11:54","guid":{"rendered":"https:\/\/wp.ufpel.edu.br\/leae\/?page_id=772"},"modified":"2020-05-08T15:11:57","modified_gmt":"2020-05-08T18:11:57","slug":"772-2","status":"publish","type":"page","link":"https:\/\/wp.ufpel.edu.br\/leae\/en\/772-2\/","title":{"rendered":"News"},"content":{"rendered":"<p>Oportunidade de bolsa em projeto de extens\u00e3o do Prof. Willian Nadaleti.<\/p>\n<p>Edital abaixo:<\/p>\n<p><img class=\"alignnone size-medium wp-image-821\" src=\"https:\/\/wp.ufpel.edu.br\/leae\/files\/2020\/05\/96266836_3215831428480352_6972089809678368768_o-270x400.jpg\" alt=\"\" width=\"270\" height=\"400\" srcset=\"https:\/\/wp.ufpel.edu.br\/leae\/files\/2020\/05\/96266836_3215831428480352_6972089809678368768_o-270x400.jpg 270w, https:\/\/wp.ufpel.edu.br\/leae\/files\/2020\/05\/96266836_3215831428480352_6972089809678368768_o.jpg 648w\" sizes=\"(max-width: 270px) 100vw, 270px\" \/> <img class=\"alignnone size-medium wp-image-820\" src=\"https:\/\/wp.ufpel.edu.br\/leae\/files\/2020\/05\/96239680_3215831728480322_5866415487948161024_o-400x278.jpg\" alt=\"\" width=\"400\" height=\"278\" srcset=\"https:\/\/wp.ufpel.edu.br\/leae\/files\/2020\/05\/96239680_3215831728480322_5866415487948161024_o-400x278.jpg 400w, https:\/\/wp.ufpel.edu.br\/leae\/files\/2020\/05\/96239680_3215831728480322_5866415487948161024_o-1024x712.jpg 1024w, https:\/\/wp.ufpel.edu.br\/leae\/files\/2020\/05\/96239680_3215831728480322_5866415487948161024_o-768x534.jpg 768w, https:\/\/wp.ufpel.edu.br\/leae\/files\/2020\/05\/96239680_3215831728480322_5866415487948161024_o-1536x1068.jpg 1536w, https:\/\/wp.ufpel.edu.br\/leae\/files\/2020\/05\/96239680_3215831728480322_5866415487948161024_o.jpg 2048w\" sizes=\"(max-width: 400px) 100vw, 400px\" \/><\/p>\n<p>&nbsp;<\/p>\n<p>\u00daltimo paper publicado:<\/p>\n<p><a href=\"https:\/\/www.sciencedirect.com\/science\/article\/abs\/pii\/S0360319919332185?via%3Dihub\"><img class=\"alignnone wp-image-498\" src=\"https:\/\/wp.ufpel.edu.br\/leae\/files\/2020\/03\/Screen-Shot-2020-03-28-at-17.59.48-400x237.png\" alt=\"\" width=\"547\" height=\"324\" srcset=\"https:\/\/wp.ufpel.edu.br\/leae\/files\/2020\/03\/Screen-Shot-2020-03-28-at-17.59.48-400x237.png 400w, https:\/\/wp.ufpel.edu.br\/leae\/files\/2020\/03\/Screen-Shot-2020-03-28-at-17.59.48-1024x608.png 1024w, https:\/\/wp.ufpel.edu.br\/leae\/files\/2020\/03\/Screen-Shot-2020-03-28-at-17.59.48-768x456.png 768w, https:\/\/wp.ufpel.edu.br\/leae\/files\/2020\/03\/Screen-Shot-2020-03-28-at-17.59.48.png 1382w\" sizes=\"(max-width: 547px) 100vw, 547px\" \/><\/a><\/p>\n<blockquote class=\"wp-embedded-content\" data-secret=\"ytF7KNDhxb\"><p><a href=\"https:\/\/wp.ufpel.edu.br\/ppgcamb\/2020\/03\/24\/professor-do-ppgcamb-tem-invencao-patenteada-e-registrada-no-instituto-nacional-de-propriedade-industrial\/\">Professor do PPGCAmb tem inven\u00e7\u00e3o patenteada e registrada no Instituto Nacional de Propriedade Industrial<\/a><\/p><\/blockquote>\n<p><iframe class=\"wp-embedded-content\" sandbox=\"allow-scripts\" security=\"restricted\" style=\"position: absolute; clip: rect(1px, 1px, 1px, 1px);\" title=\"&#8220;Professor do PPGCAmb tem inven\u00e7\u00e3o patenteada e registrada no Instituto Nacional de Propriedade Industrial&#8221; &#8212; PPGCAmb\" src=\"https:\/\/wp.ufpel.edu.br\/ppgcamb\/2020\/03\/24\/professor-do-ppgcamb-tem-invencao-patenteada-e-registrada-no-instituto-nacional-de-propriedade-industrial\/embed\/#?secret=ypzN8cHyBv#?secret=ytF7KNDhxb\" data-secret=\"ytF7KNDhxb\" width=\"500\" height=\"282\" frameborder=\"0\" marginwidth=\"0\" marginheight=\"0\" scrolling=\"no\"><\/iframe><\/p>\n<blockquote class=\"wp-embedded-content\" data-secret=\"Usgu6qEoef\"><p><a href=\"https:\/\/wp.ufpel.edu.br\/ceng\/professor-do-ceng-vence-edital-para-professor-visitante-na-uniao-europeia\/\">Professor do CEng vence edital para professor visitante na Uni\u00e3o Europeia<\/a><\/p><\/blockquote>\n<p><iframe class=\"wp-embedded-content\" sandbox=\"allow-scripts\" security=\"restricted\" style=\"position: absolute; clip: rect(1px, 1px, 1px, 1px);\" title=\"&#8220;Professor do CEng vence edital para professor visitante na Uni\u00e3o Europeia&#8221; &#8212; Centro de Engenharias\" src=\"https:\/\/wp.ufpel.edu.br\/ceng\/professor-do-ceng-vence-edital-para-professor-visitante-na-uniao-europeia\/embed\/#?secret=ICKCEdkcRQ#?secret=Usgu6qEoef\" data-secret=\"Usgu6qEoef\" width=\"500\" height=\"282\" frameborder=\"0\" marginwidth=\"0\" marginheight=\"0\" scrolling=\"no\"><\/iframe><\/p>\n","protected":false},"excerpt":{"rendered":"<p>Oportunidade de bolsa em projeto de extens\u00e3o do Prof. Willian Nadaleti. Edital abaixo: &nbsp; \u00daltimo paper publicado: Professor do PPGCAmb tem inven\u00e7\u00e3o patenteada e registrada no Instituto Nacional de Propriedade Industrial Professor do CEng vence edital para professor visitante na Uni\u00e3o Europeia<\/p>\n","protected":false},"author":989,"featured_media":0,"parent":0,"menu_order":0,"comment_status":"closed","ping_status":"closed","template":"","meta":{"footnotes":""},"class_list":["post-772","page","type-page","status-publish","hentry"],"_links":{"self":[{"href":"https:\/\/wp.ufpel.edu.br\/leae\/wp-json\/wp\/v2\/pages\/772","targetHints":{"allow":["GET"]}}],"collection":[{"href":"https:\/\/wp.ufpel.edu.br\/leae\/wp-json\/wp\/v2\/pages"}],"about":[{"href":"https:\/\/wp.ufpel.edu.br\/leae\/wp-json\/wp\/v2\/types\/page"}],"author":[{"embeddable":true,"href":"https:\/\/wp.ufpel.edu.br\/leae\/wp-json\/wp\/v2\/users\/989"}],"replies":[{"embeddable":true,"href":"https:\/\/wp.ufpel.edu.br\/leae\/wp-json\/wp\/v2\/comments?post=772"}],"version-history":[{"count":8,"href":"https:\/\/wp.ufpel.edu.br\/leae\/wp-json\/wp\/v2\/pages\/772\/revisions"}],"predecessor-version":[{"id":823,"href":"https:\/\/wp.ufpel.edu.br\/leae\/wp-json\/wp\/v2\/pages\/772\/revisions\/823"}],"wp:attachment":[{"href":"https:\/\/wp.ufpel.edu.br\/leae\/wp-json\/wp\/v2\/media?parent=772"}],"curies":[{"name":"wp","href":"https:\/\/api.w.org\/{rel}","templated":true}]}}