{"id":754,"date":"2020-04-02T00:31:20","date_gmt":"2020-04-02T03:31:20","guid":{"rendered":"https:\/\/wp.ufpel.edu.br\/leae\/?page_id=754"},"modified":"2020-05-21T10:53:44","modified_gmt":"2020-05-21T13:53:44","slug":"destaques-2","status":"publish","type":"page","link":"https:\/\/wp.ufpel.edu.br\/leae\/","title":{"rendered":"News"},"content":{"rendered":"<p>Oportunidade: Concurso Engenharia Ambiental em Frederico Westphalen com inscri\u00e7\u00f5es abertas at\u00e9 11\/06\/2020. Edital abaixo:<\/p>\n<p><a href=\"http:\/\/publicacoes.fundatec.com.br\/portal\/concursos\/584\/Edital_de_Abertura?idpub=481264&amp;fbclid=IwAR1-lwd_3-k2Noe_i4DdxuoKVGmCX0faRNydL36QFEdlKdrc1ojVg6xpGhA\">Edital<\/a><\/p>\n<p>&nbsp;<\/p>\n<p>Resultado final para bolsa de extens\u00e3o, Edital 2571\/2020, professor Willian Nadaleti:<\/p>\n<p><a href=\"https:\/\/wp.ufpel.edu.br\/leae\/files\/2020\/05\/2020Resultado-do-Edital-2571.pdf\">2020Resultado do Edital 2571<\/a><\/p>\n<p>&nbsp;<\/p>\n<p>Oportunidade de bolsa em projeto de extens\u00e3o do prof Willian Nadaleti.<\/p>\n<p>Edital abaixo:<\/p>\n<p><img class=\"alignnone size-medium wp-image-813\" src=\"https:\/\/wp.ufpel.edu.br\/leae\/files\/2020\/05\/Screen-Shot-2020-05-06-at-09.20.38-270x400.png\" alt=\"\" width=\"270\" height=\"400\" srcset=\"https:\/\/wp.ufpel.edu.br\/leae\/files\/2020\/05\/Screen-Shot-2020-05-06-at-09.20.38-270x400.png 270w, https:\/\/wp.ufpel.edu.br\/leae\/files\/2020\/05\/Screen-Shot-2020-05-06-at-09.20.38-691x1024.png 691w, https:\/\/wp.ufpel.edu.br\/leae\/files\/2020\/05\/Screen-Shot-2020-05-06-at-09.20.38-768x1138.png 768w, https:\/\/wp.ufpel.edu.br\/leae\/files\/2020\/05\/Screen-Shot-2020-05-06-at-09.20.38-1037x1536.png 1037w, https:\/\/wp.ufpel.edu.br\/leae\/files\/2020\/05\/Screen-Shot-2020-05-06-at-09.20.38.png 1100w\" sizes=\"(max-width: 270px) 100vw, 270px\" \/><img class=\"alignnone size-medium wp-image-814\" src=\"https:\/\/wp.ufpel.edu.br\/leae\/files\/2020\/05\/Screen-Shot-2020-05-06-at-09.20.53-400x278.png\" alt=\"\" width=\"400\" height=\"278\" srcset=\"https:\/\/wp.ufpel.edu.br\/leae\/files\/2020\/05\/Screen-Shot-2020-05-06-at-09.20.53-400x278.png 400w, https:\/\/wp.ufpel.edu.br\/leae\/files\/2020\/05\/Screen-Shot-2020-05-06-at-09.20.53-1024x712.png 1024w, https:\/\/wp.ufpel.edu.br\/leae\/files\/2020\/05\/Screen-Shot-2020-05-06-at-09.20.53-768x534.png 768w, https:\/\/wp.ufpel.edu.br\/leae\/files\/2020\/05\/Screen-Shot-2020-05-06-at-09.20.53-1536x1068.png 1536w, https:\/\/wp.ufpel.edu.br\/leae\/files\/2020\/05\/Screen-Shot-2020-05-06-at-09.20.53-2048x1424.png 2048w\" sizes=\"(max-width: 400px) 100vw, 400px\" \/><\/p>\n<p>&nbsp;<\/p>\n<p>\u00daltimo paper publicado:<\/p>\n<p><a href=\"https:\/\/www.sciencedirect.com\/science\/article\/abs\/pii\/S0360319919332185?via%3Dihub\"><img class=\"alignnone wp-image-498\" src=\"https:\/\/wp.ufpel.edu.br\/leae\/files\/2020\/03\/Screen-Shot-2020-03-28-at-17.59.48-400x237.png\" alt=\"\" width=\"525\" height=\"311\" srcset=\"https:\/\/wp.ufpel.edu.br\/leae\/files\/2020\/03\/Screen-Shot-2020-03-28-at-17.59.48-400x237.png 400w, https:\/\/wp.ufpel.edu.br\/leae\/files\/2020\/03\/Screen-Shot-2020-03-28-at-17.59.48-1024x608.png 1024w, https:\/\/wp.ufpel.edu.br\/leae\/files\/2020\/03\/Screen-Shot-2020-03-28-at-17.59.48-768x456.png 768w, https:\/\/wp.ufpel.edu.br\/leae\/files\/2020\/03\/Screen-Shot-2020-03-28-at-17.59.48.png 1382w\" sizes=\"(max-width: 525px) 100vw, 525px\" \/><\/a><\/p>\n<blockquote class=\"wp-embedded-content\" data-secret=\"oYMjoO5HdQ\"><p><a href=\"https:\/\/wp.ufpel.edu.br\/ppgcamb\/2020\/03\/24\/professor-do-ppgcamb-tem-invencao-patenteada-e-registrada-no-instituto-nacional-de-propriedade-industrial\/\">Professor do PPGCAmb tem inven\u00e7\u00e3o patenteada e registrada no Instituto Nacional de Propriedade Industrial<\/a><\/p><\/blockquote>\n<p><iframe class=\"wp-embedded-content\" sandbox=\"allow-scripts\" security=\"restricted\" style=\"position: absolute; clip: rect(1px, 1px, 1px, 1px);\" title=\"&#8220;Professor do PPGCAmb tem inven\u00e7\u00e3o patenteada e registrada no Instituto Nacional de Propriedade Industrial&#8221; &#8212; PPGCAmb\" src=\"https:\/\/wp.ufpel.edu.br\/ppgcamb\/2020\/03\/24\/professor-do-ppgcamb-tem-invencao-patenteada-e-registrada-no-instituto-nacional-de-propriedade-industrial\/embed\/#?secret=tTUtnKmvAj#?secret=oYMjoO5HdQ\" data-secret=\"oYMjoO5HdQ\" width=\"500\" height=\"282\" frameborder=\"0\" marginwidth=\"0\" marginheight=\"0\" scrolling=\"no\"><\/iframe><\/p>\n<p>&nbsp;<\/p>\n<blockquote class=\"wp-embedded-content\" data-secret=\"4NIeFbzRQK\"><p><a href=\"https:\/\/wp.ufpel.edu.br\/ceng\/professor-do-ceng-vence-edital-para-professor-visitante-na-uniao-europeia\/\">Professor do CEng vence edital para professor visitante na Uni\u00e3o Europeia<\/a><\/p><\/blockquote>\n<p><iframe class=\"wp-embedded-content\" sandbox=\"allow-scripts\" security=\"restricted\" style=\"position: absolute; clip: rect(1px, 1px, 1px, 1px);\" title=\"&#8220;Professor do CEng vence edital para professor visitante na Uni\u00e3o Europeia&#8221; &#8212; Centro de Engenharias\" src=\"https:\/\/wp.ufpel.edu.br\/ceng\/professor-do-ceng-vence-edital-para-professor-visitante-na-uniao-europeia\/embed\/#?secret=vubjh3xALX#?secret=4NIeFbzRQK\" data-secret=\"4NIeFbzRQK\" width=\"500\" height=\"282\" frameborder=\"0\" marginwidth=\"0\" marginheight=\"0\" scrolling=\"no\"><\/iframe><\/p>\n<p>&nbsp;<\/p>\n","protected":false},"excerpt":{"rendered":"<p>Oportunidade: Concurso Engenharia Ambiental em Frederico Westphalen com inscri\u00e7\u00f5es abertas at\u00e9 11\/06\/2020. Edital abaixo: Edital &nbsp; Resultado final para bolsa de extens\u00e3o, Edital 2571\/2020, professor Willian Nadaleti: 2020Resultado do Edital 2571 &nbsp; Oportunidade de bolsa em projeto de extens\u00e3o do prof Willian Nadaleti. Edital abaixo: &nbsp; \u00daltimo paper publicado: Professor do PPGCAmb tem inven\u00e7\u00e3o patenteada [&hellip;]<\/p>\n","protected":false},"author":989,"featured_media":0,"parent":0,"menu_order":0,"comment_status":"closed","ping_status":"closed","template":"","meta":{"footnotes":""},"class_list":["post-754","page","type-page","status-publish","hentry"],"_links":{"self":[{"href":"https:\/\/wp.ufpel.edu.br\/leae\/wp-json\/wp\/v2\/pages\/754","targetHints":{"allow":["GET"]}}],"collection":[{"href":"https:\/\/wp.ufpel.edu.br\/leae\/wp-json\/wp\/v2\/pages"}],"about":[{"href":"https:\/\/wp.ufpel.edu.br\/leae\/wp-json\/wp\/v2\/types\/page"}],"author":[{"embeddable":true,"href":"https:\/\/wp.ufpel.edu.br\/leae\/wp-json\/wp\/v2\/users\/989"}],"replies":[{"embeddable":true,"href":"https:\/\/wp.ufpel.edu.br\/leae\/wp-json\/wp\/v2\/comments?post=754"}],"version-history":[{"count":20,"href":"https:\/\/wp.ufpel.edu.br\/leae\/wp-json\/wp\/v2\/pages\/754\/revisions"}],"predecessor-version":[{"id":832,"href":"https:\/\/wp.ufpel.edu.br\/leae\/wp-json\/wp\/v2\/pages\/754\/revisions\/832"}],"wp:attachment":[{"href":"https:\/\/wp.ufpel.edu.br\/leae\/wp-json\/wp\/v2\/media?parent=754"}],"curies":[{"name":"wp","href":"https:\/\/api.w.org\/{rel}","templated":true}]}}