{"id":67,"date":"2020-03-26T16:40:14","date_gmt":"2020-03-26T19:40:14","guid":{"rendered":"https:\/\/wp.ufpel.edu.br\/leae\/?page_id=67"},"modified":"2023-09-26T13:20:35","modified_gmt":"2023-09-26T16:20:35","slug":"discentes","status":"publish","type":"page","link":"https:\/\/wp.ufpel.edu.br\/leae\/discentes\/","title":{"rendered":"Discentes"},"content":{"rendered":"<p><strong>Inicia\u00e7\u00e3o Cient\u00edfica<\/strong><\/p>\n<p><img class=\"alignnone size-full wp-image-845\" src=\"https:\/\/wp.ufpel.edu.br\/leae\/files\/2023\/09\/342382297_1475244623304927_7165667306051811389_n.jpg\" alt=\"\" width=\"150\" height=\"150\" \/>\u00a0 \u00a0 \u00a0Bruno Alexander\u00a0 \u00a0<a href=\"http:\/\/lattes.cnpq.br\/9110044554202397\">Lattes<\/a><\/p>\n<p><img class=\"alignnone wp-image-854\" src=\"https:\/\/wp.ufpel.edu.br\/leae\/files\/2023\/09\/WhatsApp-Image-2023-09-25-at-9.34.09-AM-200x200.jpeg\" alt=\"\" width=\"150\" height=\"149\" srcset=\"https:\/\/wp.ufpel.edu.br\/leae\/files\/2023\/09\/WhatsApp-Image-2023-09-25-at-9.34.09-AM-200x200.jpeg 200w, https:\/\/wp.ufpel.edu.br\/leae\/files\/2023\/09\/WhatsApp-Image-2023-09-25-at-9.34.09-AM-400x398.jpeg 400w, https:\/\/wp.ufpel.edu.br\/leae\/files\/2023\/09\/WhatsApp-Image-2023-09-25-at-9.34.09-AM-1024x1018.jpeg 1024w, https:\/\/wp.ufpel.edu.br\/leae\/files\/2023\/09\/WhatsApp-Image-2023-09-25-at-9.34.09-AM-768x764.jpeg 768w, https:\/\/wp.ufpel.edu.br\/leae\/files\/2023\/09\/WhatsApp-Image-2023-09-25-at-9.34.09-AM.jpeg 1080w\" sizes=\"(max-width: 150px) 100vw, 150px\" \/>\u00a0 \u00a0 \u00a0Jeferson Peres Gomes\u00a0 \u00a0<a href=\"http:\/\/lattes.cnpq.br\/0867195561502135\">Lattes<\/a><\/p>\n<p><img class=\"alignnone wp-image-855\" src=\"https:\/\/wp.ufpel.edu.br\/leae\/files\/2023\/09\/WhatsApp-Image-2023-09-19-at-12.18.07-PM-200x200.jpeg\" alt=\"\" width=\"150\" height=\"292\" \/>\u00a0 \u00a0 \u00a0Thalia Souza<\/p>\n<p><img class=\"alignnone wp-image-862\" src=\"https:\/\/wp.ufpel.edu.br\/leae\/files\/2023\/09\/WhatsApp-Image-2023-09-25-at-9.44.15-AM-e1695646287398-200x200.jpeg\" alt=\"\" width=\"150\" height=\"148\" srcset=\"https:\/\/wp.ufpel.edu.br\/leae\/files\/2023\/09\/WhatsApp-Image-2023-09-25-at-9.44.15-AM-e1695646287398-400x396.jpeg 400w, https:\/\/wp.ufpel.edu.br\/leae\/files\/2023\/09\/WhatsApp-Image-2023-09-25-at-9.44.15-AM-e1695646287398.jpeg 720w\" sizes=\"(max-width: 150px) 100vw, 150px\" \/>\u00a0 \u00a0 \u00a0 Ysla Pereira<\/p>\n<p>&nbsp;<\/p>\n<p><strong>Inicia\u00e7\u00e3o Cient\u00edfica (ex alunos)<\/strong><\/p>\n<p><img class=\"alignnone wp-image-432\" src=\"https:\/\/wp.ufpel.edu.br\/leae\/files\/2020\/03\/Screen-Shot-2020-03-28-at-11.34.54.png\" alt=\"\" width=\"142\" height=\"146\" \/>\u00a0 \u00a0 \u00a0 Ana\u00eds de Matos \u00a0 \u00a0 \u00a0<a href=\"http:\/\/lattes.cnpq.br\/4972641617559480\">Lattes<\/a><\/p>\n<p><img class=\"alignnone wp-image-255 \" src=\"https:\/\/wp.ufpel.edu.br\/leae\/files\/2020\/03\/servletrecuperafoto-4-200x200.jpg\" alt=\"\" width=\"142\" height=\"142\" \/>\u00a0 \u00a0 \u00a0 \u00a0Anderson Gabriel Corr\u00eaa\u00a0 \u00a0 \u00a0<a href=\"http:\/\/lattes.cnpq.br\/2298804444477902\" target=\"_blank\" rel=\"noopener noreferrer\">Lattes<\/a><\/p>\n<p><img class=\"alignnone wp-image-355\" src=\"https:\/\/wp.ufpel.edu.br\/leae\/files\/2020\/03\/gabriel-400x400.jpg\" alt=\"\" width=\"145\" height=\"145\" srcset=\"https:\/\/wp.ufpel.edu.br\/leae\/files\/2020\/03\/gabriel-400x400.jpg 400w, https:\/\/wp.ufpel.edu.br\/leae\/files\/2020\/03\/gabriel-1024x1022.jpg 1024w, https:\/\/wp.ufpel.edu.br\/leae\/files\/2020\/03\/gabriel-200x200.jpg 200w, https:\/\/wp.ufpel.edu.br\/leae\/files\/2020\/03\/gabriel-768x766.jpg 768w, https:\/\/wp.ufpel.edu.br\/leae\/files\/2020\/03\/gabriel.jpg 1280w\" sizes=\"(max-width: 145px) 100vw, 145px\" \/>\u00a0 \u00a0 \u00a0Gabriel Am\u00e9rico \u00a0 \u00a0 \u00a0\u00a0<a href=\"http:\/\/lattes.cnpq.br\/6098809947083490\">Lattes<\/a><\/p>\n<p><img class=\"alignnone wp-image-258 \" src=\"https:\/\/wp.ufpel.edu.br\/leae\/files\/2020\/03\/servletrecuperafoto-5-1-200x200.jpg\" alt=\"\" width=\"145\" height=\"145\" \/>\u00a0 \u00a0 \u00a0 Larissa Aldrighi da Silva\u00a0 \u00a0 \u00a0<a href=\"http:\/\/lattes.cnpq.br\/1786513412610267\" target=\"_blank\" rel=\"noopener noreferrer\">Lattes<\/a><\/p>\n<p><img class=\"alignnone wp-image-262\" src=\"https:\/\/wp.ufpel.edu.br\/leae\/files\/2020\/03\/servletrecuperafoto-7-329x400.jpg\" alt=\"\" width=\"145\" height=\"176\" srcset=\"https:\/\/wp.ufpel.edu.br\/leae\/files\/2020\/03\/servletrecuperafoto-7-329x400.jpg 329w, https:\/\/wp.ufpel.edu.br\/leae\/files\/2020\/03\/servletrecuperafoto-7.jpg 768w\" sizes=\"(max-width: 145px) 100vw, 145px\" \/>\u00a0 \u00a0 \u00a0 Leticia Brandao Caldas\u00a0 \u00a0 \u00a0<a href=\"http:\/\/lattes.cnpq.br\/3148145827063347\" target=\"_blank\" rel=\"noopener noreferrer\">Lattes<\/a><\/p>\n<p><img class=\"alignnone wp-image-260 \" src=\"https:\/\/wp.ufpel.edu.br\/leae\/files\/2020\/03\/servletrecuperafoto-6-200x200.jpg\" alt=\"\" width=\"144\" height=\"144\" \/>\u00a0 \u00a0 \u00a0 Lismara Carvalho Marques\u00a0 \u00a0 \u00a0 <a href=\"http:\/\/lattes.cnpq.br\/3893740761073532\" target=\"_blank\" rel=\"noopener noreferrer\">Lattes<\/a><\/p>\n<p><img class=\"alignnone wp-image-354\" src=\"https:\/\/wp.ufpel.edu.br\/leae\/files\/2020\/03\/luciano-364x400.jpg\" alt=\"\" width=\"145\" height=\"160\" srcset=\"https:\/\/wp.ufpel.edu.br\/leae\/files\/2020\/03\/luciano-364x400.jpg 364w, https:\/\/wp.ufpel.edu.br\/leae\/files\/2020\/03\/luciano-932x1024.jpg 932w, https:\/\/wp.ufpel.edu.br\/leae\/files\/2020\/03\/luciano-768x844.jpg 768w, https:\/\/wp.ufpel.edu.br\/leae\/files\/2020\/03\/luciano.jpg 992w\" sizes=\"(max-width: 145px) 100vw, 145px\" \/>\u00a0 \u00a0\u00a0\u00a0 Luciano Borges \u00a0 \u00a0 \u00a0\u00a0<a href=\".\">Lattes<\/a><\/p>\n<p><img class=\"alignnone wp-image-253 \" src=\"https:\/\/wp.ufpel.edu.br\/leae\/files\/2020\/03\/servletrecuperafoto-3-200x200.jpg\" alt=\"\" width=\"145\" height=\"145\" \/>\u00a0 \u00a0 \u00a0 Renan Freitas dos Santos\u00a0 \u00a0 \u00a0<a href=\"http:\/\/lattes.cnpq.br\/5554896977518652\" target=\"_blank\" rel=\"noopener noreferrer\">Lattes<\/a><\/p>\n<p><img class=\"alignnone wp-image-293\" src=\"https:\/\/wp.ufpel.edu.br\/leae\/files\/2020\/03\/vict.png\" alt=\"\" width=\"145\" height=\"163\" \/>\u00a0 \u00a0 \u00a0 Victoria Hunch Duarte \u00a0 \u00a0 \u00a0<a href=\".\">Lattes<\/a><\/p>\n<p>&nbsp;<\/p>\n<p><strong>Mestrado<\/strong><\/p>\n<p><img class=\"alignnone wp-image-838\" src=\"https:\/\/wp.ufpel.edu.br\/leae\/files\/2020\/08\/107402297_150100083353936_6155607447677939049_n-400x400.jpg\" alt=\"\" width=\"142\" height=\"142\" srcset=\"https:\/\/wp.ufpel.edu.br\/leae\/files\/2020\/08\/107402297_150100083353936_6155607447677939049_n-400x400.jpg 400w, https:\/\/wp.ufpel.edu.br\/leae\/files\/2020\/08\/107402297_150100083353936_6155607447677939049_n-200x200.jpg 200w, https:\/\/wp.ufpel.edu.br\/leae\/files\/2020\/08\/107402297_150100083353936_6155607447677939049_n.jpg 640w\" sizes=\"(max-width: 142px) 100vw, 142px\" \/>\u00a0 \u00a0 \u00a0 Bruno Piedras \u00a0 \u00a0 \u00a0 \u00a0<a href=\"http:\/\/lattes.cnpq.br\/7861212640591639\">Lattes<\/a><\/p>\n<p><img class=\"alignnone wp-image-857\" src=\"https:\/\/wp.ufpel.edu.br\/leae\/files\/2023\/09\/WhatsApp-Image-2023-09-25-at-9.46.14-AM-3-e1695647139696-200x200.jpeg\" alt=\"\" width=\"150\" height=\"149\" srcset=\"https:\/\/wp.ufpel.edu.br\/leae\/files\/2023\/09\/WhatsApp-Image-2023-09-25-at-9.46.14-AM-3-e1695647139696-200x200.jpeg 200w, https:\/\/wp.ufpel.edu.br\/leae\/files\/2023\/09\/WhatsApp-Image-2023-09-25-at-9.46.14-AM-3-e1695647139696-400x397.jpeg 400w, https:\/\/wp.ufpel.edu.br\/leae\/files\/2023\/09\/WhatsApp-Image-2023-09-25-at-9.46.14-AM-3-e1695647139696.jpeg 720w\" sizes=\"(max-width: 150px) 100vw, 150px\" \/>\u00a0 \u00a0 \u00a0 Eduarda Gomes \u00a0 \u00a0 <a href=\"http:\/\/buscatextual.cnpq.br\/buscatextual\/visualizacv.do?id=K8036935Z6\">Lattes<\/a><\/p>\n<p><img class=\"alignnone wp-image-858\" src=\"https:\/\/wp.ufpel.edu.br\/leae\/files\/2023\/09\/WhatsApp-Image-2023-09-25-at-9.46.14-AM-2-e1695646997941-200x200.jpeg\" alt=\"\" width=\"150\" height=\"149\" srcset=\"https:\/\/wp.ufpel.edu.br\/leae\/files\/2023\/09\/WhatsApp-Image-2023-09-25-at-9.46.14-AM-2-e1695646997941-200x200.jpeg 200w, https:\/\/wp.ufpel.edu.br\/leae\/files\/2023\/09\/WhatsApp-Image-2023-09-25-at-9.46.14-AM-2-e1695646997941-400x397.jpeg 400w, https:\/\/wp.ufpel.edu.br\/leae\/files\/2023\/09\/WhatsApp-Image-2023-09-25-at-9.46.14-AM-2-e1695646997941.jpeg 720w\" sizes=\"(max-width: 150px) 100vw, 150px\" \/>\u00a0 \u00a0 \u00a0Emanu\u00e9lle Cardozo\u00a0 \u00a0 \u00a0<a href=\"http:\/\/lattes.cnpq.br\/4412031535613532\">Lattes<\/a><\/p>\n<p><img class=\"alignnone wp-image-856\" src=\"https:\/\/wp.ufpel.edu.br\/leae\/files\/2023\/09\/WhatsApp-Image-2023-09-25-at-9.47.12-AM-e1695646660834-200x200.jpeg\" alt=\"\" width=\"150\" height=\"149\" srcset=\"https:\/\/wp.ufpel.edu.br\/leae\/files\/2023\/09\/WhatsApp-Image-2023-09-25-at-9.47.12-AM-e1695646660834-200x200.jpeg 200w, https:\/\/wp.ufpel.edu.br\/leae\/files\/2023\/09\/WhatsApp-Image-2023-09-25-at-9.47.12-AM-e1695646660834-400x398.jpeg 400w, https:\/\/wp.ufpel.edu.br\/leae\/files\/2023\/09\/WhatsApp-Image-2023-09-25-at-9.47.12-AM-e1695646660834.jpeg 720w\" sizes=\"(max-width: 150px) 100vw, 150px\" \/>\u00a0 \u00a0 \u00a0Rafael Moreira\u00a0 \u00a0 \u00a0<a href=\"http:\/\/lattes.cnpq.br\/5675088678330097\">Lattes<\/a><\/p>\n<p>&nbsp;<\/p>\n<p><strong>Mestrado (ex alunos)<\/strong><\/p>\n<p><img class=\"alignnone wp-image-264 \" src=\"https:\/\/wp.ufpel.edu.br\/leae\/files\/2020\/03\/servletrecuperafoto-8-200x200.jpg\" alt=\"\" width=\"145\" height=\"145\" \/>\u00a0 \u00a0 \u00a0 Arthur Sperotto Peruzzo\u00a0 \u00a0 \u00a0<a href=\"http:\/\/lattes.cnpq.br\/8664471157276675\" target=\"_blank\" rel=\"noopener noreferrer\">Lattes<\/a><\/p>\n<p><img class=\"alignnone wp-image-272\" src=\"https:\/\/wp.ufpel.edu.br\/leae\/files\/2020\/03\/servletrecuperafoto-11.jpg\" alt=\"\" width=\"145\" height=\"152\" \/>\u00a0 \u00a0 \u00a0 Atila da Silva Martins\u00a0 \u00a0 <a href=\"http:\/\/lattes.cnpq.br\/0597812803148633\">Lattes<\/a><\/p>\n<p>&nbsp;<\/p>\n<p><img class=\"alignnone wp-image-266\" src=\"https:\/\/wp.ufpel.edu.br\/leae\/files\/2020\/03\/daniel.png\" alt=\"\" width=\"145\" height=\"169\" \/>\u00a0 \u00a0 \u00a0 \u00a0Daniel Britto dos Santos\u00a0 \u00a0 \u00a0 <a href=\"http:\/\/lattes.cnpq.br\/6021088115532079\" target=\"_blank\" rel=\"noopener noreferrer\">Lattes<\/a><\/p>\n<p><img class=\"alignnone wp-image-306\" src=\"https:\/\/wp.ufpel.edu.br\/leae\/files\/2020\/03\/52918127_10218673633862280_2946742160881352704_n.jpg\" alt=\"\" width=\"145\" height=\"218\" \/>\u00a0 \u00a0 \u00a0 Denise dos Santos Vieira \u00a0\u00a0 <a href=\"http:\/\/Denise dos Santos Vieira\">Lattes<\/a><\/p>\n<p><img class=\"alignnone wp-image-268\" src=\"https:\/\/wp.ufpel.edu.br\/leae\/files\/2020\/03\/servletrecuperafoto-9.jpg\" alt=\"\" width=\"145\" height=\"196\" \/>\u00a0 \u00a0 \u00a0Gabriela Ponzi\u00a0 \u00a0 \u00a0<a href=\"http:\/\/lattes.cnpq.br\/1797337488859117\" target=\"_blank\" rel=\"noopener noreferrer\">Lattes<\/a><\/p>\n<p><img class=\"alignnone wp-image-296\" src=\"https:\/\/wp.ufpel.edu.br\/leae\/files\/2020\/03\/pp-400x400.jpg\" alt=\"\" width=\"145\" height=\"145\" srcset=\"https:\/\/wp.ufpel.edu.br\/leae\/files\/2020\/03\/pp-400x400.jpg 400w, https:\/\/wp.ufpel.edu.br\/leae\/files\/2020\/03\/pp-200x200.jpg 200w, https:\/\/wp.ufpel.edu.br\/leae\/files\/2020\/03\/pp.jpg 640w\" sizes=\"(max-width: 145px) 100vw, 145px\" \/>\u00a0 \u00a0 \u00a0 Luis Saldanha\u00a0 \u00a0 \u00a0<a href=\"http:\/\/lattes.cnpq.br\/5115081005879187\">Lattes<\/a><\/p>\n<p><img class=\"alignnone wp-image-270\" src=\"https:\/\/wp.ufpel.edu.br\/leae\/files\/2020\/03\/servletrecuperafoto-10-352x400.jpg\" alt=\"\" width=\"145\" height=\"165\" srcset=\"https:\/\/wp.ufpel.edu.br\/leae\/files\/2020\/03\/servletrecuperafoto-10-352x400.jpg 352w, https:\/\/wp.ufpel.edu.br\/leae\/files\/2020\/03\/servletrecuperafoto-10.jpg 546w\" sizes=\"(max-width: 145px) 100vw, 145px\" \/>\u00a0 \u00a0 Silvia Sim\u00f5es Adornes\u00a0 \u00a0\u00a0<a href=\"http:\/\/lattes.cnpq.br\/3396033544728555\" target=\"_blank\" rel=\"noopener noreferrer\">Lattes<\/a><\/p>\n<p>&nbsp;<\/p>\n<p><strong>Doutorado<\/strong><\/p>\n<p><img class=\"alignnone wp-image-861\" src=\"https:\/\/wp.ufpel.edu.br\/leae\/files\/2023\/09\/WhatsApp-Image-2023-09-25-at-9.45.47-AM-200x200.jpeg\" alt=\"\" width=\"150\" height=\"185\" srcset=\"https:\/\/wp.ufpel.edu.br\/leae\/files\/2023\/09\/WhatsApp-Image-2023-09-25-at-9.45.47-AM-324x400.jpeg 324w, https:\/\/wp.ufpel.edu.br\/leae\/files\/2023\/09\/WhatsApp-Image-2023-09-25-at-9.45.47-AM-830x1024.jpeg 830w, https:\/\/wp.ufpel.edu.br\/leae\/files\/2023\/09\/WhatsApp-Image-2023-09-25-at-9.45.47-AM-768x947.jpeg 768w, https:\/\/wp.ufpel.edu.br\/leae\/files\/2023\/09\/WhatsApp-Image-2023-09-25-at-9.45.47-AM.jpeg 1080w\" sizes=\"(max-width: 150px) 100vw, 150px\" \/>\u00a0 \u00a0 \u00a0Carolina da Silva Silva\u00a0 \u00a0 \u00a0<a href=\"http:\/\/lattes.cnpq.br\/5545643081710845\">Lattes<\/a><\/p>\n<p><img class=\"alignnone wp-image-860\" src=\"https:\/\/wp.ufpel.edu.br\/leae\/files\/2023\/09\/WhatsApp-Image-2023-09-25-at-9.46.14-AM-e1695647310697-200x200.jpeg\" alt=\"\" width=\"150\" height=\"149\" srcset=\"https:\/\/wp.ufpel.edu.br\/leae\/files\/2023\/09\/WhatsApp-Image-2023-09-25-at-9.46.14-AM-e1695647310697-200x200.jpeg 200w, https:\/\/wp.ufpel.edu.br\/leae\/files\/2023\/09\/WhatsApp-Image-2023-09-25-at-9.46.14-AM-e1695647310697-400x397.jpeg 400w, https:\/\/wp.ufpel.edu.br\/leae\/files\/2023\/09\/WhatsApp-Image-2023-09-25-at-9.46.14-AM-e1695647310697.jpeg 720w\" sizes=\"(max-width: 150px) 100vw, 150px\" \/>\u00a0 \u00a0 \u00a0Jones Bittencourt Machado\u00a0 \u00a0 \u00a0<a href=\"http:\/\/lattes.cnpq.br\/7285696532382677\">Lattes<\/a><\/p>\n<p><img class=\"alignnone wp-image-859\" src=\"https:\/\/wp.ufpel.edu.br\/leae\/files\/2023\/09\/WhatsApp-Image-2023-09-25-at-9.46.14-AM-1-e1695648466758-200x200.jpeg\" alt=\"\" width=\"150\" height=\"149\" srcset=\"https:\/\/wp.ufpel.edu.br\/leae\/files\/2023\/09\/WhatsApp-Image-2023-09-25-at-9.46.14-AM-1-e1695648466758-200x200.jpeg 200w, https:\/\/wp.ufpel.edu.br\/leae\/files\/2023\/09\/WhatsApp-Image-2023-09-25-at-9.46.14-AM-1-e1695648466758-400x397.jpeg 400w, https:\/\/wp.ufpel.edu.br\/leae\/files\/2023\/09\/WhatsApp-Image-2023-09-25-at-9.46.14-AM-1-e1695648466758.jpeg 720w\" sizes=\"(max-width: 150px) 100vw, 150px\" \/>\u00a0 \u00a0 \u00a0 Maele dos Santos\u00a0 \u00a0 \u00a0\u00a0<a href=\"http:\/\/lattes.cnpq.br\/6328026326213080\">Lattes<\/a><\/p>\n<p><img class=\"alignnone wp-image-442\" src=\"https:\/\/wp.ufpel.edu.br\/leae\/files\/2020\/03\/Screen-Shot-2020-03-28-at-12.40.38-400x336.png\" alt=\"\" width=\"150\" height=\"126\" srcset=\"https:\/\/wp.ufpel.edu.br\/leae\/files\/2020\/03\/Screen-Shot-2020-03-28-at-12.40.38-400x336.png 400w, https:\/\/wp.ufpel.edu.br\/leae\/files\/2020\/03\/Screen-Shot-2020-03-28-at-12.40.38-768x646.png 768w, https:\/\/wp.ufpel.edu.br\/leae\/files\/2020\/03\/Screen-Shot-2020-03-28-at-12.40.38.png 866w\" sizes=\"(max-width: 150px) 100vw, 150px\" \/>\u00a0 \u00a0 Paula Lem\u00f5es Haertel Wieth\u00a0 \u00a0 \u00a0<a href=\"http:\/\/lattes.cnpq.br\/6212541497364534\">Lattes<\/a><\/p>\n<p>&nbsp;<\/p>\n<p><strong>Doutorado (ex alunos)<\/strong><\/p>\n<p><img class=\"alignnone wp-image-433\" src=\"https:\/\/wp.ufpel.edu.br\/leae\/files\/2020\/03\/Screen-Shot-2020-03-28-at-11.38.05.png\" alt=\"\" width=\"145\" height=\"143\" \/>\u00a0 \u00a0 Juliano de Souza \u00a0 \u00a0 \u00a0<a href=\".\">Lattes<\/a><\/p>\n","protected":false},"excerpt":{"rendered":"<p>Inicia\u00e7\u00e3o Cient\u00edfica \u00a0 \u00a0 \u00a0Bruno Alexander\u00a0 \u00a0Lattes \u00a0 \u00a0 \u00a0Jeferson Peres Gomes\u00a0 \u00a0Lattes \u00a0 \u00a0 \u00a0Thalia Souza \u00a0 \u00a0 \u00a0 Ysla Pereira &nbsp; Inicia\u00e7\u00e3o Cient\u00edfica (ex alunos) \u00a0 \u00a0 \u00a0 Ana\u00eds de Matos \u00a0 \u00a0 \u00a0Lattes \u00a0 \u00a0 \u00a0 \u00a0Anderson Gabriel Corr\u00eaa\u00a0 \u00a0 \u00a0Lattes \u00a0 \u00a0 \u00a0Gabriel Am\u00e9rico \u00a0 \u00a0 \u00a0\u00a0Lattes \u00a0 \u00a0 \u00a0 Larissa [&hellip;]<\/p>\n","protected":false},"author":989,"featured_media":0,"parent":0,"menu_order":0,"comment_status":"closed","ping_status":"closed","template":"","meta":{"footnotes":""},"class_list":["post-67","page","type-page","status-publish","hentry"],"_links":{"self":[{"href":"https:\/\/wp.ufpel.edu.br\/leae\/wp-json\/wp\/v2\/pages\/67","targetHints":{"allow":["GET"]}}],"collection":[{"href":"https:\/\/wp.ufpel.edu.br\/leae\/wp-json\/wp\/v2\/pages"}],"about":[{"href":"https:\/\/wp.ufpel.edu.br\/leae\/wp-json\/wp\/v2\/types\/page"}],"author":[{"embeddable":true,"href":"https:\/\/wp.ufpel.edu.br\/leae\/wp-json\/wp\/v2\/users\/989"}],"replies":[{"embeddable":true,"href":"https:\/\/wp.ufpel.edu.br\/leae\/wp-json\/wp\/v2\/comments?post=67"}],"version-history":[{"count":42,"href":"https:\/\/wp.ufpel.edu.br\/leae\/wp-json\/wp\/v2\/pages\/67\/revisions"}],"predecessor-version":[{"id":880,"href":"https:\/\/wp.ufpel.edu.br\/leae\/wp-json\/wp\/v2\/pages\/67\/revisions\/880"}],"wp:attachment":[{"href":"https:\/\/wp.ufpel.edu.br\/leae\/wp-json\/wp\/v2\/media?parent=67"}],"curies":[{"name":"wp","href":"https:\/\/api.w.org\/{rel}","templated":true}]}}