{"id":664,"date":"2020-04-01T18:47:32","date_gmt":"2020-04-01T21:47:32","guid":{"rendered":"https:\/\/wp.ufpel.edu.br\/leae\/?page_id=664"},"modified":"2023-09-26T11:33:18","modified_gmt":"2023-09-26T14:33:18","slug":"o-laboratorio","status":"publish","type":"page","link":"https:\/\/wp.ufpel.edu.br\/leae\/o-laboratorio\/","title":{"rendered":"O Laborat\u00f3rio"},"content":{"rendered":"<p><img class=\"wp-image-571 aligncenter\" src=\"https:\/\/wp.ufpel.edu.br\/leae\/files\/2020\/04\/g11113-400x173.png\" alt=\"\" width=\"740\" height=\"320\" srcset=\"https:\/\/wp.ufpel.edu.br\/leae\/files\/2020\/04\/g11113-400x173.png 400w, https:\/\/wp.ufpel.edu.br\/leae\/files\/2020\/04\/g11113-1024x443.png 1024w, https:\/\/wp.ufpel.edu.br\/leae\/files\/2020\/04\/g11113-768x332.png 768w, https:\/\/wp.ufpel.edu.br\/leae\/files\/2020\/04\/g11113-1536x664.png 1536w, https:\/\/wp.ufpel.edu.br\/leae\/files\/2020\/04\/g11113-2048x886.png 2048w\" sizes=\"(max-width: 740px) 100vw, 740px\" \/><\/p>\n<p style=\"text-align: justify;\">\u00a0 \u00a0 \u00a0O\u00a0 LEAE iniciou suas atividades no ano de 2016. Localizado na sala 201 do Centro de Engenharias &#8211; CEng da Universidade Federal de Pelotas &#8211; UFPel,\u00a0 o LEAE \u00e9 composto por alunos de inicia\u00e7\u00e3o cient\u00edfica, mestrado e doutorado, al\u00e9m de volunt\u00e1rios que participam das pesquisas e dos projetos de extens\u00e3o e de ensino. No LEAE s\u00e3o desenvolvidas pesquisas nas \u00e1reas de Engenharia Ambiental e Engenharia de Energia.<\/p>\n<p style=\"text-align: justify;\">\u00a0 \u00a0 \u00a0Os professores integrantes do laborat\u00f3rio atuam como membros do colegiado do curso de gradua\u00e7\u00e3o em Engenharia Ambiental e Sanit\u00e1ria e do Programa de P\u00f3s-gradua\u00e7\u00e3o em Ci\u00eancias Ambientais do CEng, bem como nos demais cursos de gradua\u00e7\u00e3o da unidade, al\u00e9m de programas de p\u00f3s-gradua\u00e7\u00e3o da UFPel e de outras universidades em n\u00edvel de mestrado e doutorado.<\/p>\n<p style=\"text-align: justify;\">\u00a0<img class=\"alignnone wp-image-196\" src=\"https:\/\/wp.ufpel.edu.br\/leae\/files\/2020\/03\/e6055296-0008-49d6-a3db-03f5045411b2-300x400.jpg\" alt=\"\" width=\"95\" height=\"127\" srcset=\"https:\/\/wp.ufpel.edu.br\/leae\/files\/2020\/03\/e6055296-0008-49d6-a3db-03f5045411b2-300x400.jpg 300w, https:\/\/wp.ufpel.edu.br\/leae\/files\/2020\/03\/e6055296-0008-49d6-a3db-03f5045411b2-768x1024.jpg 768w, https:\/\/wp.ufpel.edu.br\/leae\/files\/2020\/03\/e6055296-0008-49d6-a3db-03f5045411b2.jpg 780w\" sizes=\"(max-width: 95px) 100vw, 95px\" \/>\u00a0<img class=\"alignnone wp-image-194\" src=\"https:\/\/wp.ufpel.edu.br\/leae\/files\/2020\/03\/db692149-5783-40f1-9245-b9c274fa8cda-300x400.jpg\" alt=\"\" width=\"95\" height=\"127\" srcset=\"https:\/\/wp.ufpel.edu.br\/leae\/files\/2020\/03\/db692149-5783-40f1-9245-b9c274fa8cda-300x400.jpg 300w, https:\/\/wp.ufpel.edu.br\/leae\/files\/2020\/03\/db692149-5783-40f1-9245-b9c274fa8cda-768x1024.jpg 768w, https:\/\/wp.ufpel.edu.br\/leae\/files\/2020\/03\/db692149-5783-40f1-9245-b9c274fa8cda.jpg 780w\" sizes=\"(max-width: 95px) 100vw, 95px\" \/> <img class=\"alignnone wp-image-188\" src=\"https:\/\/wp.ufpel.edu.br\/leae\/files\/2020\/03\/c65bb161-da61-4730-bc5c-5e6bcac72e46-300x400.jpg\" alt=\"\" width=\"95\" height=\"127\" srcset=\"https:\/\/wp.ufpel.edu.br\/leae\/files\/2020\/03\/c65bb161-da61-4730-bc5c-5e6bcac72e46-300x400.jpg 300w, https:\/\/wp.ufpel.edu.br\/leae\/files\/2020\/03\/c65bb161-da61-4730-bc5c-5e6bcac72e46-768x1024.jpg 768w, https:\/\/wp.ufpel.edu.br\/leae\/files\/2020\/03\/c65bb161-da61-4730-bc5c-5e6bcac72e46.jpg 780w\" sizes=\"(max-width: 95px) 100vw, 95px\" \/> <img class=\"alignnone wp-image-184\" src=\"https:\/\/wp.ufpel.edu.br\/leae\/files\/2020\/03\/afef5cd1-cc88-4ce4-87e5-c04424f29660-300x400.jpg\" alt=\"\" width=\"95\" height=\"126\" srcset=\"https:\/\/wp.ufpel.edu.br\/leae\/files\/2020\/03\/afef5cd1-cc88-4ce4-87e5-c04424f29660-300x400.jpg 300w, https:\/\/wp.ufpel.edu.br\/leae\/files\/2020\/03\/afef5cd1-cc88-4ce4-87e5-c04424f29660-768x1024.jpg 768w, https:\/\/wp.ufpel.edu.br\/leae\/files\/2020\/03\/afef5cd1-cc88-4ce4-87e5-c04424f29660.jpg 780w\" sizes=\"(max-width: 95px) 100vw, 95px\" \/> <img class=\"alignnone wp-image-178\" src=\"https:\/\/wp.ufpel.edu.br\/leae\/files\/2020\/03\/6864ac67-29eb-4baa-a53a-dacf22cd52af-300x400.jpg\" alt=\"\" width=\"95\" height=\"127\" srcset=\"https:\/\/wp.ufpel.edu.br\/leae\/files\/2020\/03\/6864ac67-29eb-4baa-a53a-dacf22cd52af-300x400.jpg 300w, https:\/\/wp.ufpel.edu.br\/leae\/files\/2020\/03\/6864ac67-29eb-4baa-a53a-dacf22cd52af-768x1024.jpg 768w, https:\/\/wp.ufpel.edu.br\/leae\/files\/2020\/03\/6864ac67-29eb-4baa-a53a-dacf22cd52af.jpg 780w\" sizes=\"(max-width: 95px) 100vw, 95px\" \/> <img class=\"alignnone wp-image-189\" src=\"https:\/\/wp.ufpel.edu.br\/leae\/files\/2020\/03\/d2a65aec-44f5-49fb-a0ec-035264e2efde-300x400.jpg\" alt=\"\" width=\"95\" height=\"126\" srcset=\"https:\/\/wp.ufpel.edu.br\/leae\/files\/2020\/03\/d2a65aec-44f5-49fb-a0ec-035264e2efde-300x400.jpg 300w, https:\/\/wp.ufpel.edu.br\/leae\/files\/2020\/03\/d2a65aec-44f5-49fb-a0ec-035264e2efde-768x1024.jpg 768w, https:\/\/wp.ufpel.edu.br\/leae\/files\/2020\/03\/d2a65aec-44f5-49fb-a0ec-035264e2efde.jpg 780w\" sizes=\"(max-width: 95px) 100vw, 95px\" \/><\/p>\n","protected":false},"excerpt":{"rendered":"<p>\u00a0 \u00a0 \u00a0O\u00a0 LEAE iniciou suas atividades no ano de 2016. Localizado na sala 201 do Centro de Engenharias &#8211; CEng da Universidade Federal de Pelotas &#8211; UFPel,\u00a0 o LEAE \u00e9 composto por alunos de inicia\u00e7\u00e3o cient\u00edfica, mestrado e doutorado, al\u00e9m de volunt\u00e1rios que participam das pesquisas e dos projetos de extens\u00e3o e de ensino. [&hellip;]<\/p>\n","protected":false},"author":989,"featured_media":0,"parent":0,"menu_order":0,"comment_status":"closed","ping_status":"closed","template":"","meta":{"footnotes":""},"class_list":["post-664","page","type-page","status-publish","hentry"],"_links":{"self":[{"href":"https:\/\/wp.ufpel.edu.br\/leae\/wp-json\/wp\/v2\/pages\/664","targetHints":{"allow":["GET"]}}],"collection":[{"href":"https:\/\/wp.ufpel.edu.br\/leae\/wp-json\/wp\/v2\/pages"}],"about":[{"href":"https:\/\/wp.ufpel.edu.br\/leae\/wp-json\/wp\/v2\/types\/page"}],"author":[{"embeddable":true,"href":"https:\/\/wp.ufpel.edu.br\/leae\/wp-json\/wp\/v2\/users\/989"}],"replies":[{"embeddable":true,"href":"https:\/\/wp.ufpel.edu.br\/leae\/wp-json\/wp\/v2\/comments?post=664"}],"version-history":[{"count":3,"href":"https:\/\/wp.ufpel.edu.br\/leae\/wp-json\/wp\/v2\/pages\/664\/revisions"}],"predecessor-version":[{"id":875,"href":"https:\/\/wp.ufpel.edu.br\/leae\/wp-json\/wp\/v2\/pages\/664\/revisions\/875"}],"wp:attachment":[{"href":"https:\/\/wp.ufpel.edu.br\/leae\/wp-json\/wp\/v2\/media?parent=664"}],"curies":[{"name":"wp","href":"https:\/\/api.w.org\/{rel}","templated":true}]}}