{"id":650,"date":"2020-04-01T15:47:19","date_gmt":"2020-04-01T18:47:19","guid":{"rendered":"https:\/\/wp.ufpel.edu.br\/leae\/?page_id=650"},"modified":"2020-04-01T15:48:27","modified_gmt":"2020-04-01T18:48:27","slug":"publications","status":"publish","type":"page","link":"https:\/\/wp.ufpel.edu.br\/leae\/en\/publications\/","title":{"rendered":"Publications"},"content":{"rendered":"<p><em><strong>Full papers published in journals<\/strong><\/em><\/p>\n<p><strong>2020<\/strong><\/p>\n<ul>\n<li>Pollutant emissions, performance and combustion behaviour assessment of an Si gas engine fuelled with Lcv gas containing carbon monoxide and hydrogen diluted by nitrogen.\u00a0<a href=\"http:\/\/dx.doi.org\/10.1016\/j.ijhydene.2019.12.117\" target=\"_blank\" rel=\"noopener noreferrer\">See more<\/a><\/li>\n<li>The analysis of green roof&#8217;s runoff volumes and its water quality in an experimental study in Porto Alegre, Southern Brazil.\u00a0<a href=\"http:\/\/dx.doi.org\/10.1007\/s11356-019-06777-5\" target=\"_blank\" rel=\"noopener noreferrer\">See more<\/a><\/li>\n<li>National potential production of methane and electrical energy from sugarcane vinasse in Brazil: A thermo-economic analysis.\u00a0<a href=\"https:\/\/www.sciencedirect.com\/science\/article\/abs\/pii\/S2213343719305457\">See more<\/a><\/li>\n<li>The potential and economic viability of hydrogen production from the use of hydroelectric and wind farms surplus energy in Brazil: A national and pioneering analysis.\u00a0<a href=\"https:\/\/www.sciencedirect.com\/science\/article\/abs\/pii\/S0360319919332185?via%3Dihub\">See more<\/a><\/li>\n<li>Efluente da parboiliza\u00e7\u00e3o de arroz como cosubstrato em biodigest\u00e3o anaer\u00f3bia de efluente de latic\u00ednios.\u00a0<a href=\"https:\/\/periodicos.ufpel.edu.br\/ojs2\/index.php\/RBES\/article\/view\/14666\" target=\"_blank\" rel=\"noopener noreferrer\">See more<\/a><\/li>\n<li>H2S adsorption on nanostructured iron oxide at room temperature for biogas purification: application of renewable energy.\u00a0<a href=\"https:\/\/doi.org\/10.1016\/j.renene.2020.02.054\" target=\"_blank\" rel=\"noopener noreferrer\">See more<\/a><\/li>\n<li>The potential and economic viability of hydrogen production from the use of hydroelectric and wind farms surplus energy in Brazil: A national and pioneering analysis.\u00a0<a href=\"https:\/\/doi.org\/10.1016\/j.ijhydene.2019.08.199\" target=\"_blank\" rel=\"noopener noreferrer\">See more<\/a><\/li>\n<\/ul>\n<p><strong>2019<\/strong><\/p>\n<ul>\n<li>Utilization of residues from rice parboiling industries in southern Brazil for biogas and hydrogen-syngas generation: Heat, electricity and energy planning.\u00a0<a href=\"https:\/\/www.sciencedirect.com\/science\/article\/abs\/pii\/S0960148118307997?via%3Dihub\">See more<\/a><\/li>\n<li>Analysis of emissions and combustion of typical biofuels generated in the agroindustry sector of Rio Grande do Sul State &#8211; Brazil: Bio75, syngas and blends.\u00a0<a href=\"https:\/\/www.sciencedirect.com\/science\/article\/abs\/pii\/S0960148118307997?via%3Dihub\">See more<\/a><\/li>\n<li>Analytical comparison of emissions before and after using a three-way catalyzer connected to an SI gas engine operating with methane, natural gas, biogas, and different syngas content. <a href=\"https:\/\/onlinelibrary.wiley.com\/doi\/abs\/10.1002\/bbb.1994\">See more<\/a><\/li>\n<li>Production of biodiesel using oil obtained from fish processing residue by conventional methods assisted by ultrasonic waves: heating and stirring.\u00a0<a href=\"https:\/\/www.sciencedirect.com\/science\/article\/abs\/pii\/S0960148119307529?via%3Dihub\">See more<\/a><\/li>\n<li>Produ\u00e7\u00e3o de metano via codigest\u00e3o anaer\u00f3bia de efluentes das ind\u00fastrias de arroz parboilizado e latic\u00ednios.\u00a0<a href=\"https:\/\/www.semanticscholar.org\/paper\/Produ\u00e7\u00e3o-de-metano-via-codigest\u00e3o-anaer\u00f3bia-de-das-Nadaleti-Louren\u00e7o\/0aebd409ace74a9ff0f52be81fdf687840d5c5b3\">See more<\/a><\/li>\n<li>Chemical synthesis of materials based on calcium zirconate for solid oxide fuel cells (SOFC).\u00a0<a href=\"http:\/\/dx.doi.org\/10.1002\/ep.13243\">See more<\/a><\/li>\n<li>Evaluation and teaching strategies in disciplines in engineering courses at the Federal University of Pelotas: transport phenomena and fluid mechanics. <a href=\"http:\/\/revista.educacao.ws\/revista\/index.php\/abenge\/issue\/view\/148\">See more<\/a><\/li>\n<li>The perception of municipal managers on the management of urban solid waste.\u00a0<a href=\"https:\/\/periodicos.ufsm.br\/cienciaenatura\/article\/view\/36303\">See more<\/a><\/li>\n<\/ul>\n","protected":false},"excerpt":{"rendered":"<p>Full papers published in journals 2020 Pollutant emissions, performance and combustion behaviour assessment of an Si gas engine fuelled with Lcv gas containing carbon monoxide and hydrogen diluted by nitrogen.\u00a0See more The analysis of green roof&#8217;s runoff volumes and its water quality in an experimental study in Porto Alegre, Southern Brazil.\u00a0See more National potential production [&hellip;]<\/p>\n","protected":false},"author":989,"featured_media":0,"parent":0,"menu_order":0,"comment_status":"closed","ping_status":"closed","template":"","meta":{"footnotes":""},"class_list":["post-650","page","type-page","status-publish","hentry"],"_links":{"self":[{"href":"https:\/\/wp.ufpel.edu.br\/leae\/wp-json\/wp\/v2\/pages\/650","targetHints":{"allow":["GET"]}}],"collection":[{"href":"https:\/\/wp.ufpel.edu.br\/leae\/wp-json\/wp\/v2\/pages"}],"about":[{"href":"https:\/\/wp.ufpel.edu.br\/leae\/wp-json\/wp\/v2\/types\/page"}],"author":[{"embeddable":true,"href":"https:\/\/wp.ufpel.edu.br\/leae\/wp-json\/wp\/v2\/users\/989"}],"replies":[{"embeddable":true,"href":"https:\/\/wp.ufpel.edu.br\/leae\/wp-json\/wp\/v2\/comments?post=650"}],"version-history":[{"count":1,"href":"https:\/\/wp.ufpel.edu.br\/leae\/wp-json\/wp\/v2\/pages\/650\/revisions"}],"predecessor-version":[{"id":652,"href":"https:\/\/wp.ufpel.edu.br\/leae\/wp-json\/wp\/v2\/pages\/650\/revisions\/652"}],"wp:attachment":[{"href":"https:\/\/wp.ufpel.edu.br\/leae\/wp-json\/wp\/v2\/media?parent=650"}],"curies":[{"name":"wp","href":"https:\/\/api.w.org\/{rel}","templated":true}]}}