{"id":54,"date":"2020-03-26T16:38:42","date_gmt":"2020-03-26T19:38:42","guid":{"rendered":"https:\/\/wp.ufpel.edu.br\/leae\/?page_id=54"},"modified":"2023-09-26T11:26:37","modified_gmt":"2023-09-26T14:26:37","slug":"linhas-de-pesquisa","status":"publish","type":"page","link":"https:\/\/wp.ufpel.edu.br\/leae\/linhas-de-pesquisa\/","title":{"rendered":"Linhas de Pesquisa"},"content":{"rendered":"<p>Os estudos desenvolvidos no LEAE s\u00e3o divididos em duas grandes \u00e1reas e duas linhas de pesquisa que se complementam:<\/p>\n<p style=\"text-align: justify;\"><strong>&#8211; \u00a0\u00c1rea I: Engenharia Ambiental<\/strong><\/p>\n<p style=\"text-align: justify;\">Na \u00e1rea de\u00a0<strong>Engenharia Ambiental<\/strong>, o LEAE desenvolve estudos referentes \u00e0 <strong>Polui\u00e7\u00e3o Atmosf\u00e9rica.<\/strong><\/p>\n<p style=\"text-align: justify;\">A linha de pesquisa\u00a0<strong>Polui\u00e7\u00e3o Atmosf\u00e9rica<\/strong>\u00a0\u00e9 coordenada pelo prof. Willian Nadaleti, onde s\u00e3o utilizadas ferramentas de fen\u00f4menos de transporte para avaliar a dispers\u00e3o de poluentes no ar, al\u00e9m de tecnologias de controle e uso de fontes alternativas de energia com o objetivo de reduzir as emiss\u00f5es de poluentes e de gases de efeito estufa, como o CO2.<\/p>\n<p style=\"text-align: justify;\"><strong>&#8211; \u00a0\u00c1rea II: Engenharia de Energia\u00a0<\/strong><\/p>\n<p style=\"text-align: justify;\">Na \u00e1rea de <strong>Engenharia de Energia,<\/strong> as pesquisas s\u00e3o coordenadas pelo prof. Willian Nadaleti e pelo prof. Bruno Vieira na linha de pesquisa <strong>Energias Renov\u00e1veis e Planejamento Energ\u00e9tico<\/strong>. O prof. Nadaleti desenvolve t\u00e9cnicas de aperfei\u00e7oamento de biocombust\u00edveis e de energia limpa, como o hidrog\u00eanio, aproveitamento de res\u00edduos (<em>waste-to-energy<\/em>) e aplica\u00e7\u00e3o de fontes alternativas de energia para gera\u00e7\u00e3o de eletricidade e calor, entre outros. Tamb\u00e9m s\u00e3o coordenados estudos de planejamento energ\u00e9tico regional e nacional (<em>energy planning&amp;management<\/em>). J\u00e1 o prof. Vieira trabalha com produ\u00e7\u00e3o e otimiza\u00e7\u00e3o de biocombust\u00edveis, especificamente com a produ\u00e7\u00e3o de biodiesel e avalia\u00e7\u00e3o de sua estabilidade oxidativa, al\u00e9m de pesquisas envolvendo novos materiais e c\u00e9lulas a combust\u00edvel.<\/p>\n","protected":false},"excerpt":{"rendered":"<p>Os estudos desenvolvidos no LEAE s\u00e3o divididos em duas grandes \u00e1reas e duas linhas de pesquisa que se complementam: &#8211; \u00a0\u00c1rea I: Engenharia Ambiental Na \u00e1rea de\u00a0Engenharia Ambiental, o LEAE desenvolve estudos referentes \u00e0 Polui\u00e7\u00e3o Atmosf\u00e9rica. A linha de pesquisa\u00a0Polui\u00e7\u00e3o Atmosf\u00e9rica\u00a0\u00e9 coordenada pelo prof. Willian Nadaleti, onde s\u00e3o utilizadas ferramentas de fen\u00f4menos de transporte para [&hellip;]<\/p>\n","protected":false},"author":989,"featured_media":0,"parent":0,"menu_order":0,"comment_status":"closed","ping_status":"closed","template":"","meta":{"footnotes":""},"class_list":["post-54","page","type-page","status-publish","hentry"],"_links":{"self":[{"href":"https:\/\/wp.ufpel.edu.br\/leae\/wp-json\/wp\/v2\/pages\/54","targetHints":{"allow":["GET"]}}],"collection":[{"href":"https:\/\/wp.ufpel.edu.br\/leae\/wp-json\/wp\/v2\/pages"}],"about":[{"href":"https:\/\/wp.ufpel.edu.br\/leae\/wp-json\/wp\/v2\/types\/page"}],"author":[{"embeddable":true,"href":"https:\/\/wp.ufpel.edu.br\/leae\/wp-json\/wp\/v2\/users\/989"}],"replies":[{"embeddable":true,"href":"https:\/\/wp.ufpel.edu.br\/leae\/wp-json\/wp\/v2\/comments?post=54"}],"version-history":[{"count":11,"href":"https:\/\/wp.ufpel.edu.br\/leae\/wp-json\/wp\/v2\/pages\/54\/revisions"}],"predecessor-version":[{"id":872,"href":"https:\/\/wp.ufpel.edu.br\/leae\/wp-json\/wp\/v2\/pages\/54\/revisions\/872"}],"wp:attachment":[{"href":"https:\/\/wp.ufpel.edu.br\/leae\/wp-json\/wp\/v2\/media?parent=54"}],"curies":[{"name":"wp","href":"https:\/\/api.w.org\/{rel}","templated":true}]}}