{"id":274,"date":"2020-03-27T16:19:57","date_gmt":"2020-03-27T19:19:57","guid":{"rendered":"https:\/\/wp.ufpel.edu.br\/leae\/?page_id=274"},"modified":"2023-09-26T13:42:57","modified_gmt":"2023-09-26T16:42:57","slug":"financiadores","status":"publish","type":"page","link":"https:\/\/wp.ufpel.edu.br\/leae\/financiadores\/","title":{"rendered":"Financiadores"},"content":{"rendered":"<p>Atrav\u00e9s de parcerias, o nosso laborat\u00f3rio vem se consolidando. Os projetos de pesquisa e os equipamentos adquiridos pelo LEAE, bem como as visitas e estudos realizados no exterior s\u00e3o financiados pelos seguintes \u00f3rg\u00e3os e ag\u00eancias:<\/p>\n<ul>\n<li>CAPES<\/li>\n<li>CNPq<\/li>\n<li>Rep\u00fablica da Pol\u00f4nia<\/li>\n<li>European Funds &#8211; Uni\u00e3o Europeia<\/li>\n<li>University of Western Australia \u2013 UWA<\/li>\n<li>Fapergs<\/li>\n<\/ul>\n<p>Desde sua forma\u00e7\u00e3o, o LEAE t\u00eam firmado conv\u00eanios e parcerias nacionais e internacionais que permitiram a inclus\u00e3o de novos bolsistas e o aperfei\u00e7oamento dos pesquisadores. J\u00e1 foram conquistados in\u00fameros editais no Brasil e no exterior, como Rec\u00e9m-doutor, Universal, Professor Visitante, Pesquisador Visitante, P\u00f3s-doutorado Junior, P\u00f3s-doutorado no exterior, entre outros.<\/p>\n<p><img class=\"alignnone wp-image-447\" src=\"https:\/\/wp.ufpel.edu.br\/leae\/files\/2020\/03\/Unknown.png\" alt=\"\" width=\"109\" height=\"73\" \/><img class=\"alignnone wp-image-448\" src=\"https:\/\/wp.ufpel.edu.br\/leae\/files\/2020\/03\/cnp.png\" alt=\"\" width=\"205\" height=\"81\" \/><img class=\"alignnone wp-image-452\" src=\"https:\/\/wp.ufpel.edu.br\/leae\/files\/2020\/03\/fap.jpg\" alt=\"\" width=\"146\" height=\"81\" \/> <img class=\"alignnone  wp-image-891\" src=\"https:\/\/wp.ufpel.edu.br\/leae\/files\/2023\/09\/UWA-logo-Compact-PMS_small-use-200x200.jpg\" alt=\"\" width=\"103\" height=\"103\" \/><\/p>\n<p><img class=\"wp-image-571 aligncenter\" src=\"https:\/\/wp.ufpel.edu.br\/leae\/files\/2020\/04\/g11113-400x173.png\" alt=\"\" width=\"524\" height=\"227\" srcset=\"https:\/\/wp.ufpel.edu.br\/leae\/files\/2020\/04\/g11113-400x173.png 400w, https:\/\/wp.ufpel.edu.br\/leae\/files\/2020\/04\/g11113-1024x443.png 1024w, https:\/\/wp.ufpel.edu.br\/leae\/files\/2020\/04\/g11113-768x332.png 768w, https:\/\/wp.ufpel.edu.br\/leae\/files\/2020\/04\/g11113-1536x664.png 1536w, https:\/\/wp.ufpel.edu.br\/leae\/files\/2020\/04\/g11113-2048x886.png 2048w\" sizes=\"(max-width: 524px) 100vw, 524px\" \/><\/p>\n","protected":false},"excerpt":{"rendered":"<p>Atrav\u00e9s de parcerias, o nosso laborat\u00f3rio vem se consolidando. Os projetos de pesquisa e os equipamentos adquiridos pelo LEAE, bem como as visitas e estudos realizados no exterior s\u00e3o financiados pelos seguintes \u00f3rg\u00e3os e ag\u00eancias: CAPES CNPq Rep\u00fablica da Pol\u00f4nia European Funds &#8211; Uni\u00e3o Europeia University of Western Australia \u2013 UWA Fapergs Desde sua forma\u00e7\u00e3o, [&hellip;]<\/p>\n","protected":false},"author":989,"featured_media":0,"parent":0,"menu_order":0,"comment_status":"closed","ping_status":"closed","template":"","meta":{"footnotes":""},"class_list":["post-274","page","type-page","status-publish","hentry"],"_links":{"self":[{"href":"https:\/\/wp.ufpel.edu.br\/leae\/wp-json\/wp\/v2\/pages\/274","targetHints":{"allow":["GET"]}}],"collection":[{"href":"https:\/\/wp.ufpel.edu.br\/leae\/wp-json\/wp\/v2\/pages"}],"about":[{"href":"https:\/\/wp.ufpel.edu.br\/leae\/wp-json\/wp\/v2\/types\/page"}],"author":[{"embeddable":true,"href":"https:\/\/wp.ufpel.edu.br\/leae\/wp-json\/wp\/v2\/users\/989"}],"replies":[{"embeddable":true,"href":"https:\/\/wp.ufpel.edu.br\/leae\/wp-json\/wp\/v2\/comments?post=274"}],"version-history":[{"count":21,"href":"https:\/\/wp.ufpel.edu.br\/leae\/wp-json\/wp\/v2\/pages\/274\/revisions"}],"predecessor-version":[{"id":892,"href":"https:\/\/wp.ufpel.edu.br\/leae\/wp-json\/wp\/v2\/pages\/274\/revisions\/892"}],"wp:attachment":[{"href":"https:\/\/wp.ufpel.edu.br\/leae\/wp-json\/wp\/v2\/media?parent=274"}],"curies":[{"name":"wp","href":"https:\/\/api.w.org\/{rel}","templated":true}]}}