{"id":246,"date":"2020-03-27T15:21:26","date_gmt":"2020-03-27T18:21:26","guid":{"rendered":"https:\/\/wp.ufpel.edu.br\/leae\/?page_id=246"},"modified":"2023-09-26T11:31:03","modified_gmt":"2023-09-26T14:31:03","slug":"colaboradores","status":"publish","type":"page","link":"https:\/\/wp.ufpel.edu.br\/leae\/colaboradores\/","title":{"rendered":"Colaboradores"},"content":{"rendered":"<p><strong>Alunos egressos colaboradores em projetos espec\u00edficos do LEAE<\/strong><\/p>\n<p>Prof\u00aa. Mestre Samanta Tolentino Cecconello &#8211; Instituto Federal do Rio Grande do Sul<\/p>\n<p>Eng. Mestre Vitor Alves Louren\u00e7o &#8211; Universidade de S\u00e3o Paulo<\/p>\n<p>&nbsp;<\/p>\n<p><strong>Professores colaboradores em projetos espec\u00edficos do LEAE<\/strong><\/p>\n<p>Prof. PhD. Paulo Belli Filho &#8211; Universidade Federal de Santa Catarina<\/p>\n<p>Prof. PhD. Armando de Castilhos &#8211; Universidade Federal de Santa Catarina<\/p>\n<p>Prof. Dr. Samuel Nelson Melegari de Souza &#8211; Universidade Estadual do Oeste do Paran\u00e1<\/p>\n<p>Prof. Dr. Reinado Bariccatti &#8211;\u00a0Universidade Estadual do Oeste do Paran\u00e1<\/p>\n<p>Prof. Dr. Alex Guedes &#8211; Universidade Tecnol\u00f3gica Federal do Paran\u00e1<\/p>\n<p>Prof. Dr. Rafael Ramos de Andrade &#8211; Universidade Federal de S\u00e3o Paulo<\/p>\n<p>Prof. PhD. Grzegorz Przybyla &#8211; Silesian University of Technology (Pol\u00f4nia)<\/p>\n<p>Prof. PhD. Andrzej Szlek &#8211;\u00a0Silesian University of Technology (Pol\u00f4nia)<\/p>\n<p>&nbsp;<\/p>\n","protected":false},"excerpt":{"rendered":"<p>Alunos egressos colaboradores em projetos espec\u00edficos do LEAE Prof\u00aa. Mestre Samanta Tolentino Cecconello &#8211; Instituto Federal do Rio Grande do Sul Eng. Mestre Vitor Alves Louren\u00e7o &#8211; Universidade de S\u00e3o Paulo &nbsp; Professores colaboradores em projetos espec\u00edficos do LEAE Prof. PhD. Paulo Belli Filho &#8211; Universidade Federal de Santa Catarina Prof. PhD. Armando de Castilhos [&hellip;]<\/p>\n","protected":false},"author":989,"featured_media":0,"parent":0,"menu_order":0,"comment_status":"closed","ping_status":"closed","template":"","meta":{"footnotes":""},"class_list":["post-246","page","type-page","status-publish","hentry"],"_links":{"self":[{"href":"https:\/\/wp.ufpel.edu.br\/leae\/wp-json\/wp\/v2\/pages\/246","targetHints":{"allow":["GET"]}}],"collection":[{"href":"https:\/\/wp.ufpel.edu.br\/leae\/wp-json\/wp\/v2\/pages"}],"about":[{"href":"https:\/\/wp.ufpel.edu.br\/leae\/wp-json\/wp\/v2\/types\/page"}],"author":[{"embeddable":true,"href":"https:\/\/wp.ufpel.edu.br\/leae\/wp-json\/wp\/v2\/users\/989"}],"replies":[{"embeddable":true,"href":"https:\/\/wp.ufpel.edu.br\/leae\/wp-json\/wp\/v2\/comments?post=246"}],"version-history":[{"count":21,"href":"https:\/\/wp.ufpel.edu.br\/leae\/wp-json\/wp\/v2\/pages\/246\/revisions"}],"predecessor-version":[{"id":873,"href":"https:\/\/wp.ufpel.edu.br\/leae\/wp-json\/wp\/v2\/pages\/246\/revisions\/873"}],"wp:attachment":[{"href":"https:\/\/wp.ufpel.edu.br\/leae\/wp-json\/wp\/v2\/media?parent=246"}],"curies":[{"name":"wp","href":"https:\/\/api.w.org\/{rel}","templated":true}]}}