{"id":240,"date":"2020-03-27T15:12:50","date_gmt":"2020-03-27T18:12:50","guid":{"rendered":"https:\/\/wp.ufpel.edu.br\/leae\/?page_id=240"},"modified":"2023-09-25T11:39:01","modified_gmt":"2023-09-25T14:39:01","slug":"producoes","status":"publish","type":"page","link":"https:\/\/wp.ufpel.edu.br\/leae\/producoes\/","title":{"rendered":"PRODU\u00c7\u00d5ES"},"content":{"rendered":"<p><strong>Artigos Completos Publicados em Peri\u00f3dicos<\/strong><\/p>\n<p><em><strong>Full papers published in journals<\/strong><\/em><\/p>\n<p>&nbsp;<\/p>\n<h2 style=\"text-align: center;\"><strong>2023<\/strong><\/h2>\n<ul>\n<li><a class=\"gsc_oci_title_link\" href=\"https:\/\/www.sciencedirect.com\/science\/article\/pii\/S0960148123008467\" data-clk=\"hl=pt-BR&amp;sa=T&amp;ei=VJIRZcG-NcqCy9YPq5-TmAs\">Hydrogen and electricity potential generation from rice husks and persiculture biomass in Rio Grande do Sul, Brazil.<\/a><\/li>\n<\/ul>\n<p>&nbsp;<\/p>\n<ul>\n<li><a class=\"gsc_oci_title_link\" href=\"https:\/\/www.sciencedirect.com\/science\/article\/pii\/S1364032123005269\" data-clk=\"hl=pt-BR&amp;sa=T&amp;ei=kZIRZffpB92_y9YPzZCksA0\">Green hydrogen production from urban waste biogas: An analysis of the Brazilian potential and the process\u2019 economic viability<\/a><\/li>\n<\/ul>\n<p>&nbsp;<\/p>\n<ul>\n<li><a class=\"gsc_oci_title_link\" href=\"https:\/\/link.springer.com\/article\/10.1007\/s11356-023-29588-1\" data-clk=\"hl=pt-BR&amp;sa=T&amp;ei=-ZIRZYSNCMqCy9YPq5-TmAs\">Environmental implications of combustion of rice husk at high temperatures and for an extended period for energy generation<\/a>.<\/li>\n<\/ul>\n<p>&nbsp;<\/p>\n<ul>\n<li><a class=\"gsc_oci_title_link\" href=\"https:\/\/link.springer.com\/article\/10.1007\/s11270-023-06534-y\" data-clk=\"hl=pt-BR&amp;sa=T&amp;ei=QZMRZfS3BpWTy9YPwtihgAk\">Weekend Effect of Air Pollutants in a Tropical Brazilian Metropolis<\/a>.<\/li>\n<\/ul>\n<p>&nbsp;<\/p>\n<ul>\n<li><a class=\"gsc_a_at\" href=\"https:\/\/scholar.google.com\/citations?view_op=view_citation&amp;hl=pt-BR&amp;user=Nb-I-I4AAAAJ&amp;sortby=pubdate&amp;citation_for_view=Nb-I-I4AAAAJ:V3AGJWp-ZtQC\">Production of Solid Recovered Fuel from the Rejected Fraction of Recyclable Materials from Waste Picker Cooperatives: A Case Study in Brazil<\/a>.<\/li>\n<\/ul>\n<p>&nbsp;<\/p>\n<ul>\n<li><a class=\"gsc_oci_title_link\" href=\"https:\/\/www.sciencedirect.com\/science\/article\/pii\/S0196890422011530\" data-clk=\"hl=pt-BR&amp;sa=T&amp;ei=iJMRZagplZPL1g_C2KGACQ\">Emissions and efficiency of pure CO and H2-rich simulated gases combustion with peach and rice biomasses syngas characteristics: A renewable energy pathway for the\u00a0\u2026<\/a><\/li>\n<\/ul>\n<p>&nbsp;<\/p>\n<p>&nbsp;<\/p>\n<h2 style=\"text-align: center;\"><strong>2022<\/strong><\/h2>\n<ul>\n<li><a class=\"gsc_oci_title_link\" href=\"https:\/\/revistas.planejamento.rs.gov.br\/index.php\/boletim-geografico-rs\/article\/view\/4478\" data-clk=\"hl=pt-BR&amp;sa=T&amp;ei=M5QRZbj1D8qCy9YPq5-TmAs\">PANORAMA DE EMISS\u00d5ES DE GASES DE EFEITO ESTUFA (GEE) NO ESTADO DO RIO GRANDE DO SUL: SETORES, SUBSETORES, ATIVIDADES ECON\u00d4MICAS E MUNIC\u00cdPIOS<\/a>.<\/li>\n<\/ul>\n<p>&nbsp;<\/p>\n<ul>\n<li><a class=\"gsc_oci_title_link\" href=\"https:\/\/www.sciencedirect.com\/science\/article\/pii\/S0360319922035650\" data-clk=\"hl=pt-BR&amp;sa=T&amp;ei=M5QRZbqGEJWTy9YPwtihgAk\">The potential of hydrogen production from high and low-temperature electrolysis methods using solar and nuclear energy sources: The transition to a hydrogen economy in Brazil.<\/a><\/li>\n<\/ul>\n<p>&nbsp;<\/p>\n<ul>\n<li><a class=\"gsc_oci_title_link\" href=\"https:\/\/www.meioambientebrasil.com.br\/index.php\/MABRA\/article\/view\/185\" data-clk=\"hl=pt-BR&amp;sa=T&amp;ei=M5QRZdiDEPWHy9YP2emCkA8\">Biocombust\u00edveis: Uma revis\u00e3o sobre o panorama hist\u00f3rico, produ\u00e7\u00e3o e aplica\u00e7\u00f5es do biodiesel<\/a>.<\/li>\n<\/ul>\n<p>&nbsp;<\/p>\n<ul>\n<li><a class=\"gsc_oci_title_link\" href=\"https:\/\/revistas.planejamento.rs.gov.br\/index.php\/boletim-geografico-rs\/article\/view\/4474\" data-clk=\"hl=pt-BR&amp;sa=T&amp;ei=NJQRZeXHNd2_y9YPzZCksA0\">An\u00e1lise Espacial E Temporal da Concentra\u00e7\u00e3o de Di\u00f3xido de Nitrog\u00eanio (NO2) no Brasil (2017-2021): Impacto das Medidas de Restri\u00e7\u00e3o da Pandemia de Covid-19 na Redu\u00e7\u00e3o da\u00a0\u2026<\/a><\/li>\n<\/ul>\n<p>&nbsp;<\/p>\n<ul>\n<li><a class=\"gsc_oci_title_link\" href=\"https:\/\/rsdjournal.org\/index.php\/rsd\/article\/view\/31096\" data-clk=\"hl=pt-BR&amp;sa=T&amp;ei=NpQRZd6SMN2_y9YPzZCksA0\">An\u00e1lise do potencial brasileiro para a gera\u00e7\u00e3o de eletricidade a partir das fontes de energia solar fotovoltaica e o biog\u00e1s no contexto da gera\u00e7\u00e3o distribu\u00edda<\/a>.<\/li>\n<\/ul>\n<p>&nbsp;<\/p>\n<ul>\n<li><a class=\"gsc_oci_title_link\" href=\"https:\/\/periodicosuneal.emnuvens.com.br\/ambientale\/article\/view\/371\" data-clk=\"hl=pt-BR&amp;sa=T&amp;ei=OZQRZenqJMqCy9YPq5-TmAs\">Biocombust\u00edveis: uma revis\u00e3o sobre o panorama hist\u00f3rico, produ\u00e7\u00e3o e aplica\u00e7\u00f5es do biog\u00e1s<\/a>.<\/li>\n<\/ul>\n<p>&nbsp;<\/p>\n<ul>\n<li><a class=\"gsc_oci_title_link\" href=\"https:\/\/www.ibeas.org.br\/conresol\/conresol2022\/V-007.pdf\" data-clk=\"hl=pt-BR&amp;sa=T&amp;ei=QJQRZdzuFZWTy9YPwtihgAk\">Diagn\u00f3stico dos res\u00edduos s\u00f3lidos industriais t\u00eaxteis: Plano de Gerenciamento de Res\u00edduos S\u00f3lidos (PGRS) como forma de gerenciamento dos res\u00edduos de uma malharia no munic\u00edpio de\u00a0\u2026<\/a><\/li>\n<\/ul>\n<p>&nbsp;<\/p>\n<ul>\n<li><a class=\"gsc_oci_title_link\" href=\"https:\/\/link.springer.com\/article\/10.1007\/s40095-021-00411-2\" data-clk=\"hl=pt-BR&amp;sa=T&amp;ei=QpQRZZi-FfWHy9YP2emCkA8\">Fish oil mixed to castor oil for biodiesel production: antioxidant effects and renewable energy generation<\/a>.<\/li>\n<\/ul>\n<p>&nbsp;<\/p>\n<ul>\n<li><a class=\"gsc_oci_title_link\" href=\"https:\/\/www.lareferencia.info\/vufind\/Record\/BR_64b394f3928daf60cb327183b34e3418\" data-clk=\"hl=pt-BR&amp;sa=T&amp;ei=RJQRZcGVId2_y9YPzZCksA0\">Analysis of the brazilian potential for electricity generation from photovoltaic solar energy sources and biogas in the context of distributed generation<\/a>.<\/li>\n<\/ul>\n<p>&nbsp;<\/p>\n<ul>\n<li><a class=\"gsc_oci_title_link\" href=\"https:\/\/www.sciencedirect.com\/science\/article\/pii\/S036031992101867X\" data-clk=\"hl=pt-BR&amp;sa=T&amp;ei=RpQRZZvvMcqCy9YPq5-TmAs\">Green hydrogen-based pathways and alternatives: towards the renewable energy transition in South America&#8217;s regions\u2013Part B<\/a>.<\/li>\n<\/ul>\n<p>&nbsp;<\/p>\n<p>&nbsp;<\/p>\n<h2 style=\"text-align: center;\"><strong>2021<\/strong><\/h2>\n<ul>\n<li><a class=\"gsc_a_at\" href=\"https:\/\/scholar.google.com\/citations?view_op=view_citation&amp;hl=pt-BR&amp;user=Nb-I-I4AAAAJ&amp;sortby=pubdate&amp;citation_for_view=Nb-I-I4AAAAJ:K3LRdlH-MEoC\">Viabilidade econ\u00f4mica da gera\u00e7\u00e3o de energia el\u00e9trica em motor dual biog\u00e1s\/diesel no meio rural<\/a>.<\/li>\n<\/ul>\n<p>&nbsp;<\/p>\n<ul>\n<li><a class=\"gsc_a_at\" href=\"https:\/\/scholar.google.com\/citations?view_op=view_citation&amp;hl=pt-BR&amp;user=Nb-I-I4AAAAJ&amp;sortby=pubdate&amp;citation_for_view=Nb-I-I4AAAAJ:tOudhMTPpwUC\">Delimita\u00e7\u00e3o dos \u00edndices de fragilidade ambiental do munic\u00edpio de S\u00e3o Louren\u00e7o do Sul\/RS: subs\u00eddio para o planejamento e gest\u00e3o ambiental<\/a>.<\/li>\n<\/ul>\n<p>&nbsp;<\/p>\n<ul>\n<li><a class=\"gsc_a_at\" href=\"https:\/\/scholar.google.com\/citations?view_op=view_citation&amp;hl=pt-BR&amp;user=Nb-I-I4AAAAJ&amp;sortby=pubdate&amp;citation_for_view=Nb-I-I4AAAAJ:dshw04ExmUIC\">Physical\u2013chemical pre-treatment of sanitary landfill raw leachate by direct ascending filtration<\/a>.<\/li>\n<\/ul>\n<p>&nbsp;<\/p>\n<ul>\n<li><a class=\"gsc_a_at\" href=\"https:\/\/scholar.google.com\/citations?view_op=view_citation&amp;hl=pt-BR&amp;user=Nb-I-I4AAAAJ&amp;sortby=pubdate&amp;citation_for_view=Nb-I-I4AAAAJ:SP6oXDckpogC\">Start-up phase optimization of two-phase anaerobic digestion of food waste: Effects of organic loading rate and hydraulic retention time<\/a>.<\/li>\n<\/ul>\n<p>&nbsp;<\/p>\n<ul>\n<li><a class=\"gsc_a_at\" href=\"https:\/\/scholar.google.com\/citations?view_op=view_citation&amp;hl=pt-BR&amp;user=Nb-I-I4AAAAJ&amp;cstart=20&amp;pagesize=80&amp;sortby=pubdate&amp;citation_for_view=Nb-I-I4AAAAJ:u9iWguZQMMsC\">Generation of biodiesel and glycerol from waste of rice industries in Brazil<\/a>.<\/li>\n<\/ul>\n<p>&nbsp;<\/p>\n<ul>\n<li><a class=\"gsc_a_at\" href=\"https:\/\/scholar.google.com\/citations?view_op=view_citation&amp;hl=pt-BR&amp;user=Nb-I-I4AAAAJ&amp;cstart=20&amp;pagesize=80&amp;sortby=pubdate&amp;citation_for_view=Nb-I-I4AAAAJ:KxtntwgDAa4C\">Methane production test of the anaerobic sludge from rice parboiling industries with the addition of biodiesel glycerol from rice bran oil in Brazil<\/a>.<\/li>\n<\/ul>\n<p>&nbsp;<\/p>\n<ul>\n<li><a class=\"gsc_a_at\" href=\"https:\/\/scholar.google.com\/citations?view_op=view_citation&amp;hl=pt-BR&amp;user=Nb-I-I4AAAAJ&amp;cstart=20&amp;pagesize=80&amp;sortby=pubdate&amp;citation_for_view=Nb-I-I4AAAAJ:UxriW0iASnsC\">A mathematical, economic and energetic appraisal of biomethane and biohydrogen production from Brazilian ethanol plants&#8217; waste: Towards a circular and renewable energy development<\/a>.<\/li>\n<\/ul>\n<p>&nbsp;<\/p>\n<ul>\n<li><a class=\"gsc_a_at\" href=\"https:\/\/scholar.google.com\/citations?view_op=view_citation&amp;hl=pt-BR&amp;user=Nb-I-I4AAAAJ&amp;cstart=20&amp;pagesize=80&amp;sortby=pubdate&amp;citation_for_view=Nb-I-I4AAAAJ:NhqRSupF_l8C\">Investigation of ethyl biodiesel via transesterification of rice bran oil: bioenergy from residual biomass in Pelotas, Rio Grande do Sul-Brazil<\/a>.<\/li>\n<\/ul>\n<p>&nbsp;<\/p>\n<ul>\n<li><a class=\"gsc_a_at\" href=\"https:\/\/scholar.google.com\/citations?view_op=view_citation&amp;hl=pt-BR&amp;user=Nb-I-I4AAAAJ&amp;cstart=20&amp;pagesize=80&amp;sortby=pubdate&amp;citation_for_view=Nb-I-I4AAAAJ:nb7KW1ujOQ8C\">Green hydrogen-based pathways and alternatives: towards the renewable energy transition in South America&#8217;s regions\u2013Part A<\/a>.<\/li>\n<\/ul>\n<p>&nbsp;<\/p>\n<ul>\n<li><a class=\"gsc_a_at\" href=\"https:\/\/scholar.google.com\/citations?view_op=view_citation&amp;hl=pt-BR&amp;user=Nb-I-I4AAAAJ&amp;cstart=20&amp;pagesize=80&amp;sortby=pubdate&amp;citation_for_view=Nb-I-I4AAAAJ:xtRiw3GOFMkC\">A pioneering study of biomethane and hydrogen production from the wine industry in Brazil: Pollutant emissions, electricity generation and urban bus fleet supply<\/a>.<\/li>\n<\/ul>\n<p>&nbsp;<\/p>\n<ul>\n<li><a class=\"gsc_a_at\" href=\"https:\/\/scholar.google.com\/citations?view_op=view_citation&amp;hl=pt-BR&amp;user=Nb-I-I4AAAAJ&amp;cstart=20&amp;pagesize=80&amp;sortby=pubdate&amp;citation_for_view=Nb-I-I4AAAAJ:CHSYGLWDkRkC\">Assessment of the water quality of the Mirim Lagoon and the S\u00e3o Gon\u00e7alo channel through qualitative indices and statistical methods<\/a>.<\/li>\n<\/ul>\n<p>&nbsp;<\/p>\n<ul>\n<li><a class=\"gsc_a_at\" href=\"https:\/\/scholar.google.com\/citations?view_op=view_citation&amp;hl=pt-BR&amp;user=Nb-I-I4AAAAJ&amp;cstart=20&amp;pagesize=80&amp;sortby=pubdate&amp;citation_for_view=Nb-I-I4AAAAJ:abG-DnoFyZgC\">A cleaner material production by the incorporation of the rockwool waste into portland cement matrices<\/a>.<\/li>\n<\/ul>\n<p>&nbsp;<\/p>\n<ul>\n<li><a class=\"gsc_a_at\" href=\"https:\/\/scholar.google.com\/citations?view_op=view_citation&amp;hl=pt-BR&amp;user=Nb-I-I4AAAAJ&amp;cstart=20&amp;pagesize=80&amp;sortby=pubdate&amp;citation_for_view=Nb-I-I4AAAAJ:_xSYboBqXhAC\">The effect of the addition of castor oil to residual soybean oil to obtain biodiesel in Brazil: Energy matrix diversification<\/a>.<\/li>\n<\/ul>\n<p>&nbsp;<\/p>\n<ul>\n<li><a class=\"gsc_a_at\" href=\"https:\/\/scholar.google.com\/citations?view_op=view_citation&amp;hl=pt-BR&amp;user=Nb-I-I4AAAAJ&amp;cstart=20&amp;pagesize=80&amp;sortby=pubdate&amp;citation_for_view=Nb-I-I4AAAAJ:p2g8aNsByqUC\">Production potential of biodiesel, methane and electricity in the largest steamed rice industry in Rio Grande do Sul, Brazil: case study<\/a>.<\/li>\n<\/ul>\n<p>&nbsp;<\/p>\n<ul>\n<li><a class=\"gsc_a_at\" href=\"https:\/\/scholar.google.com\/citations?view_op=view_citation&amp;hl=pt-BR&amp;user=Nb-I-I4AAAAJ&amp;cstart=20&amp;pagesize=80&amp;sortby=pubdate&amp;citation_for_view=Nb-I-I4AAAAJ:b0M2c_1WBrUC\">Home waste management plan-HWM proposed manual for home care in S\u00e3o Luis City, Maranh\u00e3o State, Brazil<\/a>.<\/li>\n<\/ul>\n<p>&nbsp;<\/p>\n<ul>\n<li><a class=\"gsc_a_at\" href=\"https:\/\/scholar.google.com\/citations?view_op=view_citation&amp;hl=pt-BR&amp;user=Nb-I-I4AAAAJ&amp;cstart=20&amp;pagesize=80&amp;sortby=pubdate&amp;citation_for_view=Nb-I-I4AAAAJ:pyW8ca7W8N0C\">An\u00e1lise da qualidade da \u00e1gua da Lagoa Mirim atrav\u00e9s do IQA e de m\u00e9todos estat\u00edsticos<\/a>.<\/li>\n<\/ul>\n<p>&nbsp;<\/p>\n<p>&nbsp;<\/p>\n<h2 style=\"text-align: center;\"><strong>2020<\/strong><\/h2>\n<ul>\n<li>Pollutant emissions, performance and combustion behaviour assessment of an Si gas engine fuelled with Lcv gas containing carbon monoxide and hydrogen diluted by nitrogen.\u00a0<a href=\"http:\/\/dx.doi.org\/10.1016\/j.ijhydene.2019.12.117\" target=\"_blank\" rel=\"noopener noreferrer\">Leia mais<\/a><\/li>\n<li>The analysis of green roof&#8217;s runoff volumes and its water quality in an experimental study in Porto Alegre, Southern Brazil.\u00a0<a href=\"http:\/\/dx.doi.org\/10.1007\/s11356-019-06777-5\" target=\"_blank\" rel=\"noopener noreferrer\">Leia mais<\/a><\/li>\n<li>National potential production of methane and electrical energy from sugarcane vinasse in Brazil: A thermo-economic analysis.\u00a0<a href=\"https:\/\/www.sciencedirect.com\/science\/article\/abs\/pii\/S2213343719305457\">Leia mais<\/a><\/li>\n<li>The potential and economic viability of hydrogen production from the use of hydroelectric and wind farms surplus energy in Brazil: A national and pioneering analysis.\u00a0<a href=\"https:\/\/www.sciencedirect.com\/science\/article\/abs\/pii\/S0360319919332185?via%3Dihub\">Leia mais<\/a><\/li>\n<li>Efluente da parboiliza\u00e7\u00e3o de arroz como cosubstrato em biodigest\u00e3o anaer\u00f3bia de efluente de latic\u00ednios.\u00a0<a href=\"https:\/\/periodicos.ufpel.edu.br\/ojs2\/index.php\/RBES\/article\/view\/14666\" target=\"_blank\" rel=\"noopener noreferrer\">Leia mais<\/a><\/li>\n<li>H2S adsorption on nanostructured iron oxide at room temperature for biogas purification: application of renewable energy.\u00a0<a href=\"https:\/\/doi.org\/10.1016\/j.renene.2020.02.054\" target=\"_blank\" rel=\"noopener noreferrer\">Leia mais<\/a><\/li>\n<li>The potential and economic viability of hydrogen production from the use of hydroelectric and wind farms surplus energy in Brazil: A national and pioneering analysis.\u00a0<a href=\"https:\/\/doi.org\/10.1016\/j.ijhydene.2019.08.199\" target=\"_blank\" rel=\"noopener noreferrer\">Leia mais<\/a><\/li>\n<li>Suscetibilidade \u00e0 inunda\u00e7\u00e3o da bacia hidrogr\u00e1fica do rio Piratini &#8211; RS.\u00a0<a href=\"http:\/\/DX.DOI.ORG\/10.15210\/RBES.V6I2.16006\" target=\"_blank\" rel=\"noopener noreferrer\">Leia mais<\/a><\/li>\n<li>Mapeamento de fontes geradoras de res\u00edduos de servi\u00e7os de sa\u00fade atrav\u00e9s da utiliza\u00e7\u00e3o de SIG.\u00a0\u00a0<a href=\"https:\/\/doi.org\/10.14393\/SN-v32-2020-46378\" target=\"_blank\" rel=\"noopener noreferrer\">Leia mais<\/a><\/li>\n<\/ul>\n<p>&nbsp;<\/p>\n<h2 style=\"text-align: center;\"><strong>2019<\/strong><\/h2>\n<ul>\n<li>Utilization of residues from rice parboiling industries in southern Brazil for biogas and hydrogen-syngas generation: Heat, electricity and energy planning.\u00a0<a href=\"https:\/\/www.sciencedirect.com\/science\/article\/abs\/pii\/S0960148118307997?via%3Dihub\">Leia mais\u00a0<\/a><\/li>\n<li>Analysis of emissions and combustion of typical biofuels generated in the agroindustry sector of Rio Grande do Sul State &#8211; Brazil: Bio75, syngas and blends.\u00a0<a href=\"https:\/\/www.sciencedirect.com\/science\/article\/abs\/pii\/S0960148118307997?via%3Dihub\">Leia mais<\/a><\/li>\n<li>Analytical comparison of emissions before and after using a three-way catalyzer connected to an SI gas engine operating with methane, natural gas, biogas, and different syngas content. <a href=\"https:\/\/onlinelibrary.wiley.com\/doi\/abs\/10.1002\/bbb.1994\">Leia mais<\/a><\/li>\n<li>Production of biodiesel using oil obtained from fish processing residue by conventional methods assisted by ultrasonic waves: heating and stirring.\u00a0<a href=\"https:\/\/www.sciencedirect.com\/science\/article\/abs\/pii\/S0960148119307529?via%3Dihub\">Leia mais<\/a><\/li>\n<li>Produ\u00e7\u00e3o de metano via codigest\u00e3o anaer\u00f3bia de efluentes das ind\u00fastrias de arroz parboilizado e latic\u00ednios.\u00a0<a href=\"https:\/\/www.semanticscholar.org\/paper\/Produ\u00e7\u00e3o-de-metano-via-codigest\u00e3o-anaer\u00f3bia-de-das-Nadaleti-Louren\u00e7o\/0aebd409ace74a9ff0f52be81fdf687840d5c5b3\">Leia mais<\/a><\/li>\n<li>Chemical synthesis of materials based on calcium zirconate for solid oxide fuel cells (SOFC).\u00a0<a href=\"http:\/\/dx.doi.org\/10.1002\/ep.13243\">Leia mais<\/a><\/li>\n<li>ECOEFICI\u00caNCIA NA MUDAN\u00c7A DOS PADR\u00d5ES DE CONSUMO DE \u00c1GUA: ESTUDO DE CASO DO MUNIC\u00cdPIO DE PELOTAS\/RS.\u00a0<a href=\"https:\/\/www.atenaeditora.com.br\/wp-content\/uploads\/2019\/04\/E-book-Engenharia-Sanit%C3%A1ria-e-Ambiental-3.pdf\">Leia mais<\/a><\/li>\n<li>Evaluation and teaching strategies in disciplines in engineering courses at the Federal University of Pelotas: transport phenomena and fluid mechanics. <a href=\"http:\/\/revista.educacao.ws\/revista\/index.php\/abenge\/issue\/view\/148\">Leia mais<\/a><\/li>\n<li>Avalia\u00e7\u00e3o e compara\u00e7\u00e3o da qualidade das \u00e1guas entre o canal S\u00e3o Gon\u00e7alo e a Lagoa Mirim.\u00a0<a href=\"https:\/\/sustenere.co\/index.php\/rica\/article\/view\/CBPC2179-6858.2019.002.0016\">Leia mais<\/a><\/li>\n<li>Caracteriza\u00e7\u00e3o hidrol\u00f3gica e suscetibilidade de risco \u00e0 inunda\u00e7\u00e3o nas bacias do munic\u00edpio de Arroio do Padre\/RS.\u00a0<a href=\"http:\/\/dx.doi.org\/10.6008\/cbpc2179-6858.2019.001.0024\">Leia mais<\/a><\/li>\n<li>The perception of municipal managers on the management of urban solid waste.\u00a0<a href=\"https:\/\/periodicos.ufsm.br\/cienciaenatura\/article\/view\/36303\">Leia mais<\/a><\/li>\n<\/ul>\n","protected":false},"excerpt":{"rendered":"<p>Artigos Completos Publicados em Peri\u00f3dicos Full papers published in journals &nbsp; 2023 Hydrogen and electricity potential generation from rice husks and persiculture biomass in Rio Grande do Sul, Brazil. &nbsp; Green hydrogen production from urban waste biogas: An analysis of the Brazilian potential and the process\u2019 economic viability &nbsp; Environmental implications of combustion of rice [&hellip;]<\/p>\n","protected":false},"author":989,"featured_media":0,"parent":0,"menu_order":0,"comment_status":"closed","ping_status":"closed","template":"","meta":{"footnotes":""},"class_list":["post-240","page","type-page","status-publish","hentry"],"_links":{"self":[{"href":"https:\/\/wp.ufpel.edu.br\/leae\/wp-json\/wp\/v2\/pages\/240","targetHints":{"allow":["GET"]}}],"collection":[{"href":"https:\/\/wp.ufpel.edu.br\/leae\/wp-json\/wp\/v2\/pages"}],"about":[{"href":"https:\/\/wp.ufpel.edu.br\/leae\/wp-json\/wp\/v2\/types\/page"}],"author":[{"embeddable":true,"href":"https:\/\/wp.ufpel.edu.br\/leae\/wp-json\/wp\/v2\/users\/989"}],"replies":[{"embeddable":true,"href":"https:\/\/wp.ufpel.edu.br\/leae\/wp-json\/wp\/v2\/comments?post=240"}],"version-history":[{"count":13,"href":"https:\/\/wp.ufpel.edu.br\/leae\/wp-json\/wp\/v2\/pages\/240\/revisions"}],"predecessor-version":[{"id":869,"href":"https:\/\/wp.ufpel.edu.br\/leae\/wp-json\/wp\/v2\/pages\/240\/revisions\/869"}],"wp:attachment":[{"href":"https:\/\/wp.ufpel.edu.br\/leae\/wp-json\/wp\/v2\/media?parent=240"}],"curies":[{"name":"wp","href":"https:\/\/api.w.org\/{rel}","templated":true}]}}