{"id":18,"date":"2020-03-26T16:01:12","date_gmt":"2020-03-26T19:01:12","guid":{"rendered":"https:\/\/wp.ufpel.edu.br\/leae\/?page_id=18"},"modified":"2020-04-02T02:27:40","modified_gmt":"2020-04-02T05:27:40","slug":"docentes","status":"publish","type":"page","link":"https:\/\/wp.ufpel.edu.br\/leae\/docentes\/","title":{"rendered":"Docentes Pesquisadores"},"content":{"rendered":"<p><img class=\"wp-image-440 alignleft\" src=\"https:\/\/wp.ufpel.edu.br\/leae\/files\/2020\/03\/Screen-Shot-2020-03-28-at-12.33.10-277x400.png\" alt=\"\" width=\"123\" height=\"177\" srcset=\"https:\/\/wp.ufpel.edu.br\/leae\/files\/2020\/03\/Screen-Shot-2020-03-28-at-12.33.10-277x400.png 277w, https:\/\/wp.ufpel.edu.br\/leae\/files\/2020\/03\/Screen-Shot-2020-03-28-at-12.33.10-710x1024.png 710w, https:\/\/wp.ufpel.edu.br\/leae\/files\/2020\/03\/Screen-Shot-2020-03-28-at-12.33.10-768x1107.png 768w, https:\/\/wp.ufpel.edu.br\/leae\/files\/2020\/03\/Screen-Shot-2020-03-28-at-12.33.10.png 860w\" sizes=\"(max-width: 123px) 100vw, 123px\" \/><\/p>\n<p style=\"text-align: justify\"><strong>Prof. Dr. Willian C\u00e9zar Nadaleti \u00a0 \u00a0 \u00a0 \u00a0 \u00a0 \u00a0 \u00a0 \u00a0 \u00a0 \u00a0 \u00a0 \u00a0 \u00a0 \u00a0 \u00a0 \u00a0 \u00a0<\/strong><\/p>\n<p style=\"text-align: justify\"><strong>Coordenador do LEAE \u00a0 \u00a0 \u00a0 \u00a0 \u00a0 \u00a0<\/strong><\/p>\n<p style=\"text-align: justify\">Polui\u00e7\u00e3o Atmosf\u00e9rica e Energias Renov\u00e1veis<\/p>\n<p style=\"text-align: justify\">Centro de Engenharias, sala 201-A<\/p>\n<p><em>e-mail<\/em>: willian.nadaleti@ufpel.edu.br<\/p>\n<p><strong><a href=\"http:\/\/lattes.cnpq.br\/4670559561277136\"><img class=\"alignnone wp-image-556\" src=\"https:\/\/wp.ufpel.edu.br\/leae\/files\/2020\/03\/lattes.jpg\" alt=\"\" width=\"34\" height=\"34\" \/><\/a><\/strong><a href=\"https:\/\/www.researchgate.net\/profile\/Willian_Nadaleti\"><img class=\"alignnone wp-image-557\" src=\"https:\/\/wp.ufpel.edu.br\/leae\/files\/2020\/03\/rg.png\" alt=\"\" width=\"26\" height=\"26\" srcset=\"https:\/\/wp.ufpel.edu.br\/leae\/files\/2020\/03\/rg.png 225w, https:\/\/wp.ufpel.edu.br\/leae\/files\/2020\/03\/rg-200x200.png 200w\" sizes=\"(max-width: 26px) 100vw, 26px\" \/><\/a><a href=\"https:\/\/orcid.org\/0000-0002-4727-4127\"><img class=\"alignnone wp-image-558\" src=\"https:\/\/wp.ufpel.edu.br\/leae\/files\/2020\/03\/id.png\" alt=\"\" width=\"29\" height=\"29\" srcset=\"https:\/\/wp.ufpel.edu.br\/leae\/files\/2020\/03\/id.png 225w, https:\/\/wp.ufpel.edu.br\/leae\/files\/2020\/03\/id-200x200.png 200w\" sizes=\"(max-width: 29px) 100vw, 29px\" \/><\/a><a href=\"https:\/\/institucional.ufpel.edu.br\/servidores\/id\/153156\"><img class=\"alignnone wp-image-559\" src=\"https:\/\/wp.ufpel.edu.br\/leae\/files\/2020\/03\/ufp.jpg\" alt=\"\" width=\"29\" height=\"29\" srcset=\"https:\/\/wp.ufpel.edu.br\/leae\/files\/2020\/03\/ufp.jpg 224w, https:\/\/wp.ufpel.edu.br\/leae\/files\/2020\/03\/ufp-200x200.jpg 200w\" sizes=\"(max-width: 29px) 100vw, 29px\" \/><\/a><\/p>\n<p>&nbsp;<\/p>\n<p><img class=\"wp-image-438 alignleft\" src=\"https:\/\/wp.ufpel.edu.br\/leae\/files\/2020\/03\/Screen-Shot-2020-03-28-at-12.19.33-301x400.png\" alt=\"\" width=\"124\" height=\"165\" srcset=\"https:\/\/wp.ufpel.edu.br\/leae\/files\/2020\/03\/Screen-Shot-2020-03-28-at-12.19.33-301x400.png 301w, https:\/\/wp.ufpel.edu.br\/leae\/files\/2020\/03\/Screen-Shot-2020-03-28-at-12.19.33.png 388w\" sizes=\"(max-width: 124px) 100vw, 124px\" \/><\/p>\n<p style=\"text-align: left\"><strong>Prof. Dr. Bruno Muller Vieira \u00a0 \u00a0 \u00a0 \u00a0 \u00a0 \u00a0 \u00a0 \u00a0 \u00a0 \u00a0 \u00a0 \u00a0 \u00a0 \u00a0 \u00a0 \u00a0 \u00a0 <\/strong><\/p>\n<p style=\"text-align: left\"><strong>Integrante do LEAE<\/strong><\/p>\n<p style=\"text-align: left\">Energias Renov\u00e1veis<\/p>\n<p style=\"text-align: left\">Centro de Engenharias, sala 201-C<\/p>\n<p><em>e-mail<\/em>: bruno.prppg@hotmail.com<\/p>\n<p><strong><a href=\"http:\/\/lattes.cnpq.br\/1885554662703620\"><img class=\"alignnone wp-image-556\" src=\"https:\/\/wp.ufpel.edu.br\/leae\/files\/2020\/03\/lattes.jpg\" alt=\"\" width=\"34\" height=\"34\" \/><\/a><\/strong><a href=\"https:\/\/www.researchgate.net\/scientific-contributions\/2155992529_Bruno_Mueller_Vieira\"><img class=\"alignnone wp-image-557\" src=\"https:\/\/wp.ufpel.edu.br\/leae\/files\/2020\/03\/rg.png\" alt=\"\" width=\"26\" height=\"26\" srcset=\"https:\/\/wp.ufpel.edu.br\/leae\/files\/2020\/03\/rg.png 225w, https:\/\/wp.ufpel.edu.br\/leae\/files\/2020\/03\/rg-200x200.png 200w\" sizes=\"(max-width: 26px) 100vw, 26px\" \/><\/a><a href=\"https:\/\/orcid.org\/0000-0002-9615-3778\"><img class=\"alignnone wp-image-558\" src=\"https:\/\/wp.ufpel.edu.br\/leae\/files\/2020\/03\/id.png\" alt=\"\" width=\"29\" height=\"29\" srcset=\"https:\/\/wp.ufpel.edu.br\/leae\/files\/2020\/03\/id.png 225w, https:\/\/wp.ufpel.edu.br\/leae\/files\/2020\/03\/id-200x200.png 200w\" sizes=\"(max-width: 29px) 100vw, 29px\" \/><\/a><a href=\"https:\/\/institucional.ufpel.edu.br\/servidores\/id\/1301\"><img class=\"alignnone wp-image-559\" src=\"https:\/\/wp.ufpel.edu.br\/leae\/files\/2020\/03\/ufp.jpg\" alt=\"\" width=\"29\" height=\"29\" srcset=\"https:\/\/wp.ufpel.edu.br\/leae\/files\/2020\/03\/ufp.jpg 224w, https:\/\/wp.ufpel.edu.br\/leae\/files\/2020\/03\/ufp-200x200.jpg 200w\" sizes=\"(max-width: 29px) 100vw, 29px\" \/><\/a><\/p>\n<p>&nbsp;<\/p>\n<p><strong><img class=\"wp-image-534 alignleft\" src=\"https:\/\/wp.ufpel.edu.br\/leae\/files\/2020\/03\/Screen-Shot-2020-03-30-at-16.36.27-312x400.png\" alt=\"\" width=\"126\" height=\"161\" srcset=\"https:\/\/wp.ufpel.edu.br\/leae\/files\/2020\/03\/Screen-Shot-2020-03-30-at-16.36.27-312x400.png 312w, https:\/\/wp.ufpel.edu.br\/leae\/files\/2020\/03\/Screen-Shot-2020-03-30-at-16.36.27-799x1024.png 799w, https:\/\/wp.ufpel.edu.br\/leae\/files\/2020\/03\/Screen-Shot-2020-03-30-at-16.36.27-768x984.png 768w, https:\/\/wp.ufpel.edu.br\/leae\/files\/2020\/03\/Screen-Shot-2020-03-30-at-16.36.27.png 1018w\" sizes=\"(max-width: 126px) 100vw, 126px\" \/>Profa. Dra. Diuliana Leandro \u00a0 \u00a0 \u00a0 \u00a0 \u00a0 \u00a0 \u00a0 \u00a0 \u00a0 \u00a0 \u00a0 \u00a0 \u00a0 \u00a0 \u00a0 \u00a0\u00a0<\/strong><\/p>\n<p><strong>Integrante do LEAE<\/strong><\/p>\n<p>Geotecnologias<\/p>\n<p style=\"text-align: left\">Centro de Engenharias, sala 201-B<\/p>\n<p><em>e-mail<\/em>:\u00a0diuliana.leandro@gmail.com<\/p>\n<p><strong><a href=\"http:\/\/buscatextual.cnpq.br\/buscatextual\/visualizacv.do?id=K4243548T1&amp;tokenCaptchar=03AHaCkAaCePqmnl4o-RwqGpyJPOG4O1f7GNngnDKCRv4A-sQckCHPKGr8wzZHysoKHjwHkH4bsgd_5mrtAOW7CGzLdv6_zd6uEmhk-mw-evU0tptVPEX6D8VLRp2gqzuln0l35WpFWWHLK25RVz27PgCaeU2WTPD5DMRw1IL02MppqVOnW-VzirYoh1bqzMP8Y3iSNaf-YYmLdPeetKQWXt3h9gKx73hIwmzCi3r1JE42f5Qd9P5PEQLL1XvB6l8EYwSi3h8CsmDIYTTClIm-XqrAdxMMVJBK-JT5Z0bfpkfQdMad8SbGDATE4OmP5bNeRGFByhM-oV-qjaqzEE0xncWxHSoI91YFl8zdgNoLOeztOljN5EDUfg3JPaY6aOq5mRUIWXDhyqmOWNqCLMNJDNEbtwQ0NQDnUA\"><img class=\"alignnone wp-image-556\" src=\"https:\/\/wp.ufpel.edu.br\/leae\/files\/2020\/03\/lattes.jpg\" alt=\"\" width=\"34\" height=\"34\" \/><\/a><\/strong><a href=\"https:\/\/www.researchgate.net\/profile\/Diuliana_Leandro\"><img class=\"alignnone wp-image-557\" src=\"https:\/\/wp.ufpel.edu.br\/leae\/files\/2020\/03\/rg.png\" alt=\"\" width=\"26\" height=\"26\" srcset=\"https:\/\/wp.ufpel.edu.br\/leae\/files\/2020\/03\/rg.png 225w, https:\/\/wp.ufpel.edu.br\/leae\/files\/2020\/03\/rg-200x200.png 200w\" sizes=\"(max-width: 26px) 100vw, 26px\" \/><\/a><a href=\"https:\/\/orcid.org\/0000-0002-8092-5550\"><img class=\"alignnone wp-image-558\" src=\"https:\/\/wp.ufpel.edu.br\/leae\/files\/2020\/03\/id.png\" alt=\"\" width=\"29\" height=\"29\" srcset=\"https:\/\/wp.ufpel.edu.br\/leae\/files\/2020\/03\/id.png 225w, https:\/\/wp.ufpel.edu.br\/leae\/files\/2020\/03\/id-200x200.png 200w\" sizes=\"(max-width: 29px) 100vw, 29px\" \/><\/a><a href=\"https:\/\/institucional.ufpel.edu.br\/servidores\/id\/139707\"><img class=\"alignnone wp-image-559\" src=\"https:\/\/wp.ufpel.edu.br\/leae\/files\/2020\/03\/ufp.jpg\" alt=\"\" width=\"29\" height=\"29\" srcset=\"https:\/\/wp.ufpel.edu.br\/leae\/files\/2020\/03\/ufp.jpg 224w, https:\/\/wp.ufpel.edu.br\/leae\/files\/2020\/03\/ufp-200x200.jpg 200w\" sizes=\"(max-width: 29px) 100vw, 29px\" \/><\/a><\/p>\n","protected":false},"excerpt":{"rendered":"<p>Prof. Dr. Willian C\u00e9zar Nadaleti \u00a0 \u00a0 \u00a0 \u00a0 \u00a0 \u00a0 \u00a0 \u00a0 \u00a0 \u00a0 \u00a0 \u00a0 \u00a0 \u00a0 \u00a0 \u00a0 \u00a0 Coordenador do LEAE \u00a0 \u00a0 \u00a0 \u00a0 \u00a0 \u00a0 Polui\u00e7\u00e3o Atmosf\u00e9rica e Energias Renov\u00e1veis Centro de Engenharias, sala 201-A e-mail: willian.nadaleti@ufpel.edu.br &nbsp; Prof. Dr. Bruno Muller Vieira \u00a0 \u00a0 \u00a0 \u00a0 \u00a0 \u00a0 [&hellip;]<\/p>\n","protected":false},"author":989,"featured_media":0,"parent":0,"menu_order":0,"comment_status":"closed","ping_status":"closed","template":"","meta":{"footnotes":""},"class_list":["post-18","page","type-page","status-publish","hentry"],"_links":{"self":[{"href":"https:\/\/wp.ufpel.edu.br\/leae\/wp-json\/wp\/v2\/pages\/18","targetHints":{"allow":["GET"]}}],"collection":[{"href":"https:\/\/wp.ufpel.edu.br\/leae\/wp-json\/wp\/v2\/pages"}],"about":[{"href":"https:\/\/wp.ufpel.edu.br\/leae\/wp-json\/wp\/v2\/types\/page"}],"author":[{"embeddable":true,"href":"https:\/\/wp.ufpel.edu.br\/leae\/wp-json\/wp\/v2\/users\/989"}],"replies":[{"embeddable":true,"href":"https:\/\/wp.ufpel.edu.br\/leae\/wp-json\/wp\/v2\/comments?post=18"}],"version-history":[{"count":48,"href":"https:\/\/wp.ufpel.edu.br\/leae\/wp-json\/wp\/v2\/pages\/18\/revisions"}],"predecessor-version":[{"id":803,"href":"https:\/\/wp.ufpel.edu.br\/leae\/wp-json\/wp\/v2\/pages\/18\/revisions\/803"}],"wp:attachment":[{"href":"https:\/\/wp.ufpel.edu.br\/leae\/wp-json\/wp\/v2\/media?parent=18"}],"curies":[{"name":"wp","href":"https:\/\/api.w.org\/{rel}","templated":true}]}}