{"id":84,"date":"2012-09-17T22:23:46","date_gmt":"2012-09-18T01:23:46","guid":{"rendered":"https:\/\/wp.ufpel.edu.br\/leaa\/?page_id=84"},"modified":"2021-05-15T21:40:29","modified_gmt":"2021-05-16T00:40:29","slug":"acervo","status":"publish","type":"page","link":"https:\/\/wp.ufpel.edu.br\/leaa\/acervo\/","title":{"rendered":"Acervo"},"content":{"rendered":"<p>Nesta \u00e1rea voc\u00ea pode encontrar o acervo bibliogr\u00e1fico do Laborat\u00f3rio de Estudos Agr\u00e1rios e Ambientais em forma lista.<\/p>\n<p>Para pesquisar por t\u00edtulo\/autor\/ano, basta utilizar o comando CTRL + F e digitar o nome pelo qual procura.<\/p>\n<p>Os materiais bibliogr\u00e1ficos podem ser retirados no pr\u00f3prio laborat\u00f3rio de segunda a sexta a partir das 14h at\u00e9 as 18h.<\/p>\n","protected":false},"excerpt":{"rendered":"<p>Nesta \u00e1rea voc\u00ea pode encontrar o acervo bibliogr\u00e1fico do Laborat\u00f3rio de Estudos Agr\u00e1rios e Ambientais em forma lista. Para pesquisar por t\u00edtulo\/autor\/ano, basta utilizar o comando CTRL + F e digitar o nome pelo qual procura. Os materiais bibliogr\u00e1ficos podem ser retirados no pr\u00f3prio laborat\u00f3rio de segunda a sexta a partir das 14h at\u00e9 as &hellip; <\/p>\n<p><a class=\"more-link btn\" href=\"https:\/\/wp.ufpel.edu.br\/leaa\/acervo\/\">Continue lendo<\/a><\/p>\n","protected":false},"author":206,"featured_media":0,"parent":0,"menu_order":5,"comment_status":"closed","ping_status":"closed","template":"","meta":{"jetpack_post_was_ever_published":false,"footnotes":""},"class_list":["post-84","page","type-page","status-publish","hentry","nodate","item-wrap"],"jetpack_sharing_enabled":true,"_links":{"self":[{"href":"https:\/\/wp.ufpel.edu.br\/leaa\/wp-json\/wp\/v2\/pages\/84","targetHints":{"allow":["GET"]}}],"collection":[{"href":"https:\/\/wp.ufpel.edu.br\/leaa\/wp-json\/wp\/v2\/pages"}],"about":[{"href":"https:\/\/wp.ufpel.edu.br\/leaa\/wp-json\/wp\/v2\/types\/page"}],"author":[{"embeddable":true,"href":"https:\/\/wp.ufpel.edu.br\/leaa\/wp-json\/wp\/v2\/users\/206"}],"replies":[{"embeddable":true,"href":"https:\/\/wp.ufpel.edu.br\/leaa\/wp-json\/wp\/v2\/comments?post=84"}],"version-history":[{"count":10,"href":"https:\/\/wp.ufpel.edu.br\/leaa\/wp-json\/wp\/v2\/pages\/84\/revisions"}],"predecessor-version":[{"id":2730,"href":"https:\/\/wp.ufpel.edu.br\/leaa\/wp-json\/wp\/v2\/pages\/84\/revisions\/2730"}],"wp:attachment":[{"href":"https:\/\/wp.ufpel.edu.br\/leaa\/wp-json\/wp\/v2\/media?parent=84"}],"curies":[{"name":"wp","href":"https:\/\/api.w.org\/{rel}","templated":true}]}}