{"id":817,"date":"2014-06-10T15:16:19","date_gmt":"2014-06-10T18:16:19","guid":{"rendered":"https:\/\/wp.ufpel.edu.br\/leaa\/?page_id=817"},"modified":"2024-07-17T16:22:32","modified_gmt":"2024-07-17T19:22:32","slug":"rede-de-estudos-agrarios","status":"publish","type":"page","link":"https:\/\/wp.ufpel.edu.br\/leaa\/rede-de-estudos-agrarios\/","title":{"rendered":"REA"},"content":{"rendered":"<h2 style=\"text-align: center;\"><\/h2>\n<h2 style=\"text-align: center;\"><\/h2>\n<h2 style=\"text-align: center;\"><a href=\"https:\/\/wp.ufpel.edu.br\/leaa\/files\/2014\/06\/logo-rea.jpg\"><img loading=\"lazy\" decoding=\"async\" class=\"aligncenter wp-image-1465 size-medium\" src=\"https:\/\/wp.ufpel.edu.br\/leaa\/files\/2014\/06\/logo-rea-424x158.jpg\" width=\"424\" height=\"158\" srcset=\"https:\/\/wp.ufpel.edu.br\/leaa\/files\/2014\/06\/logo-rea-424x158.jpg 424w, https:\/\/wp.ufpel.edu.br\/leaa\/files\/2014\/06\/logo-rea-212x79.jpg 212w, https:\/\/wp.ufpel.edu.br\/leaa\/files\/2014\/06\/logo-rea-768x287.jpg 768w, https:\/\/wp.ufpel.edu.br\/leaa\/files\/2014\/06\/logo-rea.jpg 2020w\" sizes=\"auto, (max-width: 424px) 100vw, 424px\" \/><\/a><\/h2>\n<h2 style=\"text-align: center;\">Bem-vindos ao REA<\/h2>\n<p style=\"text-align: justify;\">Constitu\u00edmos\u00a0 uma rede de pesquisa denominada Rede de Estudos Agr\u00e1rios \u2013 REA &#8211; formada pelos grupos de pesquisa sediados no diret\u00f3rio CNPq, N\u00facleo de Estudos Agr\u00e1rios- NEA-UNESP-Rio Claro-SP, Laborat\u00f3rio de Estudos Agr\u00e1rios e Ambientais -LEAA \u2013 UFPEL- Pelotas \u2013 RS, N\u00facleo de Estudos e Pesquisa em Geografia Rural- NEPGER \u2013 UNIMONTES \u2013 Montes Claros e Grupo de Estudos Regionais e Socioespaciais- GERES \u2013 UNIFAL \u2013 Alfenas \u2013 MG, e, Grupo de Estudos e Pesquisa sobre Alimentos e Manifesta\u00e7\u00f5es Tradicionais &#8211; GRUPAM- UFS &#8211; Sergipe &#8211; SE. A Rede\u00a0 ancora temas comuns e norteadores como multifuncionalidade, estrat\u00e9gias de reprodu\u00e7\u00e3o social e territorial, pol\u00edticas p\u00fablicas e desenvolvimento rural, autoconsumo e mercantiliza\u00e7\u00e3o, tendo como objeto de estudo a agricultura familiar e como categoria geogr\u00e1fica de an\u00e1lise a paisagem rural.<\/p>\n<p>&nbsp;<\/p>\n<p style=\"padding-left: 60px;\"><strong style=\"color: green;\"> ENCONTROS DO REA <\/strong><\/p>\n<ul>\n<li><a href=\"https:\/\/wp.ufpel.edu.br\/leaa\/rede-de-estudos-agrarios\/encontros-da-rede-de-estudos-agrarios\/i-encontro-da-rede-de-estudos-agrarios\/\">2010 &#8211; I Encontro do REA &#8211; Rio Claro &#8211; SP<\/a><\/li>\n<li><a href=\"https:\/\/wp.ufpel.edu.br\/leaa\/rede-de-estudos-agrarios\/encontros-da-rede-de-estudos-agrarios\/ii-encontro-da-rede-de-estudos-agrarios\/\">2011 &#8211; II Encontro do REA &#8211; Pelotas &#8211; RS<\/a><\/li>\n<li><a href=\"https:\/\/wp.ufpel.edu.br\/leaa\/rede-de-estudos-agrarios\/encontros-da-rede-de-estudos-agrarios\/iii-encontro-da-rede-de-estudos-agrarios\/\">2013 &#8211; III Encontro do REA &#8211; Montes Claros &#8211; MG<\/a><\/li>\n<li><a href=\"https:\/\/wp.ufpel.edu.br\/leaa\/rede-de-estudos-agrarios\/encontros-da-rede-de-estudos-agrarios\/iv-encontro-da-rede-de-estudos-agrarios\/\">2014 &#8211; IV Encontro do REA &#8211; Rio Claro &#8211; SP<\/a><\/li>\n<li><a href=\"https:\/\/wp.ufpel.edu.br\/leaa\/rede-de-estudos-agrarios\/encontros-da-rede-de-estudos-agrarios\/v-encontro-da-rede-de-estudos-agrarios\/\">2015 &#8211; V Encontro do REA &#8211; Alfenas &#8211;\u00a0 MG<\/a><\/li>\n<li><a href=\"https:\/\/wp.ufpel.edu.br\/leaa\/2017\/10\/24\/realizacao-do-vi-encontro-da-rede-de-estudos-agrarios\/\" target=\"_blank\" rel=\"noopener\">2017 &#8211; VI Encontro do REA &#8211; Pelotas &#8211; RS<\/a><\/li>\n<li>2021 &#8211; VII Encontro do REA &#8211; Montes Claros &#8211; MG<\/li>\n<li>2024 &#8211; VIII Encontro do REA &#8211; S\u00e3o Crist\u00f3v\u00e3o &#8211; SE<\/li>\n<\/ul>\n","protected":false},"excerpt":{"rendered":"<p>Bem-vindos ao REA Constitu\u00edmos\u00a0 uma rede de pesquisa denominada Rede de Estudos Agr\u00e1rios \u2013 REA &#8211; formada pelos grupos de pesquisa sediados no diret\u00f3rio CNPq, N\u00facleo de Estudos Agr\u00e1rios- NEA-UNESP-Rio Claro-SP, Laborat\u00f3rio de Estudos Agr\u00e1rios e Ambientais -LEAA \u2013 UFPEL- Pelotas \u2013 RS, N\u00facleo de Estudos e Pesquisa em Geografia Rural- NEPGER \u2013 UNIMONTES \u2013 &hellip; <\/p>\n<p><a class=\"more-link btn\" href=\"https:\/\/wp.ufpel.edu.br\/leaa\/rede-de-estudos-agrarios\/\">Continue lendo<\/a><\/p>\n","protected":false},"author":206,"featured_media":0,"parent":0,"menu_order":2,"comment_status":"closed","ping_status":"closed","template":"","meta":{"jetpack_post_was_ever_published":false,"footnotes":""},"class_list":["post-817","page","type-page","status-publish","hentry","nodate","item-wrap"],"jetpack_sharing_enabled":true,"_links":{"self":[{"href":"https:\/\/wp.ufpel.edu.br\/leaa\/wp-json\/wp\/v2\/pages\/817","targetHints":{"allow":["GET"]}}],"collection":[{"href":"https:\/\/wp.ufpel.edu.br\/leaa\/wp-json\/wp\/v2\/pages"}],"about":[{"href":"https:\/\/wp.ufpel.edu.br\/leaa\/wp-json\/wp\/v2\/types\/page"}],"author":[{"embeddable":true,"href":"https:\/\/wp.ufpel.edu.br\/leaa\/wp-json\/wp\/v2\/users\/206"}],"replies":[{"embeddable":true,"href":"https:\/\/wp.ufpel.edu.br\/leaa\/wp-json\/wp\/v2\/comments?post=817"}],"version-history":[{"count":34,"href":"https:\/\/wp.ufpel.edu.br\/leaa\/wp-json\/wp\/v2\/pages\/817\/revisions"}],"predecessor-version":[{"id":3354,"href":"https:\/\/wp.ufpel.edu.br\/leaa\/wp-json\/wp\/v2\/pages\/817\/revisions\/3354"}],"wp:attachment":[{"href":"https:\/\/wp.ufpel.edu.br\/leaa\/wp-json\/wp\/v2\/media?parent=817"}],"curies":[{"name":"wp","href":"https:\/\/api.w.org\/{rel}","templated":true}]}}