{"id":675,"date":"2013-10-21T17:34:00","date_gmt":"2013-10-21T19:34:00","guid":{"rendered":"https:\/\/wp.ufpel.edu.br\/leaa\/?page_id=675"},"modified":"2014-07-16T15:53:27","modified_gmt":"2014-07-16T18:53:27","slug":"v-mostra-etnografica-do-rs-historias-e-generos-de-vida","status":"publish","type":"page","link":"https:\/\/wp.ufpel.edu.br\/leaa\/galeria\/leaa\/v-mostra-etnografica-do-rs-historias-e-generos-de-vida\/","title":{"rendered":"V Mostra Etnogr\u00e1fica do RS: Hist\u00f3rias e G\u00eaneros de Vida"},"content":{"rendered":"<p><a href=\"https:\/\/wp.ufpel.edu.br\/leaa\/files\/2012\/09\/P1010041.jpg\"><img loading=\"lazy\" decoding=\"async\" class=\"aligncenter size-large wp-image-670\" src=\"https:\/\/wp.ufpel.edu.br\/leaa\/files\/2012\/09\/P1010041-1024x768.jpg\" alt=\"OLYMPUS DIGITAL CAMERA\" width=\"590\" height=\"442\" srcset=\"https:\/\/wp.ufpel.edu.br\/leaa\/files\/2012\/09\/P1010041-1024x768.jpg 1024w, https:\/\/wp.ufpel.edu.br\/leaa\/files\/2012\/09\/P1010041-300x225.jpg 300w\" sizes=\"auto, (max-width: 590px) 100vw, 590px\" \/><\/a> <a href=\"https:\/\/wp.ufpel.edu.br\/leaa\/files\/2012\/09\/P1010040.jpg\"><img loading=\"lazy\" decoding=\"async\" class=\"aligncenter size-large wp-image-669\" src=\"https:\/\/wp.ufpel.edu.br\/leaa\/files\/2012\/09\/P1010040-1024x768.jpg\" alt=\"OLYMPUS DIGITAL CAMERA\" width=\"590\" height=\"442\" srcset=\"https:\/\/wp.ufpel.edu.br\/leaa\/files\/2012\/09\/P1010040-1024x768.jpg 1024w, https:\/\/wp.ufpel.edu.br\/leaa\/files\/2012\/09\/P1010040-300x225.jpg 300w\" sizes=\"auto, (max-width: 590px) 100vw, 590px\" \/><\/a> <a href=\"https:\/\/wp.ufpel.edu.br\/leaa\/files\/2012\/09\/P1010037.jpg\"><img loading=\"lazy\" decoding=\"async\" class=\"aligncenter size-large wp-image-666\" src=\"https:\/\/wp.ufpel.edu.br\/leaa\/files\/2012\/09\/P1010037-1024x768.jpg\" alt=\"OLYMPUS DIGITAL CAMERA\" width=\"590\" height=\"442\" srcset=\"https:\/\/wp.ufpel.edu.br\/leaa\/files\/2012\/09\/P1010037-1024x768.jpg 1024w, https:\/\/wp.ufpel.edu.br\/leaa\/files\/2012\/09\/P1010037-300x225.jpg 300w\" sizes=\"auto, (max-width: 590px) 100vw, 590px\" \/><\/a> <a href=\"https:\/\/wp.ufpel.edu.br\/leaa\/files\/2012\/09\/P1010031.jpg\"><img loading=\"lazy\" decoding=\"async\" class=\"aligncenter size-large wp-image-660\" src=\"https:\/\/wp.ufpel.edu.br\/leaa\/files\/2012\/09\/P1010031-1024x768.jpg\" alt=\"OLYMPUS DIGITAL CAMERA\" width=\"590\" height=\"442\" srcset=\"https:\/\/wp.ufpel.edu.br\/leaa\/files\/2012\/09\/P1010031-1024x768.jpg 1024w, https:\/\/wp.ufpel.edu.br\/leaa\/files\/2012\/09\/P1010031-300x225.jpg 300w\" sizes=\"auto, (max-width: 590px) 100vw, 590px\" \/><\/a> <a href=\"https:\/\/wp.ufpel.edu.br\/leaa\/files\/2012\/09\/P1010036.jpg\"><img loading=\"lazy\" decoding=\"async\" class=\"aligncenter size-large wp-image-665\" src=\"https:\/\/wp.ufpel.edu.br\/leaa\/files\/2012\/09\/P1010036-1024x768.jpg\" alt=\"OLYMPUS DIGITAL CAMERA\" width=\"590\" height=\"442\" srcset=\"https:\/\/wp.ufpel.edu.br\/leaa\/files\/2012\/09\/P1010036-1024x768.jpg 1024w, https:\/\/wp.ufpel.edu.br\/leaa\/files\/2012\/09\/P1010036-300x225.jpg 300w\" sizes=\"auto, (max-width: 590px) 100vw, 590px\" \/><\/a> <a href=\"https:\/\/wp.ufpel.edu.br\/leaa\/files\/2012\/09\/P1010033.jpg\"><img loading=\"lazy\" decoding=\"async\" class=\"aligncenter size-large wp-image-662\" src=\"https:\/\/wp.ufpel.edu.br\/leaa\/files\/2012\/09\/P1010033-1024x768.jpg\" alt=\"OLYMPUS DIGITAL CAMERA\" width=\"590\" height=\"442\" srcset=\"https:\/\/wp.ufpel.edu.br\/leaa\/files\/2012\/09\/P1010033-1024x768.jpg 1024w, https:\/\/wp.ufpel.edu.br\/leaa\/files\/2012\/09\/P1010033-300x225.jpg 300w\" sizes=\"auto, (max-width: 590px) 100vw, 590px\" \/><\/a> <a href=\"https:\/\/wp.ufpel.edu.br\/leaa\/files\/2012\/09\/P1010026.jpg\"><img loading=\"lazy\" decoding=\"async\" class=\"aligncenter size-large wp-image-655\" src=\"https:\/\/wp.ufpel.edu.br\/leaa\/files\/2012\/09\/P1010026-1024x768.jpg\" alt=\"OLYMPUS DIGITAL CAMERA\" width=\"590\" height=\"442\" srcset=\"https:\/\/wp.ufpel.edu.br\/leaa\/files\/2012\/09\/P1010026-1024x768.jpg 1024w, https:\/\/wp.ufpel.edu.br\/leaa\/files\/2012\/09\/P1010026-300x225.jpg 300w\" sizes=\"auto, (max-width: 590px) 100vw, 590px\" \/><\/a> <a href=\"https:\/\/wp.ufpel.edu.br\/leaa\/files\/2012\/09\/P1010024.jpg\"><img loading=\"lazy\" decoding=\"async\" class=\"aligncenter size-large wp-image-653\" src=\"https:\/\/wp.ufpel.edu.br\/leaa\/files\/2012\/09\/P1010024-1024x768.jpg\" alt=\"OLYMPUS DIGITAL CAMERA\" width=\"590\" height=\"442\" srcset=\"https:\/\/wp.ufpel.edu.br\/leaa\/files\/2012\/09\/P1010024-1024x768.jpg 1024w, https:\/\/wp.ufpel.edu.br\/leaa\/files\/2012\/09\/P1010024-300x225.jpg 300w\" sizes=\"auto, (max-width: 590px) 100vw, 590px\" \/><\/a> <a href=\"https:\/\/wp.ufpel.edu.br\/leaa\/files\/2012\/09\/P1010027.jpg\"><img loading=\"lazy\" decoding=\"async\" class=\"aligncenter size-large wp-image-656\" src=\"https:\/\/wp.ufpel.edu.br\/leaa\/files\/2012\/09\/P1010027-1024x768.jpg\" alt=\"OLYMPUS DIGITAL CAMERA\" width=\"590\" height=\"442\" srcset=\"https:\/\/wp.ufpel.edu.br\/leaa\/files\/2012\/09\/P1010027-1024x768.jpg 1024w, https:\/\/wp.ufpel.edu.br\/leaa\/files\/2012\/09\/P1010027-300x225.jpg 300w\" sizes=\"auto, (max-width: 590px) 100vw, 590px\" \/><\/a> <a href=\"https:\/\/wp.ufpel.edu.br\/leaa\/files\/2012\/09\/P1010023.jpg\"><img loading=\"lazy\" decoding=\"async\" class=\"aligncenter size-large wp-image-652\" src=\"https:\/\/wp.ufpel.edu.br\/leaa\/files\/2012\/09\/P1010023-1024x768.jpg\" alt=\"OLYMPUS DIGITAL CAMERA\" width=\"590\" height=\"442\" srcset=\"https:\/\/wp.ufpel.edu.br\/leaa\/files\/2012\/09\/P1010023-1024x768.jpg 1024w, https:\/\/wp.ufpel.edu.br\/leaa\/files\/2012\/09\/P1010023-300x225.jpg 300w\" sizes=\"auto, (max-width: 590px) 100vw, 590px\" \/><\/a> <a href=\"https:\/\/wp.ufpel.edu.br\/leaa\/files\/2012\/09\/P1010022.jpg\"><img loading=\"lazy\" decoding=\"async\" class=\"aligncenter size-large wp-image-651\" src=\"https:\/\/wp.ufpel.edu.br\/leaa\/files\/2012\/09\/P1010022-1024x768.jpg\" alt=\"OLYMPUS DIGITAL CAMERA\" width=\"590\" height=\"442\" srcset=\"https:\/\/wp.ufpel.edu.br\/leaa\/files\/2012\/09\/P1010022-1024x768.jpg 1024w, https:\/\/wp.ufpel.edu.br\/leaa\/files\/2012\/09\/P1010022-300x225.jpg 300w\" sizes=\"auto, (max-width: 590px) 100vw, 590px\" \/><\/a><\/p>\n<p>&nbsp;<\/p>\n","protected":false},"excerpt":{"rendered":"<p>&nbsp;<\/p>\n","protected":false},"author":206,"featured_media":0,"parent":901,"menu_order":0,"comment_status":"closed","ping_status":"closed","template":"","meta":{"jetpack_post_was_ever_published":false,"footnotes":""},"class_list":["post-675","page","type-page","status-publish","hentry","nodate","item-wrap"],"jetpack_sharing_enabled":true,"_links":{"self":[{"href":"https:\/\/wp.ufpel.edu.br\/leaa\/wp-json\/wp\/v2\/pages\/675","targetHints":{"allow":["GET"]}}],"collection":[{"href":"https:\/\/wp.ufpel.edu.br\/leaa\/wp-json\/wp\/v2\/pages"}],"about":[{"href":"https:\/\/wp.ufpel.edu.br\/leaa\/wp-json\/wp\/v2\/types\/page"}],"author":[{"embeddable":true,"href":"https:\/\/wp.ufpel.edu.br\/leaa\/wp-json\/wp\/v2\/users\/206"}],"replies":[{"embeddable":true,"href":"https:\/\/wp.ufpel.edu.br\/leaa\/wp-json\/wp\/v2\/comments?post=675"}],"version-history":[{"count":3,"href":"https:\/\/wp.ufpel.edu.br\/leaa\/wp-json\/wp\/v2\/pages\/675\/revisions"}],"predecessor-version":[{"id":904,"href":"https:\/\/wp.ufpel.edu.br\/leaa\/wp-json\/wp\/v2\/pages\/675\/revisions\/904"}],"up":[{"embeddable":true,"href":"https:\/\/wp.ufpel.edu.br\/leaa\/wp-json\/wp\/v2\/pages\/901"}],"wp:attachment":[{"href":"https:\/\/wp.ufpel.edu.br\/leaa\/wp-json\/wp\/v2\/media?parent=675"}],"curies":[{"name":"wp","href":"https:\/\/api.w.org\/{rel}","templated":true}]}}