{"id":50,"date":"2012-09-04T22:56:32","date_gmt":"2012-09-05T01:56:32","guid":{"rendered":"https:\/\/wp.ufpel.edu.br\/leaa\/?page_id=50"},"modified":"2020-08-26T17:52:02","modified_gmt":"2020-08-26T20:52:02","slug":"publicacoes","status":"publish","type":"page","link":"https:\/\/wp.ufpel.edu.br\/leaa\/publicacoes\/","title":{"rendered":"Publica\u00e7\u00f5es"},"content":{"rendered":"<ul>\n<li>FRANZ, Juliana Cristina; PINTO, Carlos Vin\u00edcius da Silva; SALAMONI, Giancarla. REPRODU\u00c7\u00c3O E PERMAN\u00caNCIA DA AGRICULTURA FAMILIAR: um estudo de caso no munic\u00edpio de Lajeado \u2013 RS. II Col\u00f3quio de Pesquisa do NEA. Rio Claro,UNESP, 2010. <a href=\"http:\/\/www.ufpel.edu.br\/ich\/leaa\/publicacoes\/1288115610.pdf\" target=\"_blank\" rel=\"noopener noreferrer\">PDF<\/a><\/li>\n<li>RIBEIRO, Veridiana Soares; SALAMONI, Giancarla. REFORMA AGR\u00c1RIA E A REORGANIZA\u00c7\u00c3O DO TERRIT\u00d3RIO: O CASO DO ASSENTAMENTO 24 DE NOVEMBRO \u2013 CAP\u00c3O DO LE\u00c3O \u2013 RS. II Col\u00f3quio de Pesquisa do NEA. Rio Claro,UNESP, 2010.\u00a0<a href=\"http:\/\/www.ufpel.edu.br\/ich\/leaa\/publicacoes\/1288115747.pdf\" target=\"_blank\" rel=\"noopener noreferrer\">PDF<\/a><\/li>\n<li>MOURA, Lucim\u00e1ra dos Santos de; SALAMONI, Giancarla. INTEGRA\u00c7\u00c3O AO MERCADO E PRODU\u00c7\u00c3O PARA O AUTOCONSUMO: Estrat\u00e9gias socioprodutivas na agricultura familiar de Favila- Cangu\u00e7u\/RS. II Col\u00f3quio de Pesquisa do NEA. Rio Claro,UNESP, 2010.\u00a0<a href=\"http:\/\/www.ufpel.edu.br\/ich\/leaa\/publicacoes\/1288115678.pdf\" target=\"_blank\" rel=\"noopener noreferrer\">PDF<\/a><\/li>\n<li>BARROS, L\u00e2nderson Ant\u00f3ria; CABANA, Glauber Sudo; Salamoni, Giancarla; COSTA, Ad\u00e3o Jos\u00e9 Vital da. AGROECOLOGIA E SUAS RELA\u00c7\u00d5ES COM A EDUCA\u00c7\u00c3O AMBIENTAL: a quest\u00e3o do lixo dom\u00e9stico e agr\u00edcola. II Col\u00f3quio de Pesquisa do NEA. Rio Claro,UNESP, 2010.\u00a0<a href=\"http:\/\/www.ufpel.edu.br\/ich\/leaa\/publicacoes\/1288115386.pdf\" target=\"_blank\" rel=\"noopener noreferrer\">PDF<\/a><\/li>\n<li>PINTO, Carlos Vin\u00edcius da Silva; FRANZ, Juliana Cristina; SALAMONI, Giancarla. A AGRICULTURA E A CIDADE: A produ\u00e7\u00e3o de alimentos no espa\u00e7o urbano de Pelotas-RS. II Col\u00f3quio de Pesquisa do NEA. Rio Claro,UNESP, 2010.\u00a0<a href=\"http:\/\/www.ufpel.edu.br\/ich\/leaa\/publicacoes\/1288115561.pdf\" target=\"_blank\" rel=\"noopener noreferrer\">PDF<\/a><\/li>\n<li>MENASCHE, Renata; SALAMONI, Giancarla. ENSINO, PESQUISA E EXTENS\u00c3O NO RURAL: a experi\u00eancia do laborat\u00f3rio de estudos agr\u00e1rios e ambientais- LEAA. A Extens\u00e3o Universit\u00e1ria nos 50 da UFPEL &#8211; Parte III &#8211; Meio Ambiente. Pelotas, UFPEL, 2020. <a href=\"https:\/\/wp.ufpel.edu.br\/leaa\/files\/2020\/08\/capitulo-sobre-o-LEAA.pdf\" target=\"_blank\" rel=\"noopener noreferrer\">PDF<\/a><\/li>\n<\/ul>\n","protected":false},"excerpt":{"rendered":"<p>FRANZ, Juliana Cristina; PINTO, Carlos Vin\u00edcius da Silva; SALAMONI, Giancarla. REPRODU\u00c7\u00c3O E PERMAN\u00caNCIA DA AGRICULTURA FAMILIAR: um estudo de caso no munic\u00edpio de Lajeado \u2013 RS. II Col\u00f3quio de Pesquisa do NEA. Rio Claro,UNESP, 2010. PDF RIBEIRO, Veridiana Soares; SALAMONI, Giancarla. REFORMA AGR\u00c1RIA E A REORGANIZA\u00c7\u00c3O DO TERRIT\u00d3RIO: O CASO DO ASSENTAMENTO 24 DE NOVEMBRO &hellip; <\/p>\n<p><a class=\"more-link btn\" href=\"https:\/\/wp.ufpel.edu.br\/leaa\/publicacoes\/\">Continue lendo<\/a><\/p>\n","protected":false},"author":206,"featured_media":0,"parent":0,"menu_order":7,"comment_status":"closed","ping_status":"closed","template":"","meta":{"jetpack_post_was_ever_published":false,"footnotes":""},"class_list":["post-50","page","type-page","status-publish","hentry","nodate","item-wrap"],"jetpack_sharing_enabled":true,"_links":{"self":[{"href":"https:\/\/wp.ufpel.edu.br\/leaa\/wp-json\/wp\/v2\/pages\/50","targetHints":{"allow":["GET"]}}],"collection":[{"href":"https:\/\/wp.ufpel.edu.br\/leaa\/wp-json\/wp\/v2\/pages"}],"about":[{"href":"https:\/\/wp.ufpel.edu.br\/leaa\/wp-json\/wp\/v2\/types\/page"}],"author":[{"embeddable":true,"href":"https:\/\/wp.ufpel.edu.br\/leaa\/wp-json\/wp\/v2\/users\/206"}],"replies":[{"embeddable":true,"href":"https:\/\/wp.ufpel.edu.br\/leaa\/wp-json\/wp\/v2\/comments?post=50"}],"version-history":[{"count":10,"href":"https:\/\/wp.ufpel.edu.br\/leaa\/wp-json\/wp\/v2\/pages\/50\/revisions"}],"predecessor-version":[{"id":2498,"href":"https:\/\/wp.ufpel.edu.br\/leaa\/wp-json\/wp\/v2\/pages\/50\/revisions\/2498"}],"wp:attachment":[{"href":"https:\/\/wp.ufpel.edu.br\/leaa\/wp-json\/wp\/v2\/media?parent=50"}],"curies":[{"name":"wp","href":"https:\/\/api.w.org\/{rel}","templated":true}]}}