{"id":403,"date":"2012-11-28T17:09:45","date_gmt":"2012-11-28T19:09:45","guid":{"rendered":"https:\/\/wp.ufpel.edu.br\/leaa\/?page_id=403"},"modified":"2023-04-03T16:29:58","modified_gmt":"2023-04-03T19:29:58","slug":"regimento-interno","status":"publish","type":"page","link":"https:\/\/wp.ufpel.edu.br\/leaa\/inicio\/regimento-interno\/","title":{"rendered":"Regimento Interno"},"content":{"rendered":"<p align=\"justify\"><a href=\"https:\/\/wp.ufpel.edu.br\/leaa\/files\/2023\/04\/Logoleaa.png\"><img loading=\"lazy\" decoding=\"async\" class=\"alignnone wp-image-3130\" src=\"https:\/\/wp.ufpel.edu.br\/leaa\/files\/2023\/04\/Logoleaa.png\" alt=\"\" width=\"120\" height=\"101\" srcset=\"https:\/\/wp.ufpel.edu.br\/leaa\/files\/2023\/04\/Logoleaa.png 378w, https:\/\/wp.ufpel.edu.br\/leaa\/files\/2023\/04\/Logoleaa-189x159.png 189w\" sizes=\"auto, (max-width: 120px) 100vw, 120px\" \/><\/a><\/p>\n<p style=\"text-align: center;\"><b>REGIMENTO INTERNO DO LABORAT\u00d3RIO DE ESTUDOS AGR\u00c1RIOS E AMBIENTAIS-LEAA<\/b><\/p>\n<p><b>CAP\u00cdTULO I<\/b><\/p>\n<p><b>DA DENOMINA\u00c7\u00c3O E DO OBJETO<\/b><\/p>\n<p><b>Art. 1<\/b><b>o<\/b><span style=\"font-weight: 400;\"> O Laborat\u00f3rio constitui-se em um projeto de Extens\u00e3o Permanente (C\u00f3d. COCEPE\/UFPEL 169) que em articula\u00e7\u00e3o com os Grupos de Pesquisa Estudos Agr\u00e1rios e Ambientais-LEAA e <\/span><span style=\"font-weight: 400;\">Grupo de Estudos e Pesquisas em Alimenta\u00e7\u00e3o, Consumo e Cultura &#8211; GEPAC<\/span><span style=\"font-weight: 400;\"> inscritos no Diret\u00f3rio dos Grupos de Pesquisa do CNPq, representa um espa\u00e7o institucional vinculado aos Departamentos de Geografia e de Antropologia da Universidade Federal de Pelotas, desenvolvendo atividades de pesquisa, ensino e extens\u00e3o voltadas aos estudos rurais e ambientais aprovado pelo Conselho Coordenador do Ensino da Pesquisa e da Extens\u00e3o (COCEPE) e registrado na Divis\u00e3o de Planejamento e Acompanhamento T\u00e9cnico (DIPLAN) da Pr\u00f3-Reitoria de Extens\u00e3o e Cultura (PREC) originalmente sob o n\u00famero 53006011, da data 18 de abril de 2001.<\/span><\/p>\n<p><span style=\"font-weight: 400;\">O grupo do LEAA \u00e9 formado por uma equipe de professores\/as-pesquisadores\/as e alunos\/as bolsistas e orientandos\/as de cursos de gradua\u00e7\u00e3o e p\u00f3s-gradua\u00e7\u00e3o e dedica-se aos estudos sobre a heterogeneidade dos espa\u00e7os rurais, buscando apreender, por um lado, a diversidade na organiza\u00e7\u00e3o s\u00f3cioespacial da agricultura familiar e, por outro, as din\u00e2micas e identidades territoriais, entendendo o desenvolvimento local e regional como resultante das interrela\u00e7\u00f5es complexas entre natureza e sociedade, ou seja, que o ambiente natural e as tradi\u00e7\u00f5es culturais encontram-se imbricados na constru\u00e7\u00e3o dos territ\u00f3rios rurais.<\/span><\/p>\n<p><b>Art. 2<\/b><b>o<\/b> <span style=\"font-weight: 400;\">Os principais objetivos do LEAA s\u00e3o:<\/span><\/p>\n<ul>\n<li><b>1\u00ba<\/b><span style=\"font-weight: 400;\"> Facilitar o interc\u00e2mbio de produ\u00e7\u00e3o acad\u00eamico-cient\u00edfica com outras institui\u00e7\u00f5es de Ensino e\u00a0 Pesquisa;<\/span><\/li>\n<li><b>2\u00ba<\/b><span style=\"font-weight: 400;\"> Organizar um acervo bibliogr\u00e1fico (livros, revistas, peri\u00f3dicos, monografias, disserta\u00e7\u00f5es, teses e relat\u00f3rios t\u00e9cnicos) sobre os estudos agr\u00e1rios e ambientais, disponibilizando para consulta p\u00fablica;<\/span><\/li>\n<li><b>3\u00ba<\/b><span style=\"font-weight: 400;\"> Promover e realizar atividades de extens\u00e3o como cursos, palestras, semin\u00e1rios e exposi\u00e7\u00f5es audiovisuais;<\/span><\/li>\n<li><b>4\u00ba<\/b><span style=\"font-weight: 400;\"> Elaborar projetos de pesquisa na \u00e1rea tem\u00e1tica dos estudos rurais;<\/span><\/li>\n<li><b>5\u00ba<\/b><span style=\"font-weight: 400;\"> Propor projetos de ensino que auxiliem na forma\u00e7\u00e3o extracurricular dos acad\u00eamicos, com\u00a0 \u00a0 \u00a0 \u00eanfase nas din\u00e2micas socioterritoriais presentes no rural;<\/span><\/li>\n<\/ul>\n<p><b>Art. 3<\/b><b>o<\/b><span style=\"font-weight: 400;\">\u00a0O presente regimento se subordina as regras estabelecidas pelo COCEPE\/UFPel, especialmente as contidas na Resolu\u00e7\u00e3o 10, de 09 de novembro de 2006, que disp\u00f5e sobre o Regulamento Geral das Atividades Extensionistas e Culturais da Universidade Federal de Pelotas, \u00e0 Normatiza\u00e7\u00e3o dos Projetos de Ensino e ao Regimento Geral da Pr\u00f3-Reitoria de Pesquisa e P\u00f3s-Gradua\u00e7\u00e3o da UFPel.<\/span><\/p>\n<p><b>Art. 4<\/b><b>o<\/b><span style=\"font-weight: 400;\">\u00a0O LEAA est\u00e1 localizado na sala 118 do Instituto de Ci\u00eancias Humanas da Universidade Federal de Pelotas, com endere\u00e7o na Rua Alberto Rosa, 154, CEP 96010-770, Pelotas, RS.<\/span><\/p>\n<p><b>CAP\u00cdTULO II<\/b><\/p>\n<p><b>DAS FINALIDADES<\/b><\/p>\n<p><b>Art. 5\u00ba<\/b><span style=\"font-weight: 400;\"> Atender \u00e0s comunidades docente e discente, ligadas a \u00e1rea de geografia e antropologia da Universidade Federal de Pelotas, atrav\u00e9s de projetos de pesquisa, extens\u00e3o e ensino.<\/span><\/p>\n<ul>\n<li><b>1\u00ba<\/b><span style=\"font-weight: 400;\"> Das atividades de extens\u00e3o do LEAA, estas ser\u00e3o desenvolvidas na forma de eventos, cursos, atendimento de demandas sociais, presta\u00e7\u00e3o de servi\u00e7os e outros produtos acad\u00eamicos, subordinadas as regras estabelecidas pelo COCEPE\/UFPEL.<\/span><\/li>\n<li><b>2\u00ba<\/b><span style=\"font-weight: 400;\"> Das atividades de ensino do LEAA, estas ser\u00e3o caracterizadas como um conjunto de atividades de car\u00e1ter tempor\u00e1rio que visam \u00e0 reflex\u00e3o e melhoria do processo de ensino\/aprendizagem nos cursos de gradua\u00e7\u00e3o e p\u00f3s-gradua\u00e7\u00e3o, qualificados pelo desenvolvimento de atividades extra-sala de aula, com orienta\u00e7\u00e3o de um professor respons\u00e1vel destinado exclusivamente \u00e0 comunidade interna.<\/span><\/li>\n<li><b>3\u00ba<\/b><span style=\"font-weight: 400;\"> Das atividades de pesquisa do LEAA, estas ser\u00e3o entendidas como investiga\u00e7\u00f5es de car\u00e1ter acad\u00eamico e cient\u00edfico, a partir de fundamenta\u00e7\u00f5es te\u00f3ricas e metodol\u00f3gicas espec\u00edficas, conformadas a partir das \u00e1reas de atua\u00e7\u00e3o dos professores pesquisadores nos seguintes temas: Multifuncionalidade do Espa\u00e7o Rural, Alimenta\u00e7\u00e3o e Cultura, Agroecologia, Agricultura Familiar, Juventude Rural, Pol\u00edticas P\u00fablicas, Desenvolvimento Rural, Estrat\u00e9gias de Reprodu\u00e7\u00e3o Social e Territorial da Agricultura Familiar.<\/span><\/li>\n<\/ul>\n<p>&nbsp;<\/p>\n<p><b>CAP\u00cdTULO III<\/b><\/p>\n<p><b>DAS ATIVIDADES E FUNCIONAMENTO<\/b><\/p>\n<p><b>Art. 6\u00ba<\/b><span style=\"font-weight: 400;\"> As a\u00e7\u00f5es do LEAA ser\u00e3o desenvolvidas por interm\u00e9dio de Programas e Projetos. Para fins deste Regimento, nos termos da Resolu\u00e7\u00e3o 10 do COCEPE\/UFPel entendem-se as seguintes express\u00f5es por:<\/span><\/p>\n<ol>\n<li><span style=\"font-weight: 400;\"> Programa \u2013 Conjunto de a\u00e7\u00f5es de car\u00e1ter org\u00e2nico-institucional, de m\u00e9dio e longo prazo, com clareza de diretrizes e orientadas a um objetivo comum, articulando projetos e outras a\u00e7\u00f5es existentes (cursos, eventos, presta\u00e7\u00e3o de servi\u00e7os e produ\u00e7\u00e3o acad\u00eamica), inclusive de pesquisa e ensino;<\/span><\/li>\n<li><span style=\"font-weight: 400;\"> Projeto \u2013 Conjunto de a\u00e7\u00f5es processuais e cont\u00ednuas de car\u00e1ter educativo, sociais, culturais, cient\u00edficos ou tecnol\u00f3gicos, com objetivo bem definido e prazo determinado.<\/span><\/li>\n<\/ol>\n<p><b>Art. 7\u00ba<\/b><span style=\"font-weight: 400;\"> Os membros do LEAA dever\u00e3o priorizar a realiza\u00e7\u00e3o de projetos que contemplem a pesquisa, a extens\u00e3o e o ensino vinculados ao programa estabelecido pela coordena\u00e7\u00e3o.<\/span><\/p>\n<p><b>Art. 8\u00ba<\/b><span style=\"font-weight: 400;\"> O funcionamento do LEAA se dar\u00e1 em local destinado ao Laborat\u00f3rio que contemple a possibilidade de guarda do acervo e conserva\u00e7\u00e3o dos bens e equipamentos colocados \u00e0 disposi\u00e7\u00e3o do laborat\u00f3rio, em hor\u00e1rio a ser estabelecido pelos coordenadores em cada semestre letivo.<\/span><\/p>\n<p><b>Art. 9\u00ba<\/b><span style=\"font-weight: 400;\"> Todo o acervo de bens, materiais e equipamentos dever\u00e1 ser mantido sob cataloga\u00e7\u00e3o, sendo o seu uso e empr\u00e9stimo regulados por regras pr\u00f3prias.<\/span><\/p>\n<p><span style=\"font-weight: 400;\">\u00a0<\/span><b>CAP\u00cdTULO IV<\/b><\/p>\n<p><b>DOS COMPONENTES<\/b><\/p>\n<p><b>Art. 10<\/b><b>o<\/b><span style=\"font-weight: 400;\">\u00a0Integram o LEAA docentes, discentes (gradua\u00e7\u00e3o e p\u00f3s-gradua\u00e7\u00e3o), pesquisadores, bolsistas de gradua\u00e7\u00e3o e o p\u00fablico externo que manifeste interesse pelas \u00e1reas de pesquisa do laborat\u00f3rio, ou tenham tido sua indica\u00e7\u00e3o ou convite para participa\u00e7\u00e3o homologada pelo \u00f3rg\u00e3o de administra\u00e7\u00e3o colegiada do LEAA.<\/span><\/p>\n<p><b>Art. 11\u00ba<\/b><span style=\"font-weight: 400;\"> Os componentes do LEAA est\u00e3o distribu\u00eddos da seguinte forma:<\/span><\/p>\n<ol>\n<li><span style=\"font-weight: 400;\">Coordenadores<\/span><span style=\"font-weight: 400;\">\u2013 Docentes dos Departamentos integrantes do LEAA, que coordenem projetos nas \u00e1reas de atua\u00e7\u00e3o do Laborat\u00f3rio ou participem da coordena\u00e7\u00e3o do pr\u00f3prio laborat\u00f3rio;<\/span><\/li>\n<li><span style=\"font-weight: 400;\">Bolsistas<\/span><span style=\"font-weight: 400;\">\u2013 Discentes da UFPel que atuem em projeto do LEAA mediante contrapartida na forma de bolsa de natureza cient\u00edfica e\/ou acad\u00eamica patrocinada pela universidade, ag\u00eancias de fomento \u00e0 pesquisa e\/ou institui\u00e7\u00f5es cong\u00eaneres;<\/span><\/li>\n<\/ol>\n<p><span style=\"font-weight: 400;\">III.\u00a0<\/span><span style=\"font-weight: 400;\">Participantes n\u00e3o bolsistas<\/span><span style=\"font-weight: 400;\">\u00a0\u2013 Volunt\u00e1rios internos, quando discentes da UFPel e externos, quando de outras Universidades que atuem em projeto do LEAA de maneira volunt\u00e1ria, sem contrapartida;<\/span><\/p>\n<ol>\n<li><span style=\"font-weight: 400;\">Colaboradores<\/span><span style=\"font-weight: 400;\">\u2013 Internos, quando docentes e pesquisadores da UFPel que participem de projeto do LEAA na fun\u00e7\u00e3o de colaborador ou que mantenham v\u00ednculo de colabora\u00e7\u00e3o com as atividades do Laborat\u00f3rio; e externos, quando docentes e pesquisadores n\u00e3o pertencentes \u00e0 UFPel que participem de projeto do LEAA na fun\u00e7\u00e3o de colaborador ou que mantenham v\u00ednculo de colabora\u00e7\u00e3o com as atividades do laborat\u00f3rio;<\/span><\/li>\n<\/ol>\n<p><b>Art. 12<\/b><b>o<\/b><span style=\"font-weight: 400;\">\u00a0A participa\u00e7\u00e3o efetiva em projetos do LEAA n\u00e3o estabelece, a membros externos envolvidos, v\u00ednculos acad\u00eamicos ou administrativos com a UFPel.<\/span><\/p>\n<p><b>Art. 13<\/b><b>o<\/b><span style=\"font-weight: 400;\">\u00a0O Colegiado dos Coordenadores deliberar\u00e1 sobre as indica\u00e7\u00f5es e convites para participa\u00e7\u00e3o no LEAA.<\/span><\/p>\n<p><b>Art. 14\u00ba<\/b><span style=\"font-weight: 400;\"> \u2013 A sele\u00e7\u00e3o de Bolsistas ser\u00e1 feita mediante processo seletivo em que seja observado o desempenho acad\u00eamico, a capacidade e o interesse do candidato, sob a coordena\u00e7\u00e3o de professores \u2013 pesquisadores integrantes do LEAA.<\/span><\/p>\n<p><b>Art. 15<\/b><b>o<\/b><span style=\"font-weight: 400;\">\u00a0A Coordena\u00e7\u00e3o Geral do LEAA poder\u00e1 emitir Portaria Interna homologando a participa\u00e7\u00e3o dos componentes do Laborat\u00f3rio nas respectivas modalidades.<\/span><\/p>\n<p><b>CAP\u00cdTULO V<\/b><\/p>\n<p><b>DA ADMINISTRA\u00c7\u00c3O<\/b><\/p>\n<p><b>Art. 16\u00ba<\/b><span style=\"font-weight: 400;\"> O LEAA ser\u00e1 administrado por um Colegiado composto pelos membros Coordenadores\/as do Laborat\u00f3rio.<\/span><\/p>\n<p><b>Art. 17\u00ba<\/b><span style=\"font-weight: 400;\"> O Colegiado dos Coordenadores ser\u00e1 representado por um Coordenador Geral escolhido entre os Coordenadores.<\/span><\/p>\n<p><b>Art. 18\u00ba<\/b><span style=\"font-weight: 400;\"> S\u00e3o atribui\u00e7\u00f5es do Colegiado dos\/as Coordenadores\/as:<\/span><\/p>\n<ol>\n<li><span style=\"font-weight: 400;\"> Realizar o planejamento anual das atividades do LEAA no in\u00edcio de cada semestre letivo;<\/span><\/li>\n<li><span style=\"font-weight: 400;\"> Estabelecer metas e estrat\u00e9gias de a\u00e7\u00e3o para o LEAA executando suas a\u00e7\u00f5es por interm\u00e9dio de projetos nas distintas modalidades poss\u00edveis;<\/span><\/li>\n<\/ol>\n<p><span style=\"font-weight: 400;\">III. Tomar ci\u00eancia dos projetos apresentados pelos seus membros emitindo parecer sobre sua realiza\u00e7\u00e3o;<\/span><\/p>\n<ol>\n<li><span style=\"font-weight: 400;\"> Emitir parecer sobre a participa\u00e7\u00e3o de novos componentes do LEAA;<\/span><\/li>\n<\/ol>\n<p><span style=\"font-weight: 400;\">Manter sistem\u00e1tica de avalia\u00e7\u00e3o peri\u00f3dica e continuada de todas as atividades do LEAA;<\/span><\/p>\n<ol>\n<li><span style=\"font-weight: 400;\">Escolher o Coordenador Geral, entre seus membros, para exercer a representa\u00e7\u00e3o do Colegiado pelo prazo de dois anos.<\/span><\/li>\n<\/ol>\n<p><b>Art. 19\u00ba<\/b><span style=\"font-weight: 400;\"> Compete ao\/a Coordenador\/a Geral do LEAA:<\/span><\/p>\n<ol>\n<li><span style=\"font-weight: 400;\"> Representar o LEAA nos atos em que for necess\u00e1rio, designando representante em caso de impossibilidade;<\/span><\/li>\n<li><span style=\"font-weight: 400;\"> Emitir Portaria Interna homologando a participa\u00e7\u00e3o de componentes do Laborat\u00f3rio nas respectivas modalidades;<\/span><\/li>\n<\/ol>\n<p><span style=\"font-weight: 400;\">III. Programar as a\u00e7\u00f5es do Laborat\u00f3rio por interm\u00e9dio dos projetos nas distintas modalidades poss\u00edveis;<\/span><\/p>\n<ol>\n<li><span style=\"font-weight: 400;\"> Manter atualizado o registro de atividades do LEAA e efetivar os relat\u00f3rios pertinentes;<\/span><\/li>\n<li><span style=\"font-weight: 400;\">Deliberar sobre as formas de uso dos materiais e equipamentos do LEAA.<\/span><\/li>\n<li><span style=\"font-weight: 400;\"> Gerenciar o funcionamento do Laborat\u00f3rio em suas atividades administrativas e funcionais de of\u00edcio.<\/span><\/li>\n<\/ol>\n<p>&nbsp;<\/p>\n<p><b>CAP\u00cdTULO VI<\/b><\/p>\n<p><b>DOS DEVERES E DIREITOS DOS USU\u00c1RIOS<\/b><\/p>\n<p><b>Art. 20\u00ba<\/b><span style=\"font-weight: 400;\"> S\u00e3o deveres dos usu\u00e1rios do LEAA:<\/span><\/p>\n<ol>\n<li><span style=\"font-weight: 400;\"> Respeitar o regimento do LEAA;<\/span><\/li>\n<li><span style=\"font-weight: 400;\"> Prezar pelo bom uso e conserva\u00e7\u00e3o dos materiais, equipamentos e m\u00f3veis dispon\u00edveis no LEAA;<\/span><\/li>\n<\/ol>\n<p><span style=\"font-weight: 400;\">III. Manter organizado o espa\u00e7o interno, quando do t\u00e9rmino dos turnos de atividades.<\/span><\/p>\n<p><b>Art. 21\u00ba<\/b><span style=\"font-weight: 400;\"> S\u00e3o direitos dos usu\u00e1rios do LEAA:<\/span><\/p>\n<ol>\n<li><span style=\"font-weight: 400;\"> Ter acesso aos recursos existentes no Laborat\u00f3rio para a realiza\u00e7\u00e3o de suas atividades de ensino, pesquisa e extens\u00e3o, mediante autoriza\u00e7\u00e3o pr\u00e9via;<\/span><\/li>\n<li><span style=\"font-weight: 400;\"> Ter orienta\u00e7\u00e3o e instru\u00e7\u00e3o sobre a utiliza\u00e7\u00e3o dos recursos, materiais e equipamentos;<\/span><\/li>\n<\/ol>\n<p><span style=\"font-weight: 400;\">III. Obter, por meio de empr\u00e9stimo:<\/span><\/p>\n<p><span style=\"font-weight: 400;\">Equipamentos, mediante termo de responsabilidade assinado por um dos membros do Colegiado de Coordenadores do LEAA;<\/span><\/p>\n<p><span style=\"font-weight: 400;\">Material bibliogr\u00e1fico, mediante registro impresso e digital, em conformidade com a cataloga\u00e7\u00e3o do acervo.<\/span><\/p>\n<p><span style=\"font-weight: 400;\">\u00a0<\/span><b>CAP\u00cdTULO VII<\/b><\/p>\n<p><b>DO USO INDEVIDO DO LABORAT\u00d3RIO<\/b><\/p>\n<p><b>Art. 22\u00ba<\/b><span style=\"font-weight: 400;\"> Constitui uso indevido do LEAA:<\/span><\/p>\n<ol>\n<li><span style=\"font-weight: 400;\"> Praticar atividades que afetem ou coloquem em risco as instala\u00e7\u00f5es (roubo, depreda\u00e7\u00e3o, inc\u00eandio, etc.);<\/span><\/li>\n<li><span style=\"font-weight: 400;\"> Facilitar o acesso ao Laborat\u00f3rio de pessoas externas \u00e0 UFPel e\/ou pessoas n\u00e3o autorizadas (empr\u00e9stimo e c\u00f3pias de chaves, empr\u00e9stimo de equipamentos e material bibliogr\u00e1fico, abertura de portas, etc.);<\/span><\/li>\n<\/ol>\n<p><span style=\"font-weight: 400;\">III. Perturbar o ambiente com algazarras e\/ou qualquer outra atividade alheia \u00e0s fun\u00e7\u00f5es do LEAA;<\/span><\/p>\n<ol>\n<li><span style=\"font-weight: 400;\"> Desmontar quaisquer equipamentos ou acess\u00f3rios, assim como, retir\u00e1-los do Laborat\u00f3rio, sem autoriza\u00e7\u00e3o pr\u00e9via dos\/as coordenadores\/as do LEAA;<\/span><\/li>\n<li><span style=\"font-weight: 400;\"> Usar as instala\u00e7\u00f5es da UFPel para atividades eticamente impr\u00f3prias;<\/span><\/li>\n<li><span style=\"font-weight: 400;\"> Qualquer um dos usos indevidos resultar\u00e1 no desligamento da pessoa envolvida.<\/span><\/li>\n<\/ol>\n<p>&nbsp;<\/p>\n<p><b>CAP\u00cdTULO VIII<\/b><\/p>\n<p><b>DO USO \u00c9TICO DO LABORAT\u00d3RIO E EQUIPAMENTOS<\/b><\/p>\n<p><b>\u00a0Art. 23\u00ba<\/b><span style=\"font-weight: 400;\"> Constitui uma falta pass\u00edvel de penalidade:<\/span><\/p>\n<ol>\n<li><span style=\"font-weight: 400;\"> Utilizar os servi\u00e7os e recursos da institui\u00e7\u00e3o para ganho pessoal.<\/span><\/li>\n<\/ol>\n<p>&nbsp;<\/p>\n<p><b>CAP\u00ccTULO IX<\/b><\/p>\n<p><b>DOS RECURSOS E MANUTEN\u00c7\u00c3O<\/b><\/p>\n<p><b>Art. 24\u00ba<\/b><span style=\"font-weight: 400;\"> Consideram-se como recursos os bens financeiros e os equipamentos que podem ser obtidos a partir da aprova\u00e7\u00e3o de projetos de pesquisa junto a \u00f3rg\u00e3os de fomento de car\u00e1ter p\u00fablico.<\/span><\/p>\n<p><b>Art. 25\u00ba<\/b><span style=\"font-weight: 400;\"> Os recursos aprovados por projetos s\u00e3o de responsabilidade do coordenador do projeto.<\/span><\/p>\n<p><b>Art. 26\u00ba<\/b><span style=\"font-weight: 400;\"> Os recursos de atividades do Laborat\u00f3rio ser\u00e3o gerenciados pelo Colegiado do Laborat\u00f3rio e utilizados, estritamente, na manuten\u00e7\u00e3o do pr\u00f3prio laborat\u00f3rio atendendo as demandas ou prioridades existentes.<\/span><\/p>\n<p><b>CAP\u00cdTULO X<\/b><\/p>\n<p><b>DISPOSI\u00c7\u00d5ES GERAIS E TRANSIT\u00d3RIAS<\/b><\/p>\n<p><b>Art. 27\u00ba<\/b><span style=\"font-weight: 400;\"> Normas espec\u00edficas que regulamentem as atividades do LEAA devem estar em acordo com o presente Regimento Interno.<\/span><\/p>\n<p><b>Art. 28\u00ba<\/b><span style=\"font-weight: 400;\"> As normas gerais que orientam o funcionamento do LEAA que n\u00e3o constam neste Regimento seguir\u00e3o o que consta na Resolu\u00e7\u00e3o 10\/2006 do COCEPE\/UFPel.<\/span><\/p>\n<p><b>Art. 29\u00ba<\/b><span style=\"font-weight: 400;\"> Os casos omissos ser\u00e3o resolvidos pelo Colegiado de Coordenadores do LEAA.<\/span><\/p>\n<p><b>Art. 30\u00ba<\/b><span style=\"font-weight: 400;\"> O presente Regimento entra em vigor ap\u00f3s sua aprova\u00e7\u00e3o pelos \u00f3rg\u00e3os competentes da UFPel.\u00a0<\/span><\/p>\n<p><span style=\"font-weight: 400;\">\u00a0 \u00a0 \u00a0 \u00a0 \u00a0 \u00a0 \u00a0 \u00a0 \u00a0 \u00a0 \u00a0 \u00a0 \u00a0 \u00a0 \u00a0 \u00a0 \u00a0 \u00a0 \u00a0 \u00a0 \u00a0 \u00a0 \u00a0 \u00a0 \u00a0 \u00a0 \u00a0 \u00a0 \u00a0 \u00a0 \u00a0 \u00a0 \u00a0 \u00a0 \u00a0 \u00a0 \u00a0 \u00a0 \u00a0 \u00a0\u00a0<\/span><\/p>\n<p><span style=\"font-weight: 400;\">\u00a0\u00a0\u00a0\u00a0\u00a0\u00a0\u00a0\u00a0\u00a0\u00a0\u00a0\u00a0\u00a0\u00a0\u00a0\u00a0\u00a0\u00a0\u00a0\u00a0\u00a0\u00a0\u00a0\u00a0\u00a0\u00a0\u00a0\u00a0\u00a0\u00a0\u00a0\u00a0\u00a0\u00a0\u00a0\u00a0\u00a0\u00a0\u00a0\u00a0\u00a0\u00a0\u00a0\u00a0\u00a0\u00a0\u00a0\u00a0\u00a0\u00a0\u00a0\u00a0\u00a0\u00a0\u00a0\u00a0\u00a0\u00a0\u00a0\u00a0\u00a0\u00a0\u00a0\u00a0\u00a0\u00a0\u00a0\u00a0\u00a0\u00a0\u00a0\u00a0\u00a0\u00a0\u00a0\u00a0\u00a0\u00a0\u00a0\u00a0\u00a0\u00a0\u00a0\u00a0\u00a0\u00a0\u00a0\u00a0\u00a0\u00a0\u00a0\u00a0\u00a0<\/span><\/p>\n<p>&nbsp;<\/p>\n","protected":false},"excerpt":{"rendered":"<p>REGIMENTO INTERNO DO LABORAT\u00d3RIO DE ESTUDOS AGR\u00c1RIOS E AMBIENTAIS-LEAA CAP\u00cdTULO I DA DENOMINA\u00c7\u00c3O E DO OBJETO Art. 1o O Laborat\u00f3rio constitui-se em um projeto de Extens\u00e3o Permanente (C\u00f3d. COCEPE\/UFPEL 169) que em articula\u00e7\u00e3o com os Grupos de Pesquisa Estudos Agr\u00e1rios e Ambientais-LEAA e Grupo de Estudos e Pesquisas em Alimenta\u00e7\u00e3o, Consumo e Cultura &#8211; GEPAC &hellip; <\/p>\n<p><a class=\"more-link btn\" href=\"https:\/\/wp.ufpel.edu.br\/leaa\/inicio\/regimento-interno\/\">Continue lendo<\/a><\/p>\n","protected":false},"author":206,"featured_media":0,"parent":37,"menu_order":2,"comment_status":"closed","ping_status":"closed","template":"","meta":{"jetpack_post_was_ever_published":false,"footnotes":""},"class_list":["post-403","page","type-page","status-publish","hentry","nodate","item-wrap"],"jetpack_sharing_enabled":true,"_links":{"self":[{"href":"https:\/\/wp.ufpel.edu.br\/leaa\/wp-json\/wp\/v2\/pages\/403","targetHints":{"allow":["GET"]}}],"collection":[{"href":"https:\/\/wp.ufpel.edu.br\/leaa\/wp-json\/wp\/v2\/pages"}],"about":[{"href":"https:\/\/wp.ufpel.edu.br\/leaa\/wp-json\/wp\/v2\/types\/page"}],"author":[{"embeddable":true,"href":"https:\/\/wp.ufpel.edu.br\/leaa\/wp-json\/wp\/v2\/users\/206"}],"replies":[{"embeddable":true,"href":"https:\/\/wp.ufpel.edu.br\/leaa\/wp-json\/wp\/v2\/comments?post=403"}],"version-history":[{"count":15,"href":"https:\/\/wp.ufpel.edu.br\/leaa\/wp-json\/wp\/v2\/pages\/403\/revisions"}],"predecessor-version":[{"id":3140,"href":"https:\/\/wp.ufpel.edu.br\/leaa\/wp-json\/wp\/v2\/pages\/403\/revisions\/3140"}],"up":[{"embeddable":true,"href":"https:\/\/wp.ufpel.edu.br\/leaa\/wp-json\/wp\/v2\/pages\/37"}],"wp:attachment":[{"href":"https:\/\/wp.ufpel.edu.br\/leaa\/wp-json\/wp\/v2\/media?parent=403"}],"curies":[{"name":"wp","href":"https:\/\/api.w.org\/{rel}","templated":true}]}}