{"id":332,"date":"2012-09-18T10:24:34","date_gmt":"2012-09-18T13:24:34","guid":{"rendered":"https:\/\/wp.ufpel.edu.br\/leaa\/?page_id=332"},"modified":"2012-09-18T10:25:11","modified_gmt":"2012-09-18T13:25:11","slug":"multifuncionalidade-da-agricultura","status":"publish","type":"page","link":"https:\/\/wp.ufpel.edu.br\/leaa\/projetos\/extensao\/multifuncionalidade-da-agricultura\/","title":{"rendered":"Multifuncionalidade da Agricultura"},"content":{"rendered":"<p style=\"text-align: center\"><strong>Multifuncionalidade da Agricultura: O Turismo Rural no Munic\u00edpio de Pelotas\/RS<\/strong><\/p>\n<p align=\"right\">Per\u00edodo de Realiza\u00e7\u00e3o: 09, 11 e 14\/10\/2003<\/p>\n<p align=\"justify\">O projeto visou observar e avaliar das potencialidades tur\u00edsticas no espa\u00e7o rural de Pelotas como estrat\u00e9gia de desenvolvimento para o segmento da agricultura familiar. Tendo o bjetivo de discutir a multifuncionalidade da agricultura sob a perspectiva da sustentabilidade social, econ\u00f4mica e ambiental. Identificar as caracter\u00edsticas do espa\u00e7o rural do munic\u00edpio de Pelotas; Avaliar as potencialidades para o desenvolvimento do turismo rural em Pelotas; Compreender a import\u00e2ncia da multifuncionalidade da agricultura para o planejamento regional; Discutir os pressupostos te\u00f3ricos da sustentabilidade e sua aplicabilidade no contexto local. O Simp\u00f3sio organizou-se em tr\u00eas momentos: o primeiro, tratou das quest\u00f5es te\u00f3ricas sobre turismo rural, multifuncionalidade da agricultura e sustentabilidade. No segundo momento, foi realizada uma atividade de campo, com visitas a lugares com potencialidade de desenvolver o turismo rural no munic\u00edpio; e por fim, no terceiro momento, organizou-se um f\u00f3rum de debates sobre a tem\u00e1tica proposta com participa\u00e7\u00e3o de professores, alunos, alunos-egressos e outros profissionais que trabalham com as quest\u00f5es referentes ao turismo rural e sustentabilidade.<\/p>\n","protected":false},"excerpt":{"rendered":"<p>Multifuncionalidade da Agricultura: O Turismo Rural no Munic\u00edpio de Pelotas\/RS Per\u00edodo de Realiza\u00e7\u00e3o: 09, 11 e 14\/10\/2003 O projeto visou observar e avaliar das potencialidades tur\u00edsticas no espa\u00e7o rural de Pelotas como estrat\u00e9gia de desenvolvimento para o segmento da agricultura familiar. Tendo o bjetivo de discutir a multifuncionalidade da agricultura sob a perspectiva da sustentabilidade &hellip; <\/p>\n<p><a class=\"more-link btn\" href=\"https:\/\/wp.ufpel.edu.br\/leaa\/projetos\/extensao\/multifuncionalidade-da-agricultura\/\">Continue lendo<\/a><\/p>\n","protected":false},"author":206,"featured_media":0,"parent":46,"menu_order":10,"comment_status":"closed","ping_status":"closed","template":"","meta":{"jetpack_post_was_ever_published":false,"footnotes":""},"class_list":["post-332","page","type-page","status-publish","hentry","nodate","item-wrap"],"jetpack_sharing_enabled":true,"_links":{"self":[{"href":"https:\/\/wp.ufpel.edu.br\/leaa\/wp-json\/wp\/v2\/pages\/332","targetHints":{"allow":["GET"]}}],"collection":[{"href":"https:\/\/wp.ufpel.edu.br\/leaa\/wp-json\/wp\/v2\/pages"}],"about":[{"href":"https:\/\/wp.ufpel.edu.br\/leaa\/wp-json\/wp\/v2\/types\/page"}],"author":[{"embeddable":true,"href":"https:\/\/wp.ufpel.edu.br\/leaa\/wp-json\/wp\/v2\/users\/206"}],"replies":[{"embeddable":true,"href":"https:\/\/wp.ufpel.edu.br\/leaa\/wp-json\/wp\/v2\/comments?post=332"}],"version-history":[{"count":3,"href":"https:\/\/wp.ufpel.edu.br\/leaa\/wp-json\/wp\/v2\/pages\/332\/revisions"}],"predecessor-version":[{"id":335,"href":"https:\/\/wp.ufpel.edu.br\/leaa\/wp-json\/wp\/v2\/pages\/332\/revisions\/335"}],"up":[{"embeddable":true,"href":"https:\/\/wp.ufpel.edu.br\/leaa\/wp-json\/wp\/v2\/pages\/46"}],"wp:attachment":[{"href":"https:\/\/wp.ufpel.edu.br\/leaa\/wp-json\/wp\/v2\/media?parent=332"}],"curies":[{"name":"wp","href":"https:\/\/api.w.org\/{rel}","templated":true}]}}