{"id":311,"date":"2012-09-18T10:11:14","date_gmt":"2012-09-18T13:11:14","guid":{"rendered":"https:\/\/wp.ufpel.edu.br\/leaa\/?page_id=311"},"modified":"2012-09-18T10:11:14","modified_gmt":"2012-09-18T13:11:14","slug":"comida-no-cinema","status":"publish","type":"page","link":"https:\/\/wp.ufpel.edu.br\/leaa\/projetos\/extensao\/comida-no-cinema\/","title":{"rendered":"Comida no Cinema"},"content":{"rendered":"<p style=\"text-align: center\"><strong>Comida no Cinema: refletindo sobre alimenta\u00e7\u00e3o e cultura a partir da produ\u00e7\u00e3o f\u00edlmica sobre o tema<\/strong><\/p>\n<p align=\"right\">Per\u00edodo de Realiza\u00e7\u00e3o: 15\/03\/2010 a 15\/12\/2010<\/p>\n<p align=\"justify\">Este Projeto de Extens\u00e3o tem por objetivo proporcionar a um p\u00fablico mais amplo do que aquele conformado pelos alunos (origin\u00e1rios de cursos diversos: Antropologia, Ci\u00eancias Sociais, Geografia, Hist\u00f3ria, Nutri\u00e7\u00e3o, Agronomia etc) das disciplinas sobre antropologia da alimenta\u00e7\u00e3o que vimos ministrado (na gradua\u00e7\u00e3o, no \u00faltimos; no Mestrado em Ci\u00eancias Sociais, desde 2009\/2) o estimulo a um processo de reflex\u00e3o que, ancorando-se em perspectivas te\u00f3rico metodol\u00f3gicas referenciadas na an\u00e1lise de sistemas simb\u00f3licos, prop\u00f5e pensar as sociedades a partir das m\u00faltiplas dimens\u00f5es relacionadas aos saberes e pr\u00e1ticas da alimenta\u00e7\u00e3o. A proposta consiste em faz\u00ea-lo a partir da exibi\u00e7\u00e3o (seguida de coment\u00e1rio e debate) de itens da rica produ\u00e7\u00e3o f\u00edlmica referente ao tema Alimenta\u00e7\u00e3o e Cultura.<\/p>\n","protected":false},"excerpt":{"rendered":"<p>Comida no Cinema: refletindo sobre alimenta\u00e7\u00e3o e cultura a partir da produ\u00e7\u00e3o f\u00edlmica sobre o tema Per\u00edodo de Realiza\u00e7\u00e3o: 15\/03\/2010 a 15\/12\/2010 Este Projeto de Extens\u00e3o tem por objetivo proporcionar a um p\u00fablico mais amplo do que aquele conformado pelos alunos (origin\u00e1rios de cursos diversos: Antropologia, Ci\u00eancias Sociais, Geografia, Hist\u00f3ria, Nutri\u00e7\u00e3o, Agronomia etc) das disciplinas &hellip; <\/p>\n<p><a class=\"more-link btn\" href=\"https:\/\/wp.ufpel.edu.br\/leaa\/projetos\/extensao\/comida-no-cinema\/\">Continue lendo<\/a><\/p>\n","protected":false},"author":206,"featured_media":0,"parent":46,"menu_order":11,"comment_status":"closed","ping_status":"closed","template":"","meta":{"jetpack_post_was_ever_published":false,"footnotes":""},"class_list":["post-311","page","type-page","status-publish","hentry","nodate","item-wrap"],"jetpack_sharing_enabled":true,"_links":{"self":[{"href":"https:\/\/wp.ufpel.edu.br\/leaa\/wp-json\/wp\/v2\/pages\/311","targetHints":{"allow":["GET"]}}],"collection":[{"href":"https:\/\/wp.ufpel.edu.br\/leaa\/wp-json\/wp\/v2\/pages"}],"about":[{"href":"https:\/\/wp.ufpel.edu.br\/leaa\/wp-json\/wp\/v2\/types\/page"}],"author":[{"embeddable":true,"href":"https:\/\/wp.ufpel.edu.br\/leaa\/wp-json\/wp\/v2\/users\/206"}],"replies":[{"embeddable":true,"href":"https:\/\/wp.ufpel.edu.br\/leaa\/wp-json\/wp\/v2\/comments?post=311"}],"version-history":[{"count":1,"href":"https:\/\/wp.ufpel.edu.br\/leaa\/wp-json\/wp\/v2\/pages\/311\/revisions"}],"predecessor-version":[{"id":312,"href":"https:\/\/wp.ufpel.edu.br\/leaa\/wp-json\/wp\/v2\/pages\/311\/revisions\/312"}],"up":[{"embeddable":true,"href":"https:\/\/wp.ufpel.edu.br\/leaa\/wp-json\/wp\/v2\/pages\/46"}],"wp:attachment":[{"href":"https:\/\/wp.ufpel.edu.br\/leaa\/wp-json\/wp\/v2\/media?parent=311"}],"curies":[{"name":"wp","href":"https:\/\/api.w.org\/{rel}","templated":true}]}}