{"id":305,"date":"2012-09-18T10:09:35","date_gmt":"2012-09-18T13:09:35","guid":{"rendered":"https:\/\/wp.ufpel.edu.br\/leaa\/?page_id=305"},"modified":"2012-09-18T10:09:35","modified_gmt":"2012-09-18T13:09:35","slug":"geossistemas-e-gestao-territorial","status":"publish","type":"page","link":"https:\/\/wp.ufpel.edu.br\/leaa\/projetos\/extensao\/geossistemas-e-gestao-territorial\/","title":{"rendered":"Geossistemas e Gest\u00e3o Territorial"},"content":{"rendered":"<p style=\"text-align: center\"><strong>Geossistemas e Gest\u00e3o Territorial: Uma Exposi\u00e7\u00e3o Gr\u00e1fica<\/strong><\/p>\n<p align=\"right\">Per\u00edodo de Realiza\u00e7\u00e3o: 25 a 29\/11\/2004<\/p>\n<p align=\"justify\">Estudo da aplicabilidade da modelagem de geossistemas \u00e0 gest\u00e3o territorial e desenvolvimento regional, utilizando como t\u00e9cnica a express\u00e3o gr\u00e1fica na pesquisa e planejamento da organiza\u00e7\u00e3o do espa\u00e7o rural e urbano. Pretendeu-se desenvolver a capacidade de proje\u00e7\u00e3o espacial dos alunos da disciplina de Geografia Pol\u00edtica atrav\u00e9s da reflex\u00e3o geossist\u00eamica; Permitir aos alunos a amplia\u00e7\u00e3o da consci\u00eancia hol\u00edstica, a partir da conex\u00e3o dos diferentes elementos que comp\u00f5e o mosaico geogr\u00e1fico; Apresentar a arte e ci\u00eancia da modelagem geossist\u00eamica como um meio de divulga\u00e7\u00e3o da ci\u00eancia geogr\u00e1fica atrav\u00e9s de uma exposi\u00e7\u00e3o p\u00fablica; Possibilitar ao Laborat\u00f3rio de Estudos Agr\u00e1rios e Ambientais a promo\u00e7\u00e3o de atividades de extens\u00e3o atrav\u00e9s da participa\u00e7\u00e3o de alunos e da rede p\u00fablica em geral.<\/p>\n","protected":false},"excerpt":{"rendered":"<p>Geossistemas e Gest\u00e3o Territorial: Uma Exposi\u00e7\u00e3o Gr\u00e1fica Per\u00edodo de Realiza\u00e7\u00e3o: 25 a 29\/11\/2004 Estudo da aplicabilidade da modelagem de geossistemas \u00e0 gest\u00e3o territorial e desenvolvimento regional, utilizando como t\u00e9cnica a express\u00e3o gr\u00e1fica na pesquisa e planejamento da organiza\u00e7\u00e3o do espa\u00e7o rural e urbano. Pretendeu-se desenvolver a capacidade de proje\u00e7\u00e3o espacial dos alunos da disciplina de &hellip; <\/p>\n<p><a class=\"more-link btn\" href=\"https:\/\/wp.ufpel.edu.br\/leaa\/projetos\/extensao\/geossistemas-e-gestao-territorial\/\">Continue lendo<\/a><\/p>\n","protected":false},"author":206,"featured_media":0,"parent":46,"menu_order":8,"comment_status":"closed","ping_status":"closed","template":"","meta":{"jetpack_post_was_ever_published":false,"footnotes":""},"class_list":["post-305","page","type-page","status-publish","hentry","nodate","item-wrap"],"jetpack_sharing_enabled":true,"_links":{"self":[{"href":"https:\/\/wp.ufpel.edu.br\/leaa\/wp-json\/wp\/v2\/pages\/305","targetHints":{"allow":["GET"]}}],"collection":[{"href":"https:\/\/wp.ufpel.edu.br\/leaa\/wp-json\/wp\/v2\/pages"}],"about":[{"href":"https:\/\/wp.ufpel.edu.br\/leaa\/wp-json\/wp\/v2\/types\/page"}],"author":[{"embeddable":true,"href":"https:\/\/wp.ufpel.edu.br\/leaa\/wp-json\/wp\/v2\/users\/206"}],"replies":[{"embeddable":true,"href":"https:\/\/wp.ufpel.edu.br\/leaa\/wp-json\/wp\/v2\/comments?post=305"}],"version-history":[{"count":1,"href":"https:\/\/wp.ufpel.edu.br\/leaa\/wp-json\/wp\/v2\/pages\/305\/revisions"}],"predecessor-version":[{"id":306,"href":"https:\/\/wp.ufpel.edu.br\/leaa\/wp-json\/wp\/v2\/pages\/305\/revisions\/306"}],"up":[{"embeddable":true,"href":"https:\/\/wp.ufpel.edu.br\/leaa\/wp-json\/wp\/v2\/pages\/46"}],"wp:attachment":[{"href":"https:\/\/wp.ufpel.edu.br\/leaa\/wp-json\/wp\/v2\/media?parent=305"}],"curies":[{"name":"wp","href":"https:\/\/api.w.org\/{rel}","templated":true}]}}