{"id":3031,"date":"2022-05-21T16:08:45","date_gmt":"2022-05-21T19:08:45","guid":{"rendered":"https:\/\/wp.ufpel.edu.br\/leaa\/?page_id=3031"},"modified":"2022-05-21T16:08:45","modified_gmt":"2022-05-21T19:08:45","slug":"acao-de-ensino-4","status":"publish","type":"page","link":"https:\/\/wp.ufpel.edu.br\/leaa\/conversas-com-o-leaa\/acao-de-ensino-4\/","title":{"rendered":"A\u00e7\u00e3o de Ensino 4"},"content":{"rendered":"<p><img loading=\"lazy\" decoding=\"async\" class=\"size-medium wp-image-3017 aligncenter\" src=\"https:\/\/wp.ufpel.edu.br\/leaa\/files\/2022\/04\/Profo.-Dro.-Cassio-Alexandre-da-Silva-1-199x318.png\" alt=\"\" width=\"199\" height=\"318\" srcset=\"https:\/\/wp.ufpel.edu.br\/leaa\/files\/2022\/04\/Profo.-Dro.-Cassio-Alexandre-da-Silva-1-199x318.png 199w, https:\/\/wp.ufpel.edu.br\/leaa\/files\/2022\/04\/Profo.-Dro.-Cassio-Alexandre-da-Silva-1-100x159.png 100w, https:\/\/wp.ufpel.edu.br\/leaa\/files\/2022\/04\/Profo.-Dro.-Cassio-Alexandre-da-Silva-1-768x1226.png 768w, https:\/\/wp.ufpel.edu.br\/leaa\/files\/2022\/04\/Profo.-Dro.-Cassio-Alexandre-da-Silva-1-963x1536.png 963w, https:\/\/wp.ufpel.edu.br\/leaa\/files\/2022\/04\/Profo.-Dro.-Cassio-Alexandre-da-Silva-1-1283x2048.png 1283w, https:\/\/wp.ufpel.edu.br\/leaa\/files\/2022\/04\/Profo.-Dro.-Cassio-Alexandre-da-Silva-1-750x1197.png 750w, https:\/\/wp.ufpel.edu.br\/leaa\/files\/2022\/04\/Profo.-Dro.-Cassio-Alexandre-da-Silva-1.png 1410w\" sizes=\"auto, (max-width: 199px) 100vw, 199px\" \/><\/p>\n<p style=\"text-align: justify;\">A quarta edi\u00e7\u00e3o do &#8220;Conversas com o LEAA&#8221; trata da A\u00e7\u00e3o de Extens\u00e3o que se articula com a disciplina de Agricultura, sociedade e territ\u00f3rio, do Programa de P\u00f3s-gradua\u00e7\u00e3o em Geografia, propondo a discuss\u00e3o sobre os temas da agrobiodiversidade e agroecologia na perspectiva dos processos de territorializa\u00e7\u00e3o nos estados de Minas Gerais e Rio Grande do Sul.<br \/>\nConvidamos todas e todos os interessados nos estudos relacionados ao rural e, mais especificamente, ao campo da agricultura familiar a assistirem os v\u00eddeos disponibilizados abaixo:<\/p>\n<p style=\"text-align: justify;\">\u201cTERRIT\u00d3RIOS DIVERSOS NO NORTE DE MINAS GERAIS\u201d<br \/>\nProf\u00ba. Dr\u00ba. C\u00e1ssio Alexandre da Silva- Universidade Estadual de Montes<br \/>\nClaros-UNIMONTES-MG<\/p>\n<div class=\"embed-container\"><iframe loading=\"lazy\" title=\"4\u00ba Conversas com o LEAA convida: Prof\u00ba. Dr\u00ba. C\u00e1ssio Alexandre da Silva UNIMONTES-MG\" width=\"750\" height=\"422\" src=\"https:\/\/www.youtube.com\/embed\/_kkx3fBITws?feature=oembed\" frameborder=\"0\" allow=\"accelerometer; autoplay; clipboard-write; encrypted-media; gyroscope; picture-in-picture\" allowfullscreen><\/iframe><\/div>\n<p style=\"text-align: justify;\">\u201cAGROBIODIVERSIDADE, AGROECOLOGIA E TERRIT\u00d3RIO:UM OLHAR A<br \/>\nPARTIR DAS RODAS DE CONVERSA\u201d<br \/>\nProf\u00aa. Dr\u00aa. Patr\u00edcia Martins da Silva- Universidade Federal de Pelotas-<br \/>\nUFPel- RS<\/p>\n<div class=\"embed-container\"><iframe loading=\"lazy\" title=\"4\u00ba Conversas com o LEAA convida: Prof\u00aa. Dr\u00aa. Patr\u00edcia Martins da Silva - UFPel\" width=\"750\" height=\"422\" src=\"https:\/\/www.youtube.com\/embed\/VGUgTIIOzz8?feature=oembed\" frameborder=\"0\" allow=\"accelerometer; autoplay; clipboard-write; encrypted-media; gyroscope; picture-in-picture\" allowfullscreen><\/iframe><\/div>\n","protected":false},"excerpt":{"rendered":"<p>A quarta edi\u00e7\u00e3o do &#8220;Conversas com o LEAA&#8221; trata da A\u00e7\u00e3o de Extens\u00e3o que se articula com a disciplina de Agricultura, sociedade e territ\u00f3rio, do Programa de P\u00f3s-gradua\u00e7\u00e3o em Geografia, propondo a discuss\u00e3o sobre os temas da agrobiodiversidade e agroecologia na perspectiva dos processos de territorializa\u00e7\u00e3o nos estados de Minas Gerais e Rio Grande do &hellip; <\/p>\n<p><a class=\"more-link btn\" href=\"https:\/\/wp.ufpel.edu.br\/leaa\/conversas-com-o-leaa\/acao-de-ensino-4\/\">Continue lendo<\/a><\/p>\n","protected":false},"author":206,"featured_media":0,"parent":2453,"menu_order":4,"comment_status":"closed","ping_status":"closed","template":"","meta":{"jetpack_post_was_ever_published":false,"footnotes":""},"class_list":["post-3031","page","type-page","status-publish","hentry","nodate","item-wrap"],"jetpack_sharing_enabled":true,"_links":{"self":[{"href":"https:\/\/wp.ufpel.edu.br\/leaa\/wp-json\/wp\/v2\/pages\/3031","targetHints":{"allow":["GET"]}}],"collection":[{"href":"https:\/\/wp.ufpel.edu.br\/leaa\/wp-json\/wp\/v2\/pages"}],"about":[{"href":"https:\/\/wp.ufpel.edu.br\/leaa\/wp-json\/wp\/v2\/types\/page"}],"author":[{"embeddable":true,"href":"https:\/\/wp.ufpel.edu.br\/leaa\/wp-json\/wp\/v2\/users\/206"}],"replies":[{"embeddable":true,"href":"https:\/\/wp.ufpel.edu.br\/leaa\/wp-json\/wp\/v2\/comments?post=3031"}],"version-history":[{"count":1,"href":"https:\/\/wp.ufpel.edu.br\/leaa\/wp-json\/wp\/v2\/pages\/3031\/revisions"}],"predecessor-version":[{"id":3032,"href":"https:\/\/wp.ufpel.edu.br\/leaa\/wp-json\/wp\/v2\/pages\/3031\/revisions\/3032"}],"up":[{"embeddable":true,"href":"https:\/\/wp.ufpel.edu.br\/leaa\/wp-json\/wp\/v2\/pages\/2453"}],"wp:attachment":[{"href":"https:\/\/wp.ufpel.edu.br\/leaa\/wp-json\/wp\/v2\/media?parent=3031"}],"curies":[{"name":"wp","href":"https:\/\/api.w.org\/{rel}","templated":true}]}}