{"id":303,"date":"2012-09-18T10:09:06","date_gmt":"2012-09-18T13:09:06","guid":{"rendered":"https:\/\/wp.ufpel.edu.br\/leaa\/?page_id=303"},"modified":"2012-09-18T10:09:06","modified_gmt":"2012-09-18T13:09:06","slug":"agricultura-familiar-e-sustentabilidade","status":"publish","type":"page","link":"https:\/\/wp.ufpel.edu.br\/leaa\/projetos\/extensao\/agricultura-familiar-e-sustentabilidade\/","title":{"rendered":"Agricultura Familiar e Sustentabilidade"},"content":{"rendered":"<p style=\"text-align: center\"><strong>Agricultura Familiar e Sustentabilidade: uma an\u00e1lise sobre a multifuncionalidade na Col\u00f4nia Maciel e Grupelli \u2013 Pelotas\/RS<\/strong><\/p>\n<p align=\"right\">Per\u00edodo de Realiza\u00e7\u00e3o: 06, 07 e 10\/08\/2004<\/p>\n<p align=\"justify\">O projeto visou observar e analisar as potencialidades tur\u00edsticas no espa\u00e7o rural de Pelotas como estrat\u00e9gia de desenvolvimento para o segmento da agricultura familiar. De maneira geral buscou-se realizar discuss\u00f5es sobre a multifuncionalidade da agricultura sob a perspectiva da sustentabilidade social, econ\u00f4mica e ambiental; Oferecer aos alunos da gradua\u00e7\u00e3o e p\u00f3s-gradua\u00e7\u00e3o a possibilidade de observar in loco, as caracter\u00edsticas do contexto rural, a fim de compreender a multifuncionalidade da agricultura local; Avaliar as potencialidades para o desenvolvimento do turismo rural em Pelotas; Compreender a import\u00e2ncia da multifuncionalidade da agricultura para o planejamento regional; Discutir os pressupostos te\u00f3ricos da sustentabilidade e sua aplicabilidade no contexto local.<\/p>\n","protected":false},"excerpt":{"rendered":"<p>Agricultura Familiar e Sustentabilidade: uma an\u00e1lise sobre a multifuncionalidade na Col\u00f4nia Maciel e Grupelli \u2013 Pelotas\/RS Per\u00edodo de Realiza\u00e7\u00e3o: 06, 07 e 10\/08\/2004 O projeto visou observar e analisar as potencialidades tur\u00edsticas no espa\u00e7o rural de Pelotas como estrat\u00e9gia de desenvolvimento para o segmento da agricultura familiar. De maneira geral buscou-se realizar discuss\u00f5es sobre a &hellip; <\/p>\n<p><a class=\"more-link btn\" href=\"https:\/\/wp.ufpel.edu.br\/leaa\/projetos\/extensao\/agricultura-familiar-e-sustentabilidade\/\">Continue lendo<\/a><\/p>\n","protected":false},"author":206,"featured_media":0,"parent":46,"menu_order":7,"comment_status":"closed","ping_status":"closed","template":"","meta":{"jetpack_post_was_ever_published":false,"footnotes":""},"class_list":["post-303","page","type-page","status-publish","hentry","nodate","item-wrap"],"jetpack_sharing_enabled":true,"_links":{"self":[{"href":"https:\/\/wp.ufpel.edu.br\/leaa\/wp-json\/wp\/v2\/pages\/303","targetHints":{"allow":["GET"]}}],"collection":[{"href":"https:\/\/wp.ufpel.edu.br\/leaa\/wp-json\/wp\/v2\/pages"}],"about":[{"href":"https:\/\/wp.ufpel.edu.br\/leaa\/wp-json\/wp\/v2\/types\/page"}],"author":[{"embeddable":true,"href":"https:\/\/wp.ufpel.edu.br\/leaa\/wp-json\/wp\/v2\/users\/206"}],"replies":[{"embeddable":true,"href":"https:\/\/wp.ufpel.edu.br\/leaa\/wp-json\/wp\/v2\/comments?post=303"}],"version-history":[{"count":1,"href":"https:\/\/wp.ufpel.edu.br\/leaa\/wp-json\/wp\/v2\/pages\/303\/revisions"}],"predecessor-version":[{"id":304,"href":"https:\/\/wp.ufpel.edu.br\/leaa\/wp-json\/wp\/v2\/pages\/303\/revisions\/304"}],"up":[{"embeddable":true,"href":"https:\/\/wp.ufpel.edu.br\/leaa\/wp-json\/wp\/v2\/pages\/46"}],"wp:attachment":[{"href":"https:\/\/wp.ufpel.edu.br\/leaa\/wp-json\/wp\/v2\/media?parent=303"}],"curies":[{"name":"wp","href":"https:\/\/api.w.org\/{rel}","templated":true}]}}