{"id":301,"date":"2012-09-18T10:08:36","date_gmt":"2012-09-18T13:08:36","guid":{"rendered":"https:\/\/wp.ufpel.edu.br\/leaa\/?page_id=301"},"modified":"2012-09-18T10:08:36","modified_gmt":"2012-09-18T13:08:36","slug":"possibilidades-e-restricoes-para-a-sustentabilidade-em-areas-rurais","status":"publish","type":"page","link":"https:\/\/wp.ufpel.edu.br\/leaa\/projetos\/extensao\/possibilidades-e-restricoes-para-a-sustentabilidade-em-areas-rurais\/","title":{"rendered":"Possibilidades e Restri\u00e7\u00f5es para a Sustentabilidade em \u00c1reas Rurais"},"content":{"rendered":"<p style=\"text-align: center\" align=\"justify\"><strong>Possibilidades e Restri\u00e7\u00f5es para a Sustentabilidade em \u00c1reas Rurais: A Experi\u00eancia do Distrito de Rinc\u00e3o da Cruz- Pelotas -RS<\/strong><\/p>\n<p align=\"right\">Per\u00edodo de Realiza\u00e7\u00e3o: 21, 22 e 29\/06 e 02\/07\/2005<\/p>\n<p align=\"justify\">A import\u00e2ncia dessa atividade de extens\u00e3o justifica-se como forma de complementar as atividades de ensino propostas no curr\u00edculo do curso de licenciatura em geografia, a fim de que os alunos possam estabelecer as rela\u00e7\u00f5es entre os conte\u00fados te\u00f3ricos e a realidade local. Com a realiza\u00e7\u00e3o do projeto buscou-se identificar as caracter\u00edsticas do uso da terra no espa\u00e7o rural do munic\u00edpio de Pelotas; Avaliar as potencialidades para o desenvolvimento do turismo rural neste munic\u00edpio; Compreender a import\u00e2ncia da multifuncionalidade da agricultura para o planejamento regional; Discutir os pressupostos te\u00f3ricos da sustentabilidade e sua aplicabilidade no contexto local.<\/p>\n","protected":false},"excerpt":{"rendered":"<p>Possibilidades e Restri\u00e7\u00f5es para a Sustentabilidade em \u00c1reas Rurais: A Experi\u00eancia do Distrito de Rinc\u00e3o da Cruz- Pelotas -RS Per\u00edodo de Realiza\u00e7\u00e3o: 21, 22 e 29\/06 e 02\/07\/2005 A import\u00e2ncia dessa atividade de extens\u00e3o justifica-se como forma de complementar as atividades de ensino propostas no curr\u00edculo do curso de licenciatura em geografia, a fim de &hellip; <\/p>\n<p><a class=\"more-link btn\" href=\"https:\/\/wp.ufpel.edu.br\/leaa\/projetos\/extensao\/possibilidades-e-restricoes-para-a-sustentabilidade-em-areas-rurais\/\">Continue lendo<\/a><\/p>\n","protected":false},"author":206,"featured_media":0,"parent":46,"menu_order":6,"comment_status":"closed","ping_status":"closed","template":"","meta":{"jetpack_post_was_ever_published":false,"footnotes":""},"class_list":["post-301","page","type-page","status-publish","hentry","nodate","item-wrap"],"jetpack_sharing_enabled":true,"_links":{"self":[{"href":"https:\/\/wp.ufpel.edu.br\/leaa\/wp-json\/wp\/v2\/pages\/301","targetHints":{"allow":["GET"]}}],"collection":[{"href":"https:\/\/wp.ufpel.edu.br\/leaa\/wp-json\/wp\/v2\/pages"}],"about":[{"href":"https:\/\/wp.ufpel.edu.br\/leaa\/wp-json\/wp\/v2\/types\/page"}],"author":[{"embeddable":true,"href":"https:\/\/wp.ufpel.edu.br\/leaa\/wp-json\/wp\/v2\/users\/206"}],"replies":[{"embeddable":true,"href":"https:\/\/wp.ufpel.edu.br\/leaa\/wp-json\/wp\/v2\/comments?post=301"}],"version-history":[{"count":1,"href":"https:\/\/wp.ufpel.edu.br\/leaa\/wp-json\/wp\/v2\/pages\/301\/revisions"}],"predecessor-version":[{"id":302,"href":"https:\/\/wp.ufpel.edu.br\/leaa\/wp-json\/wp\/v2\/pages\/301\/revisions\/302"}],"up":[{"embeddable":true,"href":"https:\/\/wp.ufpel.edu.br\/leaa\/wp-json\/wp\/v2\/pages\/46"}],"wp:attachment":[{"href":"https:\/\/wp.ufpel.edu.br\/leaa\/wp-json\/wp\/v2\/media?parent=301"}],"curies":[{"name":"wp","href":"https:\/\/api.w.org\/{rel}","templated":true}]}}