{"id":299,"date":"2012-09-18T10:07:56","date_gmt":"2012-09-18T13:07:56","guid":{"rendered":"https:\/\/wp.ufpel.edu.br\/leaa\/?page_id=299"},"modified":"2012-09-18T10:07:56","modified_gmt":"2012-09-18T13:07:56","slug":"a-questao-do-lixo-em-areas-rurais","status":"publish","type":"page","link":"https:\/\/wp.ufpel.edu.br\/leaa\/projetos\/extensao\/a-questao-do-lixo-em-areas-rurais\/","title":{"rendered":"A Quest\u00e3o do Lixo em \u00c1reas Rurais"},"content":{"rendered":"<p style=\"text-align: center\"><strong>A Quest\u00e3o do Lixo em \u00c1reas Rurais: Uma Experi\u00eancia de Educa\u00e7\u00e3o Ambiental na Col\u00f4nia Maciel \u2013 Pelotas \u2013 RS<\/strong><\/p>\n<p align=\"right\">Per\u00edodo de Realiza\u00e7\u00e3o: Julho de 2004 \u00e0 Fevereiro de 2005<\/p>\n<p align=\"justify\">Com a realiza\u00e7\u00e3o do projeto buscou-se desenvolver atividades integradas de preserva\u00e7\u00e3o da cultura material e do patrim\u00f4nio ambiental (paisagens e mem\u00f3ria); Despertar a comunidade da Col\u00f4nia Maciel para a import\u00e2ncia da gest\u00e3o do lixo; Elaborar modelos de reciclagem de res\u00edduos, produzidos no espa\u00e7o rural; Promover, por meio do ensino formal e informal, a redu\u00e7\u00e3o, reciclagem e reutiliza\u00e7\u00e3o do lixo; Organizar campanhas para qualificar o n\u00edvel de informa\u00e7\u00e3o e conscientiza\u00e7\u00e3o da comunidade da Col\u00f4nia Maciel sobre a quest\u00e3o do lixo; Difundir na comunidade a id\u00e9ia sustent\u00e1vel de que o lixo \u00e9 fonte de renda e economia da natureza; Monitorar a origem e o destino do lixo rural por meio da forma\u00e7\u00e3o de grupos de defesa ambiental comunit\u00e1ria ( Escolas, Igrejas, Centros Comunit\u00e1rios, entre outros).<\/p>\n","protected":false},"excerpt":{"rendered":"<p>A Quest\u00e3o do Lixo em \u00c1reas Rurais: Uma Experi\u00eancia de Educa\u00e7\u00e3o Ambiental na Col\u00f4nia Maciel \u2013 Pelotas \u2013 RS Per\u00edodo de Realiza\u00e7\u00e3o: Julho de 2004 \u00e0 Fevereiro de 2005 Com a realiza\u00e7\u00e3o do projeto buscou-se desenvolver atividades integradas de preserva\u00e7\u00e3o da cultura material e do patrim\u00f4nio ambiental (paisagens e mem\u00f3ria); Despertar a comunidade da Col\u00f4nia &hellip; <\/p>\n<p><a class=\"more-link btn\" href=\"https:\/\/wp.ufpel.edu.br\/leaa\/projetos\/extensao\/a-questao-do-lixo-em-areas-rurais\/\">Continue lendo<\/a><\/p>\n","protected":false},"author":206,"featured_media":0,"parent":46,"menu_order":5,"comment_status":"closed","ping_status":"closed","template":"","meta":{"jetpack_post_was_ever_published":false,"footnotes":""},"class_list":["post-299","page","type-page","status-publish","hentry","nodate","item-wrap"],"jetpack_sharing_enabled":true,"_links":{"self":[{"href":"https:\/\/wp.ufpel.edu.br\/leaa\/wp-json\/wp\/v2\/pages\/299","targetHints":{"allow":["GET"]}}],"collection":[{"href":"https:\/\/wp.ufpel.edu.br\/leaa\/wp-json\/wp\/v2\/pages"}],"about":[{"href":"https:\/\/wp.ufpel.edu.br\/leaa\/wp-json\/wp\/v2\/types\/page"}],"author":[{"embeddable":true,"href":"https:\/\/wp.ufpel.edu.br\/leaa\/wp-json\/wp\/v2\/users\/206"}],"replies":[{"embeddable":true,"href":"https:\/\/wp.ufpel.edu.br\/leaa\/wp-json\/wp\/v2\/comments?post=299"}],"version-history":[{"count":1,"href":"https:\/\/wp.ufpel.edu.br\/leaa\/wp-json\/wp\/v2\/pages\/299\/revisions"}],"predecessor-version":[{"id":300,"href":"https:\/\/wp.ufpel.edu.br\/leaa\/wp-json\/wp\/v2\/pages\/299\/revisions\/300"}],"up":[{"embeddable":true,"href":"https:\/\/wp.ufpel.edu.br\/leaa\/wp-json\/wp\/v2\/pages\/46"}],"wp:attachment":[{"href":"https:\/\/wp.ufpel.edu.br\/leaa\/wp-json\/wp\/v2\/media?parent=299"}],"curies":[{"name":"wp","href":"https:\/\/api.w.org\/{rel}","templated":true}]}}