{"id":297,"date":"2012-09-18T10:07:10","date_gmt":"2012-09-18T13:07:10","guid":{"rendered":"https:\/\/wp.ufpel.edu.br\/leaa\/?page_id=297"},"modified":"2017-02-22T14:39:42","modified_gmt":"2017-02-22T17:39:42","slug":"agricultura-sociedade-e-territorio","status":"publish","type":"page","link":"https:\/\/wp.ufpel.edu.br\/leaa\/projetos\/extensao\/agricultura-sociedade-e-territorio\/","title":{"rendered":"Agricultura, Sociedade e Territ\u00f3rio"},"content":{"rendered":"<p style=\"text-align: center\"><strong>Agricultura, Sociedade e Territ\u00f3rio: Quest\u00f5es Atuais Sobre a Organiza\u00e7\u00e3o do Espa\u00e7o Rural<\/strong><\/p>\n<p align=\"right\">Per\u00edodo de Realiza\u00e7\u00e3o: Novembro de 2004 a Janeiro de 2005<\/p>\n<p align=\"justify\">Estudos sobre a multifuncionalidade da agricultura sob a perspectiva da sustentabilidade sociocultural, econ\u00f4mica, pol\u00edtica e ambiental. Compreende, fundamentalmente, an\u00e1lises sobre as novas formas, fun\u00e7\u00f5es, processos e estruturas engendradas no espa\u00e7o rural, diante das transforma\u00e7\u00f5es pelas quais passa o agro brasileiro (rurbaniza\u00e7\u00e3o), com \u00eanfase, nas novas rela\u00e7\u00f5es sociais de trabalho presentes nas \u00e1reas rurais, definidas sob o conceito de pluriatividade. Objetivou-se promover a qualifica\u00e7\u00e3o extracurricular dos alunos de gradua\u00e7\u00e3o e p\u00f3s-gradua\u00e7\u00e3o sobre a tem\u00e1tica da Geografia Agr\u00e1ria; Compreender o paradigma da multifuncionalidade da agricultura e do mundo rural aplicado ao planejamento regional; Discutir os pressupostos te\u00f3ricos da sustentabilidade e sua aplicabilidade no contexto local; Fortalecer uma vis\u00e3o integradora da realidade agr\u00e1ria, incorporando a dimens\u00e3o da territorial da ruralidade; Conhecer o conceito de pluriatividade e sua rela\u00e7\u00e3o com a emerg\u00eancia de novas formas de organiza\u00e7\u00e3o espacial.<\/p>\n","protected":false},"excerpt":{"rendered":"<p>Agricultura, Sociedade e Territ\u00f3rio: Quest\u00f5es Atuais Sobre a Organiza\u00e7\u00e3o do Espa\u00e7o Rural Per\u00edodo de Realiza\u00e7\u00e3o: Novembro de 2004 a Janeiro de 2005 Estudos sobre a multifuncionalidade da agricultura sob a perspectiva da sustentabilidade sociocultural, econ\u00f4mica, pol\u00edtica e ambiental. Compreende, fundamentalmente, an\u00e1lises sobre as novas formas, fun\u00e7\u00f5es, processos e estruturas engendradas no espa\u00e7o rural, diante das &hellip; <\/p>\n<p><a class=\"more-link btn\" href=\"https:\/\/wp.ufpel.edu.br\/leaa\/projetos\/extensao\/agricultura-sociedade-e-territorio\/\">Continue lendo<\/a><\/p>\n","protected":false},"author":206,"featured_media":0,"parent":46,"menu_order":4,"comment_status":"closed","ping_status":"closed","template":"","meta":{"jetpack_post_was_ever_published":false,"footnotes":""},"class_list":["post-297","page","type-page","status-publish","hentry","nodate","item-wrap"],"jetpack_sharing_enabled":true,"_links":{"self":[{"href":"https:\/\/wp.ufpel.edu.br\/leaa\/wp-json\/wp\/v2\/pages\/297","targetHints":{"allow":["GET"]}}],"collection":[{"href":"https:\/\/wp.ufpel.edu.br\/leaa\/wp-json\/wp\/v2\/pages"}],"about":[{"href":"https:\/\/wp.ufpel.edu.br\/leaa\/wp-json\/wp\/v2\/types\/page"}],"author":[{"embeddable":true,"href":"https:\/\/wp.ufpel.edu.br\/leaa\/wp-json\/wp\/v2\/users\/206"}],"replies":[{"embeddable":true,"href":"https:\/\/wp.ufpel.edu.br\/leaa\/wp-json\/wp\/v2\/comments?post=297"}],"version-history":[{"count":3,"href":"https:\/\/wp.ufpel.edu.br\/leaa\/wp-json\/wp\/v2\/pages\/297\/revisions"}],"predecessor-version":[{"id":1454,"href":"https:\/\/wp.ufpel.edu.br\/leaa\/wp-json\/wp\/v2\/pages\/297\/revisions\/1454"}],"up":[{"embeddable":true,"href":"https:\/\/wp.ufpel.edu.br\/leaa\/wp-json\/wp\/v2\/pages\/46"}],"wp:attachment":[{"href":"https:\/\/wp.ufpel.edu.br\/leaa\/wp-json\/wp\/v2\/media?parent=297"}],"curies":[{"name":"wp","href":"https:\/\/api.w.org\/{rel}","templated":true}]}}