{"id":293,"date":"2012-09-18T10:06:09","date_gmt":"2012-09-18T13:06:09","guid":{"rendered":"https:\/\/wp.ufpel.edu.br\/leaa\/?page_id=293"},"modified":"2012-09-18T10:06:09","modified_gmt":"2012-09-18T13:06:09","slug":"lixo-rural","status":"publish","type":"page","link":"https:\/\/wp.ufpel.edu.br\/leaa\/projetos\/extensao\/lixo-rural\/","title":{"rendered":"Lixo Rural"},"content":{"rendered":"<p style=\"text-align: center\" align=\"justify\"><strong>Lixo Rural: Procedimentos, Pr\u00e1ticas e Alternativas<\/strong><\/p>\n<p align=\"right\">Per\u00edodo de Realiza\u00e7\u00e3o: 14 \u00e0 28\/11\/2005<\/p>\n<p align=\"justify\">A partir da reflex\u00e3o te\u00f3rico-metodol\u00f3gica elaborada pelo grupo de estudos do Laborat\u00f3rio de Estudos Agr\u00e1rios e Ambientais \u2013 LEAA, a atividade proposta refere-se a produ\u00e7\u00e3o e exposi\u00e7\u00e3o de material did\u00e1tico-pedag\u00f3gico sobre a gest\u00e3o do lixo em \u00e1reas rurais.Cabe ressaltar, que o trabalho foi desenvolvido a partir de uma experi\u00eancia pr\u00e1tica junto a uma escola municipal localizada no espa\u00e7o rural. Os objetivos da exposi\u00e7\u00e3o foram possibilitar, por meio do ensino formal e n\u00e3o-formal, a reflex\u00e3o sobre a quest\u00e3o da produ\u00e7\u00e3o e destino do lixo no espa\u00e7o rural; Permitir aos alunos de escolas rurais a amplia\u00e7\u00e3o da consci\u00eancia hol\u00edstica, a partir da conex\u00e3o dos diferentes elementos que comp\u00f5e o ambiente; Identificar as diferentes dimens\u00f5es presentes na quest\u00e3o da produ\u00e7\u00e3o e consumo da sociedade atual; Refletir sobre a origem e destino dos res\u00edduos produzidos pelo homem; Contribuir para a mudan\u00e7a de atitude das comunidades rurais no que se refere \u00e0 quest\u00e3o do lixo; Possibilitar ao Laborat\u00f3rio de Estudos Agr\u00e1rios e Ambientais a promo\u00e7\u00e3o de atividades de extens\u00e3o por meio da participa\u00e7\u00e3o de alunos do ensino fundamental e m\u00e9dio e do p\u00fablico em geral.<\/p>\n","protected":false},"excerpt":{"rendered":"<p>Lixo Rural: Procedimentos, Pr\u00e1ticas e Alternativas Per\u00edodo de Realiza\u00e7\u00e3o: 14 \u00e0 28\/11\/2005 A partir da reflex\u00e3o te\u00f3rico-metodol\u00f3gica elaborada pelo grupo de estudos do Laborat\u00f3rio de Estudos Agr\u00e1rios e Ambientais \u2013 LEAA, a atividade proposta refere-se a produ\u00e7\u00e3o e exposi\u00e7\u00e3o de material did\u00e1tico-pedag\u00f3gico sobre a gest\u00e3o do lixo em \u00e1reas rurais.Cabe ressaltar, que o trabalho foi &hellip; <\/p>\n<p><a class=\"more-link btn\" href=\"https:\/\/wp.ufpel.edu.br\/leaa\/projetos\/extensao\/lixo-rural\/\">Continue lendo<\/a><\/p>\n","protected":false},"author":206,"featured_media":0,"parent":46,"menu_order":2,"comment_status":"closed","ping_status":"closed","template":"","meta":{"jetpack_post_was_ever_published":false,"footnotes":""},"class_list":["post-293","page","type-page","status-publish","hentry","nodate","item-wrap"],"jetpack_sharing_enabled":true,"_links":{"self":[{"href":"https:\/\/wp.ufpel.edu.br\/leaa\/wp-json\/wp\/v2\/pages\/293","targetHints":{"allow":["GET"]}}],"collection":[{"href":"https:\/\/wp.ufpel.edu.br\/leaa\/wp-json\/wp\/v2\/pages"}],"about":[{"href":"https:\/\/wp.ufpel.edu.br\/leaa\/wp-json\/wp\/v2\/types\/page"}],"author":[{"embeddable":true,"href":"https:\/\/wp.ufpel.edu.br\/leaa\/wp-json\/wp\/v2\/users\/206"}],"replies":[{"embeddable":true,"href":"https:\/\/wp.ufpel.edu.br\/leaa\/wp-json\/wp\/v2\/comments?post=293"}],"version-history":[{"count":1,"href":"https:\/\/wp.ufpel.edu.br\/leaa\/wp-json\/wp\/v2\/pages\/293\/revisions"}],"predecessor-version":[{"id":294,"href":"https:\/\/wp.ufpel.edu.br\/leaa\/wp-json\/wp\/v2\/pages\/293\/revisions\/294"}],"up":[{"embeddable":true,"href":"https:\/\/wp.ufpel.edu.br\/leaa\/wp-json\/wp\/v2\/pages\/46"}],"wp:attachment":[{"href":"https:\/\/wp.ufpel.edu.br\/leaa\/wp-json\/wp\/v2\/media?parent=293"}],"curies":[{"name":"wp","href":"https:\/\/api.w.org\/{rel}","templated":true}]}}