{"id":291,"date":"2012-09-18T10:05:38","date_gmt":"2012-09-18T13:05:38","guid":{"rendered":"https:\/\/wp.ufpel.edu.br\/leaa\/?page_id=291"},"modified":"2012-09-18T10:05:38","modified_gmt":"2012-09-18T13:05:38","slug":"organizacao-regional","status":"publish","type":"page","link":"https:\/\/wp.ufpel.edu.br\/leaa\/projetos\/extensao\/organizacao-regional\/","title":{"rendered":"Organiza\u00e7\u00e3o Regional"},"content":{"rendered":"<p style=\"text-align: center\" align=\"justify\"><strong>Organiza\u00e7\u00e3o Regional: As Rela\u00e7\u00f5es Sociedade X Natureza no Rio Grande do Sul<\/strong><\/p>\n<p align=\"right\">Per\u00edodo de Realiza\u00e7\u00e3o: 25 e 26 de junho de 2005<\/p>\n<p align=\"justify\">Estudo da aplicabilidade da modelagem de geossistemas \u00e0 gest\u00e3o territorial e desenvolvimento regional; pesquisa e planejamento da organiza\u00e7\u00e3o do espa\u00e7o rural e urbano. Objetivou-se desenvolver a capacidade de proje\u00e7\u00e3o espacial dos alunos atrav\u00e9s da reflex\u00e3o geossist\u00eamica; Identificar e analisar as fei\u00e7\u00f5es caracter\u00edsticas das prov\u00edncias geomorfol\u00f3gicas da Plan\u00edcie Costeira, Escudo Sul-rio-grandense e Depress\u00e3o Central; Visitar o museu e s\u00edtio paleontol\u00f3gico da cidade de Mata-RS; Possibilitar ao Laborat\u00f3rio de Estudos Agr\u00e1rios e Ambientais a promo\u00e7\u00e3o de atividades de extens\u00e3o atrav\u00e9s da participa\u00e7\u00e3o de alunos e do p\u00fablico em geral.<\/p>\n","protected":false},"excerpt":{"rendered":"<p>Organiza\u00e7\u00e3o Regional: As Rela\u00e7\u00f5es Sociedade X Natureza no Rio Grande do Sul Per\u00edodo de Realiza\u00e7\u00e3o: 25 e 26 de junho de 2005 Estudo da aplicabilidade da modelagem de geossistemas \u00e0 gest\u00e3o territorial e desenvolvimento regional; pesquisa e planejamento da organiza\u00e7\u00e3o do espa\u00e7o rural e urbano. Objetivou-se desenvolver a capacidade de proje\u00e7\u00e3o espacial dos alunos atrav\u00e9s &hellip; <\/p>\n<p><a class=\"more-link btn\" href=\"https:\/\/wp.ufpel.edu.br\/leaa\/projetos\/extensao\/organizacao-regional\/\">Continue lendo<\/a><\/p>\n","protected":false},"author":206,"featured_media":0,"parent":46,"menu_order":1,"comment_status":"closed","ping_status":"closed","template":"","meta":{"jetpack_post_was_ever_published":false,"footnotes":""},"class_list":["post-291","page","type-page","status-publish","hentry","nodate","item-wrap"],"jetpack_sharing_enabled":true,"_links":{"self":[{"href":"https:\/\/wp.ufpel.edu.br\/leaa\/wp-json\/wp\/v2\/pages\/291","targetHints":{"allow":["GET"]}}],"collection":[{"href":"https:\/\/wp.ufpel.edu.br\/leaa\/wp-json\/wp\/v2\/pages"}],"about":[{"href":"https:\/\/wp.ufpel.edu.br\/leaa\/wp-json\/wp\/v2\/types\/page"}],"author":[{"embeddable":true,"href":"https:\/\/wp.ufpel.edu.br\/leaa\/wp-json\/wp\/v2\/users\/206"}],"replies":[{"embeddable":true,"href":"https:\/\/wp.ufpel.edu.br\/leaa\/wp-json\/wp\/v2\/comments?post=291"}],"version-history":[{"count":1,"href":"https:\/\/wp.ufpel.edu.br\/leaa\/wp-json\/wp\/v2\/pages\/291\/revisions"}],"predecessor-version":[{"id":292,"href":"https:\/\/wp.ufpel.edu.br\/leaa\/wp-json\/wp\/v2\/pages\/291\/revisions\/292"}],"up":[{"embeddable":true,"href":"https:\/\/wp.ufpel.edu.br\/leaa\/wp-json\/wp\/v2\/pages\/46"}],"wp:attachment":[{"href":"https:\/\/wp.ufpel.edu.br\/leaa\/wp-json\/wp\/v2\/media?parent=291"}],"curies":[{"name":"wp","href":"https:\/\/api.w.org\/{rel}","templated":true}]}}