{"id":285,"date":"2012-09-18T10:02:43","date_gmt":"2012-09-18T13:02:43","guid":{"rendered":"https:\/\/wp.ufpel.edu.br\/leaa\/?page_id=285"},"modified":"2016-06-09T14:04:00","modified_gmt":"2016-06-09T17:04:00","slug":"estrategias-de-reproducao-social-e-territorial-da-agricultura-familiar","status":"publish","type":"page","link":"https:\/\/wp.ufpel.edu.br\/leaa\/projetos\/pesquisa\/estrategias-de-reproducao-social-e-territorial-da-agricultura-familiar\/","title":{"rendered":"Estrat\u00e9gias de Reprodu\u00e7\u00e3o Social e Territorial da Agricultura Familiar"},"content":{"rendered":"<p style=\"text-align: center\"><strong>Estrat\u00e9gias de Reprodu\u00e7\u00e3o Social e Territorial da Agricultura Familiar: estudos na escala local e regional<\/strong><\/p>\n<p align=\"justify\">O segmento da agricultura familiar caracteriza-se por apresentar uma grande diversidade de combina\u00e7\u00f5es, tanto no que se refere \u00e0 disponibilidade quanto ao uso e distribui\u00e7\u00e3o dos recursos terra, trabalho e capital \u2013 no interior das unidades produtivas. Essa diferencia\u00e7\u00e3o pode ser observada em diversas escalas, tanto nacional, regional e local, ou seja, at\u00e9 mesmo em uma comunidade rural. A agricultura familiar, dessa forma, torna-se foco de estudos, principalmente \u00e0queles relacionados \u00e0s estrat\u00e9gias adotadas por este segmento para se organizar e reorganizar diante das especificidades do modo de produ\u00e7\u00e3o capitalista. Assim, justifica-se aprofundar o conhecimento acerca da produ\u00e7\u00e3o familiar na agricultura, vis \u00e0 vis a diversidade de formas e de processos de adapta\u00e7\u00e3o e inser\u00e7\u00e3o no sistema de mercado ou ainda, na manuten\u00e7\u00e3o de estrat\u00e9gias n\u00e3o-capitalistas de reprodu\u00e7\u00e3o social e perman\u00eancia no contexto produtivo do espa\u00e7o rural. No link a segui est\u00e1 o projeto completo:<\/p>\n<p align=\"justify\"><a href=\"https:\/\/wp.ufpel.edu.br\/leaa\/files\/2012\/09\/Projeto-de-Pesquisa-Estrat\u00e9gias-de-reprodu\u00e7\u00e3o-social-e-territorial.pdf\">Projeto de Pesquisa Estrat\u00e9gias de reprodu\u00e7\u00e3o social e territorial<\/a><\/p>\n","protected":false},"excerpt":{"rendered":"<p>Estrat\u00e9gias de Reprodu\u00e7\u00e3o Social e Territorial da Agricultura Familiar: estudos na escala local e regional O segmento da agricultura familiar caracteriza-se por apresentar uma grande diversidade de combina\u00e7\u00f5es, tanto no que se refere \u00e0 disponibilidade quanto ao uso e distribui\u00e7\u00e3o dos recursos terra, trabalho e capital \u2013 no interior das unidades produtivas. Essa diferencia\u00e7\u00e3o pode &hellip; <\/p>\n<p><a class=\"more-link btn\" href=\"https:\/\/wp.ufpel.edu.br\/leaa\/projetos\/pesquisa\/estrategias-de-reproducao-social-e-territorial-da-agricultura-familiar\/\">Continue lendo<\/a><\/p>\n","protected":false},"author":206,"featured_media":0,"parent":41,"menu_order":4,"comment_status":"closed","ping_status":"closed","template":"","meta":{"jetpack_post_was_ever_published":false,"footnotes":""},"class_list":["post-285","page","type-page","status-publish","hentry","nodate","item-wrap"],"jetpack_sharing_enabled":true,"_links":{"self":[{"href":"https:\/\/wp.ufpel.edu.br\/leaa\/wp-json\/wp\/v2\/pages\/285","targetHints":{"allow":["GET"]}}],"collection":[{"href":"https:\/\/wp.ufpel.edu.br\/leaa\/wp-json\/wp\/v2\/pages"}],"about":[{"href":"https:\/\/wp.ufpel.edu.br\/leaa\/wp-json\/wp\/v2\/types\/page"}],"author":[{"embeddable":true,"href":"https:\/\/wp.ufpel.edu.br\/leaa\/wp-json\/wp\/v2\/users\/206"}],"replies":[{"embeddable":true,"href":"https:\/\/wp.ufpel.edu.br\/leaa\/wp-json\/wp\/v2\/comments?post=285"}],"version-history":[{"count":9,"href":"https:\/\/wp.ufpel.edu.br\/leaa\/wp-json\/wp\/v2\/pages\/285\/revisions"}],"predecessor-version":[{"id":1337,"href":"https:\/\/wp.ufpel.edu.br\/leaa\/wp-json\/wp\/v2\/pages\/285\/revisions\/1337"}],"up":[{"embeddable":true,"href":"https:\/\/wp.ufpel.edu.br\/leaa\/wp-json\/wp\/v2\/pages\/41"}],"wp:attachment":[{"href":"https:\/\/wp.ufpel.edu.br\/leaa\/wp-json\/wp\/v2\/media?parent=285"}],"curies":[{"name":"wp","href":"https:\/\/api.w.org\/{rel}","templated":true}]}}