{"id":2721,"date":"2021-05-15T21:36:15","date_gmt":"2021-05-16T00:36:15","guid":{"rendered":"https:\/\/wp.ufpel.edu.br\/leaa\/?page_id=2721"},"modified":"2021-05-23T11:17:17","modified_gmt":"2021-05-23T14:17:17","slug":"identidade-visual-logotipo","status":"publish","type":"page","link":"https:\/\/wp.ufpel.edu.br\/leaa\/identidade-visual-logotipo\/","title":{"rendered":"Identidade Visual\/Logotipo"},"content":{"rendered":"<p><a href=\"https:\/\/wp.ufpel.edu.br\/leaa\/files\/2021\/05\/Logotipo-fundo-transparente.png\" target=\"_blank\" rel=\"noopener noreferrer\"><img loading=\"lazy\" decoding=\"async\" class=\"aligncenter wp-image-2722 size-medium\" src=\"https:\/\/wp.ufpel.edu.br\/leaa\/files\/2021\/05\/Logotipo-fundo-transparente-378x318.png\" alt=\"\" width=\"378\" height=\"318\" srcset=\"https:\/\/wp.ufpel.edu.br\/leaa\/files\/2021\/05\/Logotipo-fundo-transparente-378x318.png 378w, https:\/\/wp.ufpel.edu.br\/leaa\/files\/2021\/05\/Logotipo-fundo-transparente-189x159.png 189w, https:\/\/wp.ufpel.edu.br\/leaa\/files\/2021\/05\/Logotipo-fundo-transparente-768x646.png 768w, https:\/\/wp.ufpel.edu.br\/leaa\/files\/2021\/05\/Logotipo-fundo-transparente-750x631.png 750w, https:\/\/wp.ufpel.edu.br\/leaa\/files\/2021\/05\/Logotipo-fundo-transparente.png 789w\" sizes=\"auto, (max-width: 378px) 100vw, 378px\" \/><\/a><\/p>\n<p>Logos em .cdr, .jpg e .png <a href=\"https:\/\/drive.google.com\/drive\/folders\/1ZvuaRylntvUWSJNVUYFG68__jV3XBy8F?usp=sharing\" target=\"_blank\" rel=\"noopener noreferrer\">AQUI!<\/a><\/p>\n<p style=\"text-align: justify\"><strong>Memorial Descritivo do Logotipo do LEAA<\/strong><\/p>\n<p style=\"text-align: justify\">O Laborat\u00f3rio de Estudos Agr\u00e1rios e Ambientais-LEAA tem sua atua\u00e7\u00e3o e produ\u00e7\u00e3o acad\u00eamica-cient\u00edfica associada a tem\u00e1ticas pertinentes ao mundo rural.<\/p>\n<p style=\"text-align: justify\">Usando estes elementos como refer\u00eancia na cria\u00e7\u00e3o do logotipo, optou-se por utilizar dois blocos gr\u00e1ficos, uma imagem associada ao lettering e uma frase de apoio.<\/p>\n<p style=\"text-align: justify\">A imagem ilustra, de forma l\u00fadica, a paisagem rural, com duas linhas curvas representando as eleva\u00e7\u00f5es do terreno e as folhas fazendo alus\u00e3o a vegeta\u00e7\u00e3o natural e aos cultivos agr\u00edcolas. Dividida em dois blocos, o superior em azul, o c\u00e9u, e o inferior em verde, o solo e sua vegeta\u00e7\u00e3o.<\/p>\n<p style=\"text-align: justify\">As cores escolhidas foram o verde e o azul. O verde \u00e9 a cor da vida vegetal, da natureza, da consci\u00eancia ambiental. O azul \u00e9 a cor da sabedoria, da intelectualidade e,\u00a0tamb\u00e9m, \u00e9 a cor do c\u00e9u que comp\u00f5e a paisagem rural.<\/p>\n<p style=\"text-align: justify\">Foram utilizadas duas fontes para compor o lettering:<\/p>\n<p style=\"text-align: justify\">&#8211; Neuropolitical RG para a sigla LEAA<\/p>\n<p style=\"text-align: justify\">&#8211; Lucida Sans para a frase de apoio<\/p>\n<p style=\"text-align: justify\">A fonte da sigla segue a ideia da imagem, com seu desenho arredondado sem serifas,\u00a0pensando em uma constru\u00e7\u00e3o manual, ao desenho a m\u00e3o livre, de formas org\u00e2nicas\u00a0que remetem a agricultura familiar, seus agroecossistemas, suas pr\u00e1ticas culturais e\u00a0de sociabilidade.<\/p>\n<p style=\"text-align: justify\">A fonte da frase de apoio \u2013 Laborat\u00f3rio de Estudos Agr\u00e1rios e Ambientais \u2013 por ser\u00a0utilizada com um corpo menor, foi escolhida pela sua legibilidade.<\/p>\n","protected":false},"excerpt":{"rendered":"<p>Logos em .cdr, .jpg e .png AQUI! Memorial Descritivo do Logotipo do LEAA O Laborat\u00f3rio de Estudos Agr\u00e1rios e Ambientais-LEAA tem sua atua\u00e7\u00e3o e produ\u00e7\u00e3o acad\u00eamica-cient\u00edfica associada a tem\u00e1ticas pertinentes ao mundo rural. Usando estes elementos como refer\u00eancia na cria\u00e7\u00e3o do logotipo, optou-se por utilizar dois blocos gr\u00e1ficos, uma imagem associada ao lettering e uma &hellip; <\/p>\n<p><a class=\"more-link btn\" href=\"https:\/\/wp.ufpel.edu.br\/leaa\/identidade-visual-logotipo\/\">Continue lendo<\/a><\/p>\n","protected":false},"author":206,"featured_media":0,"parent":0,"menu_order":10,"comment_status":"closed","ping_status":"closed","template":"","meta":{"jetpack_post_was_ever_published":false,"footnotes":""},"class_list":["post-2721","page","type-page","status-publish","hentry","nodate","item-wrap"],"jetpack_sharing_enabled":true,"_links":{"self":[{"href":"https:\/\/wp.ufpel.edu.br\/leaa\/wp-json\/wp\/v2\/pages\/2721","targetHints":{"allow":["GET"]}}],"collection":[{"href":"https:\/\/wp.ufpel.edu.br\/leaa\/wp-json\/wp\/v2\/pages"}],"about":[{"href":"https:\/\/wp.ufpel.edu.br\/leaa\/wp-json\/wp\/v2\/types\/page"}],"author":[{"embeddable":true,"href":"https:\/\/wp.ufpel.edu.br\/leaa\/wp-json\/wp\/v2\/users\/206"}],"replies":[{"embeddable":true,"href":"https:\/\/wp.ufpel.edu.br\/leaa\/wp-json\/wp\/v2\/comments?post=2721"}],"version-history":[{"count":4,"href":"https:\/\/wp.ufpel.edu.br\/leaa\/wp-json\/wp\/v2\/pages\/2721\/revisions"}],"predecessor-version":[{"id":2778,"href":"https:\/\/wp.ufpel.edu.br\/leaa\/wp-json\/wp\/v2\/pages\/2721\/revisions\/2778"}],"wp:attachment":[{"href":"https:\/\/wp.ufpel.edu.br\/leaa\/wp-json\/wp\/v2\/media?parent=2721"}],"curies":[{"name":"wp","href":"https:\/\/api.w.org\/{rel}","templated":true}]}}