{"id":2705,"date":"2021-05-11T14:56:53","date_gmt":"2021-05-11T17:56:53","guid":{"rendered":"https:\/\/wp.ufpel.edu.br\/leaa\/?page_id=2705"},"modified":"2021-05-26T10:01:56","modified_gmt":"2021-05-26T13:01:56","slug":"aproximacao-metodologica-com-o-indice-de-desenvolvimento-rural-idr","status":"publish","type":"page","link":"https:\/\/wp.ufpel.edu.br\/leaa\/rede-de-estudos-agrarios\/discussoes-cursos\/aproximacao-metodologica-com-o-indice-de-desenvolvimento-rural-idr\/","title":{"rendered":"Aproxima\u00e7\u00e3o metodol\u00f3gica com o \u00cdndice de Desenvolvimento Rural-IDR"},"content":{"rendered":"<p>A A\u00e7\u00e3o de Extens\u00e3o consiste na publiciza\u00e7\u00e3o de metodologias aplicadas aos estudos e<br \/>\nplanejamento dos espa\u00e7os rurais. No caso espec\u00edfico, a proposta metodol\u00f3gica de c\u00e1lculo de<br \/>\n\u00edndices quantitativos sobre o desenvolvimento rural, na escala regional e local. Tendo como<br \/>\nobjetivos apresentar a proposta metodol\u00f3gica do \u00edndice de Desenvolvimento Rural-IDR na<br \/>\nRegi\u00e3o Imediata de Pelotas; instrumentalizar, por meio de metodologias quantitativas, o<br \/>\nc\u00e1lculo estat\u00edstico do IDR; discutir as possibilidades e limita\u00e7\u00f5es da proposta metodol\u00f3gica nos<br \/>\nestudos sobre o desenvolvimento rural.<\/p>\n<p>Para assistir o curso sobre o IDR acesse os v\u00eddeos abaixo:<\/p>\n<p>1\u00aa parte:<\/p>\n<div class=\"embed-container\"><iframe loading=\"lazy\" title=\"Aproxima\u00e7\u00e3o metodol\u00f3gica com o \u00cdndice de Desenvolvimento Rural-IDR\" width=\"750\" height=\"422\" src=\"https:\/\/www.youtube.com\/embed\/bfEaDjdB0c0?feature=oembed\" frameborder=\"0\" allow=\"accelerometer; autoplay; clipboard-write; encrypted-media; gyroscope; picture-in-picture\" allowfullscreen><\/iframe><\/div>\n<p>2\u00aa parte:<\/p>\n<div class=\"embed-container\"><iframe loading=\"lazy\" title=\"Aproxima\u00e7\u00e3o metodol\u00f3gica com o \u00cdndice de Desenvolvimento Rural-IDR\" width=\"750\" height=\"422\" src=\"https:\/\/www.youtube.com\/embed\/PPrfGOSrSe4?feature=oembed\" frameborder=\"0\" allow=\"accelerometer; autoplay; clipboard-write; encrypted-media; gyroscope; picture-in-picture\" allowfullscreen><\/iframe><\/div>\n","protected":false},"excerpt":{"rendered":"<p>A A\u00e7\u00e3o de Extens\u00e3o consiste na publiciza\u00e7\u00e3o de metodologias aplicadas aos estudos e planejamento dos espa\u00e7os rurais. No caso espec\u00edfico, a proposta metodol\u00f3gica de c\u00e1lculo de \u00edndices quantitativos sobre o desenvolvimento rural, na escala regional e local. Tendo como objetivos apresentar a proposta metodol\u00f3gica do \u00edndice de Desenvolvimento Rural-IDR na Regi\u00e3o Imediata de Pelotas; instrumentalizar, &hellip; <\/p>\n<p><a class=\"more-link btn\" href=\"https:\/\/wp.ufpel.edu.br\/leaa\/rede-de-estudos-agrarios\/discussoes-cursos\/aproximacao-metodologica-com-o-indice-de-desenvolvimento-rural-idr\/\">Continue lendo<\/a><\/p>\n","protected":false},"author":206,"featured_media":0,"parent":2698,"menu_order":0,"comment_status":"closed","ping_status":"closed","template":"","meta":{"jetpack_post_was_ever_published":false,"footnotes":""},"class_list":["post-2705","page","type-page","status-publish","hentry","nodate","item-wrap"],"jetpack_sharing_enabled":true,"_links":{"self":[{"href":"https:\/\/wp.ufpel.edu.br\/leaa\/wp-json\/wp\/v2\/pages\/2705","targetHints":{"allow":["GET"]}}],"collection":[{"href":"https:\/\/wp.ufpel.edu.br\/leaa\/wp-json\/wp\/v2\/pages"}],"about":[{"href":"https:\/\/wp.ufpel.edu.br\/leaa\/wp-json\/wp\/v2\/types\/page"}],"author":[{"embeddable":true,"href":"https:\/\/wp.ufpel.edu.br\/leaa\/wp-json\/wp\/v2\/users\/206"}],"replies":[{"embeddable":true,"href":"https:\/\/wp.ufpel.edu.br\/leaa\/wp-json\/wp\/v2\/comments?post=2705"}],"version-history":[{"count":4,"href":"https:\/\/wp.ufpel.edu.br\/leaa\/wp-json\/wp\/v2\/pages\/2705\/revisions"}],"predecessor-version":[{"id":2811,"href":"https:\/\/wp.ufpel.edu.br\/leaa\/wp-json\/wp\/v2\/pages\/2705\/revisions\/2811"}],"up":[{"embeddable":true,"href":"https:\/\/wp.ufpel.edu.br\/leaa\/wp-json\/wp\/v2\/pages\/2698"}],"wp:attachment":[{"href":"https:\/\/wp.ufpel.edu.br\/leaa\/wp-json\/wp\/v2\/media?parent=2705"}],"curies":[{"name":"wp","href":"https:\/\/api.w.org\/{rel}","templated":true}]}}