{"id":2698,"date":"2021-05-11T14:52:30","date_gmt":"2021-05-11T17:52:30","guid":{"rendered":"https:\/\/wp.ufpel.edu.br\/leaa\/?page_id=2698"},"modified":"2021-05-11T14:57:18","modified_gmt":"2021-05-11T17:57:18","slug":"discussoes-cursos","status":"publish","type":"page","link":"https:\/\/wp.ufpel.edu.br\/leaa\/rede-de-estudos-agrarios\/discussoes-cursos\/","title":{"rendered":"Discuss\u00f5es\/Cursos"},"content":{"rendered":"<p><a href=\"https:\/\/wp.ufpel.edu.br\/leaa\/rede-de-estudos-agrarios\/discussoes-cursos\/aproximacao-metodologica-com-o-indice-de-desenvolvimento-rural-idr\/\" target=\"_blank\" rel=\"noopener noreferrer\"><strong>Aproxima\u00e7\u00e3o metodol\u00f3gica com o \u00cdndice de Desenvolvimento Rural-IDR<\/strong><\/a><\/p>\n<p>&nbsp;<\/p>\n","protected":false},"excerpt":{"rendered":"<p>Aproxima\u00e7\u00e3o metodol\u00f3gica com o \u00cdndice de Desenvolvimento Rural-IDR &nbsp;<\/p>\n","protected":false},"author":206,"featured_media":0,"parent":817,"menu_order":0,"comment_status":"closed","ping_status":"closed","template":"","meta":{"jetpack_post_was_ever_published":false,"footnotes":""},"class_list":["post-2698","page","type-page","status-publish","hentry","nodate","item-wrap"],"jetpack_sharing_enabled":true,"_links":{"self":[{"href":"https:\/\/wp.ufpel.edu.br\/leaa\/wp-json\/wp\/v2\/pages\/2698","targetHints":{"allow":["GET"]}}],"collection":[{"href":"https:\/\/wp.ufpel.edu.br\/leaa\/wp-json\/wp\/v2\/pages"}],"about":[{"href":"https:\/\/wp.ufpel.edu.br\/leaa\/wp-json\/wp\/v2\/types\/page"}],"author":[{"embeddable":true,"href":"https:\/\/wp.ufpel.edu.br\/leaa\/wp-json\/wp\/v2\/users\/206"}],"replies":[{"embeddable":true,"href":"https:\/\/wp.ufpel.edu.br\/leaa\/wp-json\/wp\/v2\/comments?post=2698"}],"version-history":[{"count":2,"href":"https:\/\/wp.ufpel.edu.br\/leaa\/wp-json\/wp\/v2\/pages\/2698\/revisions"}],"predecessor-version":[{"id":2707,"href":"https:\/\/wp.ufpel.edu.br\/leaa\/wp-json\/wp\/v2\/pages\/2698\/revisions\/2707"}],"up":[{"embeddable":true,"href":"https:\/\/wp.ufpel.edu.br\/leaa\/wp-json\/wp\/v2\/pages\/817"}],"wp:attachment":[{"href":"https:\/\/wp.ufpel.edu.br\/leaa\/wp-json\/wp\/v2\/media?parent=2698"}],"curies":[{"name":"wp","href":"https:\/\/api.w.org\/{rel}","templated":true}]}}