{"id":266,"date":"2012-09-18T09:54:05","date_gmt":"2012-09-18T12:54:05","guid":{"rendered":"https:\/\/wp.ufpel.edu.br\/leaa\/?page_id=266"},"modified":"2012-09-18T10:13:18","modified_gmt":"2012-09-18T13:13:18","slug":"agricultura-familiar-e-sustentabilidade","status":"publish","type":"page","link":"https:\/\/wp.ufpel.edu.br\/leaa\/projetos\/ensino\/agricultura-familiar-e-sustentabilidade\/","title":{"rendered":"Agricultura Familiar e Sustentabilidade"},"content":{"rendered":"<p style=\"text-align: center\"><strong>Agricultura familiar e sustentabilidade: estrat\u00e9gias de reprodu\u00e7\u00e3o social e territorial<\/strong><\/p>\n<p align=\"right\">Per\u00edodo de Realiza\u00e7\u00e3o: 2007\/2008<\/p>\n<p align=\"justify\">O segmento da agricultura familiar caracteriza-se por apresentar uma grande diversidade de combina\u00e7\u00f5es, tanto no que se refere \u00e0 disponibilidade quanto ao uso e distribui\u00e7\u00e3o dos recursos \u2013 terra, trabalho e capital \u2013 no interior das unidades produtivas. Essa diferencia\u00e7\u00e3o pode ser observada em diversas escalas, seja nacional, estadual, microrregional, municipal e, at\u00e9 mesmo dento de uma comunidade rural. Para entender a organiza\u00e7\u00e3o da produ\u00e7\u00e3o familiar nesses termos, \u00e9 necess\u00e1rio considerar que a diferencia\u00e7\u00e3o social entre produtores familiares \u00e9 fruto do desenvolvimento de uma agricultura moderna, que incorpora o progresso tecnol\u00f3gico, formando uma camada de produtores \u201cditos\u201d modernos e, no outro extremo, aqueles que adotaram outras estrat\u00e9gias de desenvolvimento e de reprodu\u00e7\u00e3o social e territorial. Desta maneira, segundo Neumann (1993), o ponto de partida para o processo de transi\u00e7\u00e3o rumo a sustentabilidade na agricultura reside no reconhecimento das diferentes racionalidades de decis\u00f5es produtivas presentes na produ\u00e7\u00e3o familiar, se \u00e9 que se pretende oferecer algum aporte eficaz para enfrentar os problemas existentes na organiza\u00e7\u00e3o interna das unidades produtivas familiares. Como objetivos o projeto busca: analisar as possibilidades e restri\u00e7\u00f5es para o desenvolvimento da agricultura familiar a partir da perspectiva da sustentabilidade e suas rela\u00e7\u00f5es com o desenvolvimento territorial; Compreender, com base em leituras selecionadas sobre a tem\u00e1tica, a base te\u00f3rico conceitual que permeia os estudos sobre agricultura familiar, sustentabilidade e territ\u00f3rio; Estabelecer compara\u00e7\u00f5es entre as diferentes organiza\u00e7\u00f5es das unidades produtivas familiares, mediante an\u00e1lise emp\u00edrica de elementos diferenciadores presentes na agricultura; Identificar as alternativas de desenvolvimento para a agricultura familiar, baseadas nos princ\u00edpios da sustentabilidade econ\u00f4mica, social e ecol\u00f3gica; Analisar os princ\u00edpios te\u00f3ricos e metodol\u00f3gicos que norteiam os estudos sobre o desenvolvimento territorial; Realizar atividades de pesquisa de campo a fim de confrontar com o referencial te\u00f3rico com a realidade emp\u00edrica; Oferecer aos alunos participantes atividades extracurriculares, solicitadas para complementa\u00e7\u00e3o da sua forma\u00e7\u00e3o acad\u00eamica. A organiza\u00e7\u00e3o do grupo de estudos, referente ao projeto, tem como sistematiza\u00e7\u00e3o discutir e aprofundar o entendimento dos pressupostos te\u00f3rico-metodol\u00f3gicos, adotados pelos estudiosos das quest\u00f5es agr\u00e1rias, para estabelecer as inter-rela\u00e7\u00f5es entre o segmento da agricultura familiar com a sustentabilidade e as estrat\u00e9gias de reprodu\u00e7\u00e3o social e territorial.<\/p>\n","protected":false},"excerpt":{"rendered":"<p>Agricultura familiar e sustentabilidade: estrat\u00e9gias de reprodu\u00e7\u00e3o social e territorial Per\u00edodo de Realiza\u00e7\u00e3o: 2007\/2008 O segmento da agricultura familiar caracteriza-se por apresentar uma grande diversidade de combina\u00e7\u00f5es, tanto no que se refere \u00e0 disponibilidade quanto ao uso e distribui\u00e7\u00e3o dos recursos \u2013 terra, trabalho e capital \u2013 no interior das unidades produtivas. Essa diferencia\u00e7\u00e3o pode &hellip; <\/p>\n<p><a class=\"more-link btn\" href=\"https:\/\/wp.ufpel.edu.br\/leaa\/projetos\/ensino\/agricultura-familiar-e-sustentabilidade\/\">Continue lendo<\/a><\/p>\n","protected":false},"author":206,"featured_media":0,"parent":76,"menu_order":1,"comment_status":"closed","ping_status":"closed","template":"","meta":{"jetpack_post_was_ever_published":false,"footnotes":""},"class_list":["post-266","page","type-page","status-publish","hentry","nodate","item-wrap"],"jetpack_sharing_enabled":true,"_links":{"self":[{"href":"https:\/\/wp.ufpel.edu.br\/leaa\/wp-json\/wp\/v2\/pages\/266","targetHints":{"allow":["GET"]}}],"collection":[{"href":"https:\/\/wp.ufpel.edu.br\/leaa\/wp-json\/wp\/v2\/pages"}],"about":[{"href":"https:\/\/wp.ufpel.edu.br\/leaa\/wp-json\/wp\/v2\/types\/page"}],"author":[{"embeddable":true,"href":"https:\/\/wp.ufpel.edu.br\/leaa\/wp-json\/wp\/v2\/users\/206"}],"replies":[{"embeddable":true,"href":"https:\/\/wp.ufpel.edu.br\/leaa\/wp-json\/wp\/v2\/comments?post=266"}],"version-history":[{"count":6,"href":"https:\/\/wp.ufpel.edu.br\/leaa\/wp-json\/wp\/v2\/pages\/266\/revisions"}],"predecessor-version":[{"id":316,"href":"https:\/\/wp.ufpel.edu.br\/leaa\/wp-json\/wp\/v2\/pages\/266\/revisions\/316"}],"up":[{"embeddable":true,"href":"https:\/\/wp.ufpel.edu.br\/leaa\/wp-json\/wp\/v2\/pages\/76"}],"wp:attachment":[{"href":"https:\/\/wp.ufpel.edu.br\/leaa\/wp-json\/wp\/v2\/media?parent=266"}],"curies":[{"name":"wp","href":"https:\/\/api.w.org\/{rel}","templated":true}]}}