{"id":264,"date":"2012-09-18T09:53:29","date_gmt":"2012-09-18T12:53:29","guid":{"rendered":"https:\/\/wp.ufpel.edu.br\/leaa\/?page_id=264"},"modified":"2012-09-18T10:12:36","modified_gmt":"2012-09-18T13:12:36","slug":"agricultura-familiar-e-agroecologia","status":"publish","type":"page","link":"https:\/\/wp.ufpel.edu.br\/leaa\/projetos\/ensino\/agricultura-familiar-e-agroecologia\/","title":{"rendered":"Agricultura Familiar e Agroecologia"},"content":{"rendered":"<p style=\"text-align: center\"><strong>Agricultura Familiar e Agroecologia<\/strong><\/p>\n<p align=\"right\">Per\u00edodo de Realiza\u00e7\u00e3o: 2006\/2007<\/p>\n<p align=\"justify\">O segmento da agricultura familiar caracteriza-se por apresentar uma grande diversidade de combina\u00e7\u00f5es, tanto no que se refere \u00e0 disponibilidade quanto ao uso e distribui\u00e7\u00e3o dos recursos \u2013 terra, trabalho e capital \u2013 no interior das unidades produtivas. Essa diferencia\u00e7\u00e3o pode ser observada em diversas escalas, seja nacional, estadual, microrregional, municipal e, at\u00e9 mesmo dento de uma comunidade rural.Aliado a isso o conceito de agroecologia quer sistematizar todos os esfor\u00e7os em produzir um modelo tecnol\u00f3gico abrangente, que seja socialmente justo, economicamente vi\u00e1vel e ecologicamente sustent\u00e1vel. A rigor, pode-se dizer que a agroecologia \u00e9 a base cient\u00edfico-tecnol\u00f3gica para um projeto de desenvolvimento sustent\u00e1vel.Como objetivos o projeto busca analisar as possibilidades e restri\u00e7\u00f5es para o desenvolvimento da agricultura familiar vis a vis \u00e0 emerg\u00eancia do paradigma agroecol\u00f3gico; Compreender, com base em leituras selecionadas sobre a tem\u00e1tica, a base te\u00f3rico-conceitual que permeia os estudos sobre agricultura familiar e agroecologia; Caracterizar os produtores familiares de base agroecol\u00f3gica, segundo indicadores sociais, de produ\u00e7\u00e3o, econ\u00f4micos e t\u00e9cnicos por meio da proposta de Lamarche; Estabelecer compara\u00e7\u00f5es entre as unidades produtivas familiares, mediante an\u00e1lise emp\u00edrica de elementos diferenciadores presentes na agricultura; Identificar as alternativas de desenvolvimento para a agricultura familiar, baseadas nos princ\u00edpios da sustentabilidade econ\u00f4mica, social e ecol\u00f3gica; Oferecer aos alunos participantes atividades extracurriculares, solicitadas para complementa\u00e7\u00e3o da sua forma\u00e7\u00e3o acad\u00eamica.A organiza\u00e7\u00e3o do grupo de estudos, referente ao projeto, tem como sistematiza\u00e7\u00e3o metodol\u00f3gica discutir e aprofundar o entendimento dos pressupostos te\u00f3rico-metodol\u00f3gicos, adotados pelos estudiosos das quest\u00f5es agr\u00e1rias, para estabelecer as inter-rela\u00e7\u00f5es entre o segmento da agricultura familiar e a emerg\u00eancia do paradigma agroecol\u00f3gico, para tanto, ser\u00e3o utilizados um conjunto de leituras\/textos como referencial bibliogr\u00e1fico.<\/p>\n","protected":false},"excerpt":{"rendered":"<p>Agricultura Familiar e Agroecologia Per\u00edodo de Realiza\u00e7\u00e3o: 2006\/2007 O segmento da agricultura familiar caracteriza-se por apresentar uma grande diversidade de combina\u00e7\u00f5es, tanto no que se refere \u00e0 disponibilidade quanto ao uso e distribui\u00e7\u00e3o dos recursos \u2013 terra, trabalho e capital \u2013 no interior das unidades produtivas. Essa diferencia\u00e7\u00e3o pode ser observada em diversas escalas, seja &hellip; <\/p>\n<p><a class=\"more-link btn\" href=\"https:\/\/wp.ufpel.edu.br\/leaa\/projetos\/ensino\/agricultura-familiar-e-agroecologia\/\">Continue lendo<\/a><\/p>\n","protected":false},"author":206,"featured_media":0,"parent":76,"menu_order":0,"comment_status":"closed","ping_status":"closed","template":"","meta":{"jetpack_post_was_ever_published":false,"footnotes":""},"class_list":["post-264","page","type-page","status-publish","hentry","nodate","item-wrap"],"jetpack_sharing_enabled":true,"_links":{"self":[{"href":"https:\/\/wp.ufpel.edu.br\/leaa\/wp-json\/wp\/v2\/pages\/264","targetHints":{"allow":["GET"]}}],"collection":[{"href":"https:\/\/wp.ufpel.edu.br\/leaa\/wp-json\/wp\/v2\/pages"}],"about":[{"href":"https:\/\/wp.ufpel.edu.br\/leaa\/wp-json\/wp\/v2\/types\/page"}],"author":[{"embeddable":true,"href":"https:\/\/wp.ufpel.edu.br\/leaa\/wp-json\/wp\/v2\/users\/206"}],"replies":[{"embeddable":true,"href":"https:\/\/wp.ufpel.edu.br\/leaa\/wp-json\/wp\/v2\/comments?post=264"}],"version-history":[{"count":5,"href":"https:\/\/wp.ufpel.edu.br\/leaa\/wp-json\/wp\/v2\/pages\/264\/revisions"}],"predecessor-version":[{"id":314,"href":"https:\/\/wp.ufpel.edu.br\/leaa\/wp-json\/wp\/v2\/pages\/264\/revisions\/314"}],"up":[{"embeddable":true,"href":"https:\/\/wp.ufpel.edu.br\/leaa\/wp-json\/wp\/v2\/pages\/76"}],"wp:attachment":[{"href":"https:\/\/wp.ufpel.edu.br\/leaa\/wp-json\/wp\/v2\/media?parent=264"}],"curies":[{"name":"wp","href":"https:\/\/api.w.org\/{rel}","templated":true}]}}