{"id":2495,"date":"2020-08-26T17:40:12","date_gmt":"2020-08-26T20:40:12","guid":{"rendered":"https:\/\/wp.ufpel.edu.br\/leaa\/?page_id=2495"},"modified":"2020-08-26T17:40:12","modified_gmt":"2020-08-26T20:40:12","slug":"apresentacao","status":"publish","type":"page","link":"https:\/\/wp.ufpel.edu.br\/leaa\/inicio\/apresentacao\/","title":{"rendered":"Apresenta\u00e7\u00e3o"},"content":{"rendered":"<p>Criado em 2001 como projeto de extens\u00e3o permanente, na perspectiva de ancorar atividades de ensino, pesquisa e extens\u00e3o, atualmente o Laborat\u00f3rio de Estudos Agr\u00e1rios e Ambientais \u2013 LEAA \u00e9 constitu\u00eddo por uma equipe de professoras\/ pesquisadoras\/es e estudantes \u2013 bolsistas e n\u00e3o bolsistas \u2013, de gradua\u00e7\u00e3o e de p\u00f3s-gradua\u00e7\u00e3o, especialmente dos cursos de Geografia e de Antropologia da Universidade Federal de Pelotas. A principal marca da produ\u00e7\u00e3o acad\u00eamico-cient\u00edfica do grupo envolvido neste projeto est\u00e1 em sua associa\u00e7\u00e3o a tem\u00e1ticas pertinentes ao mundo rural. O LEAA ocupa um espa\u00e7o f\u00edsico-institucional junto ao Instituto de Ci\u00eancias Humanas da UFPel, colocando-se, no escopo de seus projetos e a\u00e7\u00f5es, como mediador na interlocu\u00e7\u00e3o com outras institui\u00e7\u00f5es \u2013 acad\u00eamicas e n\u00e3o acad\u00eamicas \u2013 e com a sociedade. Essa media\u00e7\u00e3o se materializa em atividades de ensino, voltadas ao aprendizado extracurricular de discentes \u2013 \u00e9 assim que, no processo recente de curriculariza\u00e7\u00e3o da extens\u00e3o na UFPel, o LEAA integra a\u00e7\u00f5es dos cursos de Geografia e de Antropologia \u2013; de projetos de pesquisa, que possibilitam a participa\u00e7\u00e3o de docentes e discentes de gradua\u00e7\u00e3o e de p\u00f3s-gradua\u00e7\u00e3o na pr\u00e1tica da pesquisa acad\u00eamica; bem como em a\u00e7\u00f5es de extens\u00e3o, que objetivam a integra\u00e7\u00e3o com a comunidade, a partir do di\u00e1logo entre seus saberes e experi\u00eancia e os produtos resultantes da cria\u00e7\u00e3o cultural e da pesquisa cient\u00edfica geradas na institui\u00e7\u00e3o. Al\u00e9m disso, tamb\u00e9m no sentido da ampla disponibiliza\u00e7\u00e3o da produ\u00e7\u00e3o acad\u00eamico-cient\u00edfica nas tem\u00e1ticas a que se dedica, o LEAA se prop\u00f5e \u00e0 organiza\u00e7\u00e3o, sistematiza\u00e7\u00e3o e arquivamento de monografias, disserta\u00e7\u00f5es, teses, livros, peri\u00f3dicos e outros materiais bibliogr\u00e1ficos, estabelecendo-se como fonte e espa\u00e7o de consulta para interessados\/as nos estudos rurais.1<\/p>\n","protected":false},"excerpt":{"rendered":"<p>Criado em 2001 como projeto de extens\u00e3o permanente, na perspectiva de ancorar atividades de ensino, pesquisa e extens\u00e3o, atualmente o Laborat\u00f3rio de Estudos Agr\u00e1rios e Ambientais \u2013 LEAA \u00e9 constitu\u00eddo por uma equipe de professoras\/ pesquisadoras\/es e estudantes \u2013 bolsistas e n\u00e3o bolsistas \u2013, de gradua\u00e7\u00e3o e de p\u00f3s-gradua\u00e7\u00e3o, especialmente dos cursos de Geografia e &hellip; <\/p>\n<p><a class=\"more-link btn\" href=\"https:\/\/wp.ufpel.edu.br\/leaa\/inicio\/apresentacao\/\">Continue lendo<\/a><\/p>\n","protected":false},"author":206,"featured_media":0,"parent":37,"menu_order":1,"comment_status":"closed","ping_status":"closed","template":"","meta":{"jetpack_post_was_ever_published":false,"footnotes":""},"class_list":["post-2495","page","type-page","status-publish","hentry","nodate","item-wrap"],"jetpack_sharing_enabled":true,"_links":{"self":[{"href":"https:\/\/wp.ufpel.edu.br\/leaa\/wp-json\/wp\/v2\/pages\/2495","targetHints":{"allow":["GET"]}}],"collection":[{"href":"https:\/\/wp.ufpel.edu.br\/leaa\/wp-json\/wp\/v2\/pages"}],"about":[{"href":"https:\/\/wp.ufpel.edu.br\/leaa\/wp-json\/wp\/v2\/types\/page"}],"author":[{"embeddable":true,"href":"https:\/\/wp.ufpel.edu.br\/leaa\/wp-json\/wp\/v2\/users\/206"}],"replies":[{"embeddable":true,"href":"https:\/\/wp.ufpel.edu.br\/leaa\/wp-json\/wp\/v2\/comments?post=2495"}],"version-history":[{"count":1,"href":"https:\/\/wp.ufpel.edu.br\/leaa\/wp-json\/wp\/v2\/pages\/2495\/revisions"}],"predecessor-version":[{"id":2496,"href":"https:\/\/wp.ufpel.edu.br\/leaa\/wp-json\/wp\/v2\/pages\/2495\/revisions\/2496"}],"up":[{"embeddable":true,"href":"https:\/\/wp.ufpel.edu.br\/leaa\/wp-json\/wp\/v2\/pages\/37"}],"wp:attachment":[{"href":"https:\/\/wp.ufpel.edu.br\/leaa\/wp-json\/wp\/v2\/media?parent=2495"}],"curies":[{"name":"wp","href":"https:\/\/api.w.org\/{rel}","templated":true}]}}