{"id":239,"date":"2012-09-18T00:50:32","date_gmt":"2012-09-18T03:50:32","guid":{"rendered":"https:\/\/wp.ufpel.edu.br\/leaa\/?page_id=239"},"modified":"2017-02-22T14:42:45","modified_gmt":"2017-02-22T17:42:45","slug":"linhas-de-pesquisa","status":"publish","type":"page","link":"https:\/\/wp.ufpel.edu.br\/leaa\/inicio\/linhas-de-pesquisa\/","title":{"rendered":"Linhas de Pesquisa"},"content":{"rendered":"<p>Os projetos e monografias orientados pelos professores do LEAA encontram-se vinculados \u00e0s seguintes linhas de pesquisa:<\/p>\n<ul>\n<li>Multifuncionalidade do Espa\u00e7o Rural<\/li>\n<li>Antropologia Ambiental<\/li>\n<li>Alimenta\u00e7\u00e3o e Cultura<\/li>\n<li>Agroecologia<\/li>\n<li>Agricultura Familiar e\u00a0Campesinato: estrat\u00e9gias de reprodu\u00e7\u00e3o social<\/li>\n<li>Sustentabilidade<\/li>\n<li>Pol\u00edticas P\u00fablicas<\/li>\n<\/ul>\n","protected":false},"excerpt":{"rendered":"<p>Os projetos e monografias orientados pelos professores do LEAA encontram-se vinculados \u00e0s seguintes linhas de pesquisa: Multifuncionalidade do Espa\u00e7o Rural Antropologia Ambiental Alimenta\u00e7\u00e3o e Cultura Agroecologia Agricultura Familiar e\u00a0Campesinato: estrat\u00e9gias de reprodu\u00e7\u00e3o social Sustentabilidade Pol\u00edticas P\u00fablicas<\/p>\n","protected":false},"author":206,"featured_media":0,"parent":37,"menu_order":1,"comment_status":"closed","ping_status":"closed","template":"","meta":{"jetpack_post_was_ever_published":false,"footnotes":""},"class_list":["post-239","page","type-page","status-publish","hentry","nodate","item-wrap"],"jetpack_sharing_enabled":true,"_links":{"self":[{"href":"https:\/\/wp.ufpel.edu.br\/leaa\/wp-json\/wp\/v2\/pages\/239","targetHints":{"allow":["GET"]}}],"collection":[{"href":"https:\/\/wp.ufpel.edu.br\/leaa\/wp-json\/wp\/v2\/pages"}],"about":[{"href":"https:\/\/wp.ufpel.edu.br\/leaa\/wp-json\/wp\/v2\/types\/page"}],"author":[{"embeddable":true,"href":"https:\/\/wp.ufpel.edu.br\/leaa\/wp-json\/wp\/v2\/users\/206"}],"replies":[{"embeddable":true,"href":"https:\/\/wp.ufpel.edu.br\/leaa\/wp-json\/wp\/v2\/comments?post=239"}],"version-history":[{"count":3,"href":"https:\/\/wp.ufpel.edu.br\/leaa\/wp-json\/wp\/v2\/pages\/239\/revisions"}],"predecessor-version":[{"id":1456,"href":"https:\/\/wp.ufpel.edu.br\/leaa\/wp-json\/wp\/v2\/pages\/239\/revisions\/1456"}],"up":[{"embeddable":true,"href":"https:\/\/wp.ufpel.edu.br\/leaa\/wp-json\/wp\/v2\/pages\/37"}],"wp:attachment":[{"href":"https:\/\/wp.ufpel.edu.br\/leaa\/wp-json\/wp\/v2\/media?parent=239"}],"curies":[{"name":"wp","href":"https:\/\/api.w.org\/{rel}","templated":true}]}}