{"id":237,"date":"2012-09-18T00:50:01","date_gmt":"2012-09-18T03:50:01","guid":{"rendered":"https:\/\/wp.ufpel.edu.br\/leaa\/?page_id=237"},"modified":"2012-09-18T00:50:01","modified_gmt":"2012-09-18T03:50:01","slug":"objetivos","status":"publish","type":"page","link":"https:\/\/wp.ufpel.edu.br\/leaa\/inicio\/objetivos\/","title":{"rendered":"Objetivos"},"content":{"rendered":"<p>O<strong>\u00a0Laborat\u00f3rio de Estudos Agr\u00e1rios e Ambientais \u2013 LEAA<\/strong>\u00a0tem por objetivos:<\/p>\n<ul>\n<li>Facilitar o interc\u00e2mbio de produ\u00e7\u00e3o acad\u00eamico-cient\u00edfica com outras institui\u00e7\u00f5es de Ensino e Pesquisa;<\/li>\n<li>Organizar um acervo bibliogr\u00e1fico (livros, revistas, peri\u00f3dicos, monografias, disserta\u00e7\u00f5es, teses e relat\u00f3rios t\u00e9cnicos) sobre os estudos agr\u00e1rios e ambientais, disponibilizando para consulta p\u00fablica;<\/li>\n<li>Promover e realizar atividades de extens\u00e3o como cursos, palestras, semin\u00e1rios e exposi\u00e7\u00f5es audiovisuais;<\/li>\n<li>Elaborar projetos de pesquisa na \u00e1rea tem\u00e1tica dos estudos rurais;<\/li>\n<li>Propor projetos de ensino que auxiliem na forma\u00e7\u00e3o extracurricular dos acad\u00eamicos, com \u00eanfase nas din\u00e2micas socioterritoriais presentes no rural;<\/li>\n<\/ul>\n","protected":false},"excerpt":{"rendered":"<p>O\u00a0Laborat\u00f3rio de Estudos Agr\u00e1rios e Ambientais \u2013 LEAA\u00a0tem por objetivos: Facilitar o interc\u00e2mbio de produ\u00e7\u00e3o acad\u00eamico-cient\u00edfica com outras institui\u00e7\u00f5es de Ensino e Pesquisa; Organizar um acervo bibliogr\u00e1fico (livros, revistas, peri\u00f3dicos, monografias, disserta\u00e7\u00f5es, teses e relat\u00f3rios t\u00e9cnicos) sobre os estudos agr\u00e1rios e ambientais, disponibilizando para consulta p\u00fablica; Promover e realizar atividades de extens\u00e3o como cursos, palestras, &hellip; <\/p>\n<p><a class=\"more-link btn\" href=\"https:\/\/wp.ufpel.edu.br\/leaa\/inicio\/objetivos\/\">Continue lendo<\/a><\/p>\n","protected":false},"author":206,"featured_media":0,"parent":37,"menu_order":0,"comment_status":"closed","ping_status":"closed","template":"","meta":{"jetpack_post_was_ever_published":false,"footnotes":""},"class_list":["post-237","page","type-page","status-publish","hentry","nodate","item-wrap"],"jetpack_sharing_enabled":true,"_links":{"self":[{"href":"https:\/\/wp.ufpel.edu.br\/leaa\/wp-json\/wp\/v2\/pages\/237","targetHints":{"allow":["GET"]}}],"collection":[{"href":"https:\/\/wp.ufpel.edu.br\/leaa\/wp-json\/wp\/v2\/pages"}],"about":[{"href":"https:\/\/wp.ufpel.edu.br\/leaa\/wp-json\/wp\/v2\/types\/page"}],"author":[{"embeddable":true,"href":"https:\/\/wp.ufpel.edu.br\/leaa\/wp-json\/wp\/v2\/users\/206"}],"replies":[{"embeddable":true,"href":"https:\/\/wp.ufpel.edu.br\/leaa\/wp-json\/wp\/v2\/comments?post=237"}],"version-history":[{"count":1,"href":"https:\/\/wp.ufpel.edu.br\/leaa\/wp-json\/wp\/v2\/pages\/237\/revisions"}],"predecessor-version":[{"id":238,"href":"https:\/\/wp.ufpel.edu.br\/leaa\/wp-json\/wp\/v2\/pages\/237\/revisions\/238"}],"up":[{"embeddable":true,"href":"https:\/\/wp.ufpel.edu.br\/leaa\/wp-json\/wp\/v2\/pages\/37"}],"wp:attachment":[{"href":"https:\/\/wp.ufpel.edu.br\/leaa\/wp-json\/wp\/v2\/media?parent=237"}],"curies":[{"name":"wp","href":"https:\/\/api.w.org\/{rel}","templated":true}]}}