{"id":1980,"date":"2019-06-13T15:02:38","date_gmt":"2019-06-13T18:02:38","guid":{"rendered":"https:\/\/wp.ufpel.edu.br\/leaa\/?page_id=1980"},"modified":"2019-06-13T15:06:28","modified_gmt":"2019-06-13T18:06:28","slug":"pensar-o-rural-agricultura-familiar-politicas-publicas-e-desenvolvimento-rural","status":"publish","type":"page","link":"https:\/\/wp.ufpel.edu.br\/leaa\/projetos\/ensino\/pensar-o-rural-agricultura-familiar-politicas-publicas-e-desenvolvimento-rural\/","title":{"rendered":"Pensar o Rural: agricultura familiar, pol\u00edticas p\u00fablicas e desenvolvimento rural"},"content":{"rendered":"<p style=\"text-align: center\">Pensar o Rural: agricultura familiar, pol\u00edticas p\u00fablicas e desenvolvimento rural<\/p>\n<p style=\"text-align: right\">Per\u00edodo de Realiza\u00e7\u00e3o: 2019\/ em andamento<\/p>\n<p>O segmento da agricultura familiar caracteriza-se por apresentar uma grande diversidade de combina\u00e7\u00f5es, tanto no que se refere \u00e0 disponibilidade quanto ao uso e distribui\u00e7\u00e3o dos recursos \u2013 terra, trabalho e capital &#8211; no interior das unidades produtivas. Essa diferencia\u00e7\u00e3o pode ser observada em diversas escalas, mundial, nacional, regional e local. A agricultura familiar, dessa forma, torna-se foco de estudos, principalmente aqueles relacionados \u00e0s estrat\u00e9gias adotadas por este segmento para se organizar e reorganizar diante das especificidades do modo de produ\u00e7\u00e3o capitalista. A perspectiva adotada neste projeto converge para o pensamento da autora de que o desenvolvimento de novas din\u00e2micas produtivas na agricultura e no rural brasileiro n\u00e3o significa a implanta\u00e7\u00e3o de uma forma social de produ\u00e7\u00e3o homogeneizada (de car\u00e1ter empresarial). Ao contr\u00e1rio, a diversidade da agricultura familiar permanece ocupando um lugar importante no cen\u00e1rio contempor\u00e2neo, ou seja, o agricultor familiar \u00e9 um ator social que apresenta \u201crupturas e continuidades\u201d em rela\u00e7\u00e3o ao seu passado, mas que continua ativo no presente e participando na constru\u00e7\u00e3o do futuro dos territ\u00f3rios rurais.<\/p>\n<p>O reconhecimento das especificidades da agricultura familiar em distintos contextos regionais e locais permite o entendimento das \u201cnovas\u201d \u2013 a diversidade de atividades nas unidades de produ\u00e7\u00e3o familiar n\u00e3o constitui um fato hist\u00f3rico novo, mas a valoriza\u00e7\u00e3o de tais atividades \u00e9 que define o \u201cnovo\u201d \u2013 din\u00e2micas presentes no rural e de como pol\u00edticas p\u00fablicas de car\u00e1ter generalizante podem produzir resultados distintos sobre a organiza\u00e7\u00e3o espacial dos sistemas agr\u00e1rios. Assim, justifica-se o grupo de estudos no intuito de aprofundar o conhecimento acerca dos sistemas agr\u00e1rios familiares, vis-\u00e0-vis a diversidade de formas e de processos de inser\u00e7\u00e3o no sistema de mercado institucional, ou ainda, na manuten\u00e7\u00e3o de estrat\u00e9gias n\u00e3o capitalistas de reprodu\u00e7\u00e3o social e perman\u00eancia no contexto produtivo do rural, com vistas a fornecer subs\u00eddios emp\u00edricos para estudos comparativos sobre o tema da agricultura familiar, pol\u00edticas p\u00fablicas e desenvolvimento rural.<\/p>\n<p>Aprofundar o estudo sobre os temas da agricultura familiar, sistemas agr\u00e1rios, pol\u00edticas p\u00fablicas e desenvolvimento rural.<\/p>\n","protected":false},"excerpt":{"rendered":"<p>Pensar o Rural: agricultura familiar, pol\u00edticas p\u00fablicas e desenvolvimento rural Per\u00edodo de Realiza\u00e7\u00e3o: 2019\/ em andamento O segmento da agricultura familiar caracteriza-se por apresentar uma grande diversidade de combina\u00e7\u00f5es, tanto no que se refere \u00e0 disponibilidade quanto ao uso e distribui\u00e7\u00e3o dos recursos \u2013 terra, trabalho e capital &#8211; no interior das unidades produtivas. Essa &hellip; <\/p>\n<p><a class=\"more-link btn\" href=\"https:\/\/wp.ufpel.edu.br\/leaa\/projetos\/ensino\/pensar-o-rural-agricultura-familiar-politicas-publicas-e-desenvolvimento-rural\/\">Continue lendo<\/a><\/p>\n","protected":false},"author":206,"featured_media":0,"parent":76,"menu_order":0,"comment_status":"closed","ping_status":"closed","template":"","meta":{"jetpack_post_was_ever_published":false,"footnotes":""},"class_list":["post-1980","page","type-page","status-publish","hentry","nodate","item-wrap"],"jetpack_sharing_enabled":true,"_links":{"self":[{"href":"https:\/\/wp.ufpel.edu.br\/leaa\/wp-json\/wp\/v2\/pages\/1980","targetHints":{"allow":["GET"]}}],"collection":[{"href":"https:\/\/wp.ufpel.edu.br\/leaa\/wp-json\/wp\/v2\/pages"}],"about":[{"href":"https:\/\/wp.ufpel.edu.br\/leaa\/wp-json\/wp\/v2\/types\/page"}],"author":[{"embeddable":true,"href":"https:\/\/wp.ufpel.edu.br\/leaa\/wp-json\/wp\/v2\/users\/206"}],"replies":[{"embeddable":true,"href":"https:\/\/wp.ufpel.edu.br\/leaa\/wp-json\/wp\/v2\/comments?post=1980"}],"version-history":[{"count":4,"href":"https:\/\/wp.ufpel.edu.br\/leaa\/wp-json\/wp\/v2\/pages\/1980\/revisions"}],"predecessor-version":[{"id":1984,"href":"https:\/\/wp.ufpel.edu.br\/leaa\/wp-json\/wp\/v2\/pages\/1980\/revisions\/1984"}],"up":[{"embeddable":true,"href":"https:\/\/wp.ufpel.edu.br\/leaa\/wp-json\/wp\/v2\/pages\/76"}],"wp:attachment":[{"href":"https:\/\/wp.ufpel.edu.br\/leaa\/wp-json\/wp\/v2\/media?parent=1980"}],"curies":[{"name":"wp","href":"https:\/\/api.w.org\/{rel}","templated":true}]}}