{"id":1736,"date":"2018-05-15T17:16:30","date_gmt":"2018-05-15T20:16:30","guid":{"rendered":"https:\/\/wp.ufpel.edu.br\/leaa\/?page_id=1736"},"modified":"2019-06-13T15:05:21","modified_gmt":"2019-06-13T18:05:21","slug":"pensar-o-rural-abordagens-da-geografia-e-do-planejamento-rural","status":"publish","type":"page","link":"https:\/\/wp.ufpel.edu.br\/leaa\/projetos\/ensino\/pensar-o-rural-abordagens-da-geografia-e-do-planejamento-rural\/","title":{"rendered":"Pensar o Rural: abordagens da Geografia e do Planejamento Rural"},"content":{"rendered":"<p style=\"text-align: center\"><strong>Pensar o Rural: abordagens da Geografia e do Planejamento Rural<\/strong><\/p>\n<p style=\"text-align: right\">Per\u00edodo de Realiza\u00e7\u00e3o: 2017\/ 2018<\/p>\n<p>O projeto parte da premissa de que pensar o rural exige a compreens\u00e3o mais ampla sobre a agricultura e suas rela\u00e7\u00f5es com o ambiente natural, a partir da identifica\u00e7\u00e3o dos elementos que conformam o complexo agr\u00e1rio. Pois, a organiza\u00e7\u00e3o do espa\u00e7o agr\u00e1rio \u00e9 entendida como resultado da intera\u00e7\u00e3o entre a a\u00e7\u00e3o humana e os condicionantes f\u00edsicos, ao longo do processo hist\u00f3rico de desenvolvimento social, econ\u00f4mico, cultural e pol\u00edtico das sociedades. Diante disso, a proposta cont\u00e9m atividades complementares voltadas para os alunos das disciplinas de Geografia Rural e Planejamento Rural do Curso de Geografia -Bacharelado da UFPel.<\/p>\n<p>Justifica-se ao proporcionar aos alunos o acesso a atividades extracurriculares relacionadas aos conte\u00fados curriculares das disciplinas de Geografia Rural e Planejamento Rural. As atividades previstas envolvem a interpreta\u00e7\u00e3o das rela\u00e7\u00f5es socioespaciais estabelecidas entre o rural e o urbano, entendidas a partir da reprodu\u00e7\u00e3o dos modos de produ\u00e7\u00e3o e suas transforma\u00e7\u00f5es ao longo do tempo, seus conflitos e contradi\u00e7\u00f5es, os quais se encontram presentes no desenvolvimento do capitalismo no agro brasileiro. Al\u00e9m disso,a atua\u00e7\u00e3o de monitor estimula a rela\u00e7\u00e3o aluno-aluno no processo pedag\u00f3gico de aprendizagem de conte\u00fados te\u00f3ricos e pr\u00e1ticos.<\/p>\n<p>Pensar o rural sob diferentes perspectivas te\u00f3rico-metodol\u00f3gicas, com vistas a ampliar os conhecimentos bibliogr\u00e1ficos e pr\u00e1ticos relacionados as disciplinas de Geografia Rural e Planejamento Rural<\/p>\n<p>&nbsp;<\/p>\n","protected":false},"excerpt":{"rendered":"<p>Pensar o Rural: abordagens da Geografia e do Planejamento Rural Per\u00edodo de Realiza\u00e7\u00e3o: 2017\/ 2018 O projeto parte da premissa de que pensar o rural exige a compreens\u00e3o mais ampla sobre a agricultura e suas rela\u00e7\u00f5es com o ambiente natural, a partir da identifica\u00e7\u00e3o dos elementos que conformam o complexo agr\u00e1rio. Pois, a organiza\u00e7\u00e3o do &hellip; <\/p>\n<p><a class=\"more-link btn\" href=\"https:\/\/wp.ufpel.edu.br\/leaa\/projetos\/ensino\/pensar-o-rural-abordagens-da-geografia-e-do-planejamento-rural\/\">Continue lendo<\/a><\/p>\n","protected":false},"author":206,"featured_media":0,"parent":76,"menu_order":0,"comment_status":"closed","ping_status":"closed","template":"","meta":{"jetpack_post_was_ever_published":false,"footnotes":""},"class_list":["post-1736","page","type-page","status-publish","hentry","nodate","item-wrap"],"jetpack_sharing_enabled":true,"_links":{"self":[{"href":"https:\/\/wp.ufpel.edu.br\/leaa\/wp-json\/wp\/v2\/pages\/1736","targetHints":{"allow":["GET"]}}],"collection":[{"href":"https:\/\/wp.ufpel.edu.br\/leaa\/wp-json\/wp\/v2\/pages"}],"about":[{"href":"https:\/\/wp.ufpel.edu.br\/leaa\/wp-json\/wp\/v2\/types\/page"}],"author":[{"embeddable":true,"href":"https:\/\/wp.ufpel.edu.br\/leaa\/wp-json\/wp\/v2\/users\/206"}],"replies":[{"embeddable":true,"href":"https:\/\/wp.ufpel.edu.br\/leaa\/wp-json\/wp\/v2\/comments?post=1736"}],"version-history":[{"count":3,"href":"https:\/\/wp.ufpel.edu.br\/leaa\/wp-json\/wp\/v2\/pages\/1736\/revisions"}],"predecessor-version":[{"id":1983,"href":"https:\/\/wp.ufpel.edu.br\/leaa\/wp-json\/wp\/v2\/pages\/1736\/revisions\/1983"}],"up":[{"embeddable":true,"href":"https:\/\/wp.ufpel.edu.br\/leaa\/wp-json\/wp\/v2\/pages\/76"}],"wp:attachment":[{"href":"https:\/\/wp.ufpel.edu.br\/leaa\/wp-json\/wp\/v2\/media?parent=1736"}],"curies":[{"name":"wp","href":"https:\/\/api.w.org\/{rel}","templated":true}]}}