{"id":1701,"date":"2018-04-10T16:45:00","date_gmt":"2018-04-10T19:45:00","guid":{"rendered":"https:\/\/wp.ufpel.edu.br\/leaa\/?page_id=1701"},"modified":"2019-11-26T17:13:58","modified_gmt":"2019-11-26T20:13:58","slug":"desenvolvimento-rural","status":"publish","type":"page","link":"https:\/\/wp.ufpel.edu.br\/leaa\/rede-de-estudos-agrarios\/textos\/desenvolvimento-rural\/","title":{"rendered":"Desenvolvimento Rural"},"content":{"rendered":"<p>TEXTOS PARA DISCUSS\u00c3O<\/p>\n<p>Texto 1 &#8211; DESENVOLVIMENTO RURAL: CONCEITOS E APLICA\u00c7\u00d5ES AO CASO BRASILEIRO &#8211;\u00a0\u00c2ngela Antonia Kageyama [<a href=\"https:\/\/wp.ufpel.edu.br\/leaa\/files\/2018\/04\/1-capitulo-REA.pdf\">pdf<\/a>]<\/p>\n<p>Artigo 1 &#8211; DESENVOLVIMENTO RURAL: CONCEITO E MEDIDA &#8211; \u00c2ngela Antonia Kageyama [<a href=\"https:\/\/wp.ufpel.edu.br\/leaa\/files\/2019\/10\/Desenvolvimento-rural-conceito-e-medida-2004.pdf\">pdf<\/a>]<\/p>\n<p>Artigo 2 &#8211; \u00cdndice de Desenvolvimento Rural e Pol\u00edticas P\u00fablicas: an\u00e1lises das libera\u00e7\u00f5es de PRONAF nas regi\u00f5es Nordeste e Sul do Brasil [<a href=\"https:\/\/wp.ufpel.edu.br\/leaa\/files\/2019\/10\/combinepdf.pdf\" target=\"_blank\" rel=\"noopener noreferrer\">pdf<\/a> ]<\/p>\n<p>Artigo 3 &#8211; O Grau de Desenvolvimento Rural dos munic\u00edpios Goianos &#8211; Edilson Gon\u00e7alves de Aguiaias; Murilo Jos\u00e9 de Souza Pires [<a href=\"https:\/\/wp.ufpel.edu.br\/leaa\/files\/2019\/10\/artigo02-IDR-2.pdf\">pdf<\/a>]<\/p>\n<p>Artigo 4 &#8211; <span class=\"fontstyle0\">Pesquisa quantitativa: a Constru\u00e7\u00e3o do \u00cdndice de Desenvolvimento Rural (IDR)<\/span> &#8211; Juliana Lima Fagundes [<a href=\"https:\/\/wp.ufpel.edu.br\/leaa\/files\/2019\/10\/Disserta\u00e7\u00e3o-JULIANA-LIMA-FAGUNDES-2015.pdf\">pdf<\/a>]<\/p>\n","protected":false},"excerpt":{"rendered":"<p>TEXTOS PARA DISCUSS\u00c3O Texto 1 &#8211; DESENVOLVIMENTO RURAL: CONCEITOS E APLICA\u00c7\u00d5ES AO CASO BRASILEIRO &#8211;\u00a0\u00c2ngela Antonia Kageyama [pdf] Artigo 1 &#8211; DESENVOLVIMENTO RURAL: CONCEITO E MEDIDA &#8211; \u00c2ngela Antonia Kageyama [pdf] Artigo 2 &#8211; \u00cdndice de Desenvolvimento Rural e Pol\u00edticas P\u00fablicas: an\u00e1lises das libera\u00e7\u00f5es de PRONAF nas regi\u00f5es Nordeste e Sul do Brasil [pdf ] &hellip; <\/p>\n<p><a class=\"more-link btn\" href=\"https:\/\/wp.ufpel.edu.br\/leaa\/rede-de-estudos-agrarios\/textos\/desenvolvimento-rural\/\">Continue lendo<\/a><\/p>\n","protected":false},"author":206,"featured_media":0,"parent":854,"menu_order":0,"comment_status":"closed","ping_status":"closed","template":"","meta":{"jetpack_post_was_ever_published":false,"footnotes":""},"class_list":["post-1701","page","type-page","status-publish","hentry","nodate","item-wrap"],"jetpack_sharing_enabled":true,"_links":{"self":[{"href":"https:\/\/wp.ufpel.edu.br\/leaa\/wp-json\/wp\/v2\/pages\/1701","targetHints":{"allow":["GET"]}}],"collection":[{"href":"https:\/\/wp.ufpel.edu.br\/leaa\/wp-json\/wp\/v2\/pages"}],"about":[{"href":"https:\/\/wp.ufpel.edu.br\/leaa\/wp-json\/wp\/v2\/types\/page"}],"author":[{"embeddable":true,"href":"https:\/\/wp.ufpel.edu.br\/leaa\/wp-json\/wp\/v2\/users\/206"}],"replies":[{"embeddable":true,"href":"https:\/\/wp.ufpel.edu.br\/leaa\/wp-json\/wp\/v2\/comments?post=1701"}],"version-history":[{"count":6,"href":"https:\/\/wp.ufpel.edu.br\/leaa\/wp-json\/wp\/v2\/pages\/1701\/revisions"}],"predecessor-version":[{"id":2297,"href":"https:\/\/wp.ufpel.edu.br\/leaa\/wp-json\/wp\/v2\/pages\/1701\/revisions\/2297"}],"up":[{"embeddable":true,"href":"https:\/\/wp.ufpel.edu.br\/leaa\/wp-json\/wp\/v2\/pages\/854"}],"wp:attachment":[{"href":"https:\/\/wp.ufpel.edu.br\/leaa\/wp-json\/wp\/v2\/media?parent=1701"}],"curies":[{"name":"wp","href":"https:\/\/api.w.org\/{rel}","templated":true}]}}