{"id":1108,"date":"2015-03-09T14:42:56","date_gmt":"2015-03-09T17:42:56","guid":{"rendered":"https:\/\/wp.ufpel.edu.br\/leaa\/?page_id=1108"},"modified":"2015-03-17T17:24:53","modified_gmt":"2015-03-17T20:24:53","slug":"multifuncionalidade-do-espaco-rural","status":"publish","type":"page","link":"https:\/\/wp.ufpel.edu.br\/leaa\/rede-de-estudos-agrarios\/textos\/multifuncionalidade-do-espaco-rural\/","title":{"rendered":"Multifuncionalidade do Espa\u00e7o Rural"},"content":{"rendered":"<p><span style=\"color: #00ff00\">\u00a0<span style=\"color: #339966\">TEXTOS PARA DISCUSS\u00c3O<\/span>\u00a0<\/span><\/p>\n<p><strong>Texto 1<\/strong> &#8211; \u00a0IMPLICA\u00c7\u00d5ES TE\u00d3RICAS E EPISTEMOL\u00d3GICAS DO RECONHECIMENTO DA NO\u00c7\u00c3O DE MULTIFUNCIONALIDADE DA AGRICULTURA &#8211; Eric Sabourin\u00a0<a href=\"https:\/\/wp.ufpel.edu.br\/leaa\/files\/2015\/03\/implica\u00e7\u00f5es_te\u00f3ricas_e_e_epistemol\u00f3gicas_do_reconhecim-ento_da_no\u00e7\u00e3o_de_multifuncionalidade_da_agricultura1.pdf\">[pdf]<\/a><\/p>\n<p><strong>Texto 2<\/strong> &#8211; MODELO DE AN\u00c1LISE ESPACIAL PARA AVALIA\u00c7\u00c3O DO CAR\u00c1CTER MULTIFUNCIONAL DO ESPA\u00c7O &#8211; N. Guiomar, J. P. Fernandes, N. Neves\u00a0<a href=\"https:\/\/wp.ufpel.edu.br\/leaa\/files\/2015\/03\/modelo_de_an\u00e1lise_espacial_para_avalia\u00e7\u00e3o_do_carater_mu-ltifuncional_do_espa\u00e7o.pdf\">[pdf]<\/a><\/p>\n<p><strong>Texto 3<\/strong> &#8211; MULTIFUNCIONALIDADE DA PAISAGEM RURAL: NOVOS DESAFIOS \u00c0 SUA AN\u00c1LISE &#8211; Teresa Pinto-Correia\u00a0<a href=\"https:\/\/wp.ufpel.edu.br\/leaa\/files\/2015\/03\/multifuncionalidade_da_paisagem_rural_-_novos_desafios_\u00e0_-sua_an\u00e1lise.pdf\">[pdf]<\/a><\/p>\n<p><strong>Texto 4<\/strong> &#8211; \u00a0QUE MULTIFUNCIONALIDADE? UMA ABORDAGEM APLICADA AO ORDENAMENTO E GEST\u00c3O DA PAISAGEM &#8211; Ros\u00e1rio Oliveira, Alexandre Cancela d\u2019Abreu e Jos\u00e9 Carlos Santos\u00a0<a href=\"https:\/\/wp.ufpel.edu.br\/leaa\/files\/2015\/03\/que_multifuncionalidade_-_uma_abordagem_aplicada_ao_ordena-mento_e_gest\u00e3o_da_paisagem.pdf\">[pdf]<\/a><\/p>\n<p><strong>Texto 5\u00a0<\/strong>&#8211; \u00a0QUE MULTIFUNCIONALIDADE NA PAISAGEM RURAL: SINERGIAS E CONFLITOS ENTRE A AGRICULTURA E FUN\u00c7\u00d5ES N\u00c3O PRODUTIVAS. APLICA\u00c7\u00c3O AO CONCELHO DE CASTELO DE VIDE &#8211; Pinto-Correia T., Barroso F., Menezes H., Santos T. e Taveira R.\u00a0<a href=\"https:\/\/wp.ufpel.edu.br\/leaa\/files\/2015\/03\/que_multifuncionalidade_para_a_paisagem_rural_-_sinergias_-e-conflitos-entre-a-agricultura-e-fun\u00e7\u00f5es-n\u00e3o-produtivas.pdf\">[pdf]<\/a><\/p>\n<p><strong>Texto 6 &#8211; \u00a0<\/strong>ASPECTOS HIST\u00d3RICOS E CONCEITUAIS DA MULTIFUNCIONALIDADE DA AGRICULTURA &#8211; Luciano Zanetti Pess\u00f4a Candiotto\u00a0<a href=\"https:\/\/wp.ufpel.edu.br\/leaa\/files\/2015\/03\/aspectos_hist\u00f3ricos_e_conceituais_da_multifuncionalidade_-da_agricultura.pdf\">[pdf]<\/a><\/p>\n<p><strong>Texto 7<\/strong> &#8211; A MULTIFUNCIONALIDADE DAS PAISAGENS RURAIS: UMA FERRAMENTA PARA O DESENVOLVIMENTO &#8211; M\u00aa Jo\u00e3o Galv\u00e3o, Nicole D. Vareta\u00a0<a href=\"https:\/\/wp.ufpel.edu.br\/leaa\/files\/2015\/03\/a-multifuncionalidade-das-paisagens-rurais-uma-ferramenta-para-o-desenovolvimento.pdf\">[pdf]<\/a><\/p>\n<p><strong>Texto 8<\/strong> &#8211;\u00a0AGRICULTURA FAMILIAR: MULTIFUNCIONALIDADE E DESENVOLVIMENTO TERRITORIAL NO BRASIL \u2013 Ademir A. Cazella, Philippe Bonnal e Renato S. Maluf\u00a0<a href=\"https:\/\/wp.ufpel.edu.br\/leaa\/files\/2015\/03\/agricultura-familiar-multifuncionalidade-e-desenvolvimento-territorial-no-Brasil.pdf\">[pdf]<\/a><\/p>\n<p><strong>Texto 9<\/strong> &#8211; AS M\u00daLTIPLAS FUN\u00c7\u00d5ES DA AGRICULTURA FAMILIAR: UM ESTUDO NO ASSENTAMENTO MONTE ALEGRE, REGI\u00c3O DE ARARAQUARA (SP) &#8211; Felipe Rosafa Gavioli e Manoel Baltasar Baptista Costa\u00a0<a href=\"https:\/\/wp.ufpel.edu.br\/leaa\/files\/2015\/03\/as_multiplas_fun\u00e7\u00f5es_da_agricultura_familiar_-_um_estudo-_no_assentamento_Monte_Alegre.pdf\">[pdf]<\/a><\/p>\n<p><strong>Texto 10<\/strong> &#8211; A REINVEN\u00c7\u00c3O DA MULTIFUNCIONALIDADE DA PAISAGEM EM ESPA\u00c7O URBANO \u2013 REFLEX\u00d5ES &#8211;\u00a0 Rute Sousa Matos\u00a0<a href=\"https:\/\/wp.ufpel.edu.br\/leaa\/files\/2015\/03\/a_reinven\u00e7\u00e3o_da_multifuncionalidade_da_paisagem_rural_em-_espa\u00e7o_urbano.pdf\">[pdf]<\/a><\/p>\n","protected":false},"excerpt":{"rendered":"<p>\u00a0TEXTOS PARA DISCUSS\u00c3O\u00a0 Texto 1 &#8211; \u00a0IMPLICA\u00c7\u00d5ES TE\u00d3RICAS E EPISTEMOL\u00d3GICAS DO RECONHECIMENTO DA NO\u00c7\u00c3O DE MULTIFUNCIONALIDADE DA AGRICULTURA &#8211; Eric Sabourin\u00a0[pdf] Texto 2 &#8211; MODELO DE AN\u00c1LISE ESPACIAL PARA AVALIA\u00c7\u00c3O DO CAR\u00c1CTER MULTIFUNCIONAL DO ESPA\u00c7O &#8211; N. Guiomar, J. P. Fernandes, N. Neves\u00a0[pdf] Texto 3 &#8211; MULTIFUNCIONALIDADE DA PAISAGEM RURAL: NOVOS DESAFIOS \u00c0 SUA AN\u00c1LISE &hellip; <\/p>\n<p><a class=\"more-link btn\" href=\"https:\/\/wp.ufpel.edu.br\/leaa\/rede-de-estudos-agrarios\/textos\/multifuncionalidade-do-espaco-rural\/\">Continue lendo<\/a><\/p>\n","protected":false},"author":206,"featured_media":0,"parent":854,"menu_order":0,"comment_status":"closed","ping_status":"closed","template":"","meta":{"jetpack_post_was_ever_published":false,"footnotes":""},"class_list":["post-1108","page","type-page","status-publish","hentry","nodate","item-wrap"],"jetpack_sharing_enabled":true,"_links":{"self":[{"href":"https:\/\/wp.ufpel.edu.br\/leaa\/wp-json\/wp\/v2\/pages\/1108","targetHints":{"allow":["GET"]}}],"collection":[{"href":"https:\/\/wp.ufpel.edu.br\/leaa\/wp-json\/wp\/v2\/pages"}],"about":[{"href":"https:\/\/wp.ufpel.edu.br\/leaa\/wp-json\/wp\/v2\/types\/page"}],"author":[{"embeddable":true,"href":"https:\/\/wp.ufpel.edu.br\/leaa\/wp-json\/wp\/v2\/users\/206"}],"replies":[{"embeddable":true,"href":"https:\/\/wp.ufpel.edu.br\/leaa\/wp-json\/wp\/v2\/comments?post=1108"}],"version-history":[{"count":9,"href":"https:\/\/wp.ufpel.edu.br\/leaa\/wp-json\/wp\/v2\/pages\/1108\/revisions"}],"predecessor-version":[{"id":1133,"href":"https:\/\/wp.ufpel.edu.br\/leaa\/wp-json\/wp\/v2\/pages\/1108\/revisions\/1133"}],"up":[{"embeddable":true,"href":"https:\/\/wp.ufpel.edu.br\/leaa\/wp-json\/wp\/v2\/pages\/854"}],"wp:attachment":[{"href":"https:\/\/wp.ufpel.edu.br\/leaa\/wp-json\/wp\/v2\/media?parent=1108"}],"curies":[{"name":"wp","href":"https:\/\/api.w.org\/{rel}","templated":true}]}}