{"id":1060,"date":"2014-12-03T16:20:45","date_gmt":"2014-12-03T18:20:45","guid":{"rendered":"https:\/\/wp.ufpel.edu.br\/leaa\/?page_id=1060"},"modified":"2014-12-03T16:21:39","modified_gmt":"2014-12-03T18:21:39","slug":"agricultura-familiar-e-campesinato-abordagens-teorico-conceituais","status":"publish","type":"page","link":"https:\/\/wp.ufpel.edu.br\/leaa\/rede-de-estudos-agrarios\/textos\/agricultura-familiar-e-campesinato-abordagens-teorico-conceituais\/","title":{"rendered":"Agricultura Familiar e Campesinato: abordagens te\u00f3rico conceituais"},"content":{"rendered":"<p><strong style=\"color: green\">TEXTOS PARA DISCUSS\u00c3O<\/strong><\/p>\n<p><b>Texto 1<\/b> &#8211; O &#8220;SER&#8221; E O &#8220;DEVERIA SER&#8221; NO CONCEITO DA PEQUENA PRODU\u00c7\u00c3O &#8211; Maria Ignez S. Paulilo <a href=\"https:\/\/wp.ufpel.edu.br\/leaa\/files\/2014\/06\/Texto-1.pdf\">[pdf]<\/a><\/p>\n<p><b>Texto 2<\/b> \u2013 NARRATIVAS AGR\u00c1RIAS E A MORTE DO CAMPESINATO &#8211; Mauro William Barbosa de Almeida <a href=\"https:\/\/wp.ufpel.edu.br\/leaa\/files\/2014\/06\/Texto-2.-.pdf\">[pdf]<\/a><\/p>\n<p><b>Texto 3<\/b> \u2013 O CAMPESINATO E A PLANTATION. A HIST\u00d3RIA E OS MECANISMOS DE UM PROCESSO DE EXPROPRIA\u00c7\u00c3O (p.39-67) &#8211; Beatriz M. Alasia de Heredia <a href=\"https:\/\/wp.ufpel.edu.br\/leaa\/files\/2014\/06\/Texto-3-p.-39-67.pdf\">[pdf]<\/a><\/p>\n<p><b>Texto 4<\/b> \u2013 IMIGRANTES COLONOS: OCUPA\u00c7\u00c3O TERRITORIAL E FORMA\u00c7\u00c3O CAMPONESA NO SUL DO BRASIL (p.39-63) &#8211; Giralda Seyferth <a href=\"https:\/\/wp.ufpel.edu.br\/leaa\/files\/2014\/06\/Texto-4-p.-39-63_0.pdf\">[pdf]<\/a><\/p>\n<p><b>Texto 5<\/b> \u2013 RA\u00cdZES HIST\u00d3RICAS DO CAMPESINATO BRASILEIRO &#8211; Maria de Nazareth Baudel Wanderley <a href=\"https:\/\/wp.ufpel.edu.br\/leaa\/files\/2014\/06\/Texto-5.pdf\">[pdf]<\/a><\/p>\n<p><b>Texto 6<\/b> \u2013 AGRICULTURA FAMILIAR E CAMPESINATO: RUPTURAS E CONTINUIDADE &#8211; Maria de Nazareth Baudel Wanderley <a href=\"https:\/\/wp.ufpel.edu.br\/leaa\/files\/2014\/06\/Texto-6.pdf\">[pdf]<\/a><\/p>\n<p><b>Texto 7<\/b> \u2013 O AGRICULTOR FAMILIAR NO BRASIL: UM ATOR SOCIAL DA CONSTRU\u00c7\u00c3O DO FUTURO &#8211; Maria de Nazareth Baudel Wanderley <a href=\"https:\/\/wp.ufpel.edu.br\/leaa\/files\/2014\/06\/Texto-7.pdf\">[pdf]<\/a><\/p>\n<p><b>Texto 8<\/b> &#8211; CAMPONESES E AGRICULTORES FAMILIARES: CAMINHOS E DESCAMINHOS EM CONTEXTOS DE PLURIATIVIDADE (p.215-229) &#8211; Jos\u00e9 Carlos Alves Pereira e Darlene Ap. de Oliveira Ferreira <a href=\"https:\/\/wp.ufpel.edu.br\/leaa\/files\/2014\/06\/Texto-8-p.-215-229.pdf\">[pdf]<\/a><\/p>\n<p><b>Texto 9<\/b> \u2013 MULTIFUNCIONALIDADE DA AGRICULTURA FAMILIAR NO BRASIL E O ENFOQUE DA PESQUISA (p.48-71) &#8211; Ademir A. Cazella; Philippe Bonnal ; Renato S. Maluf <a href=\"https:\/\/wp.ufpel.edu.br\/leaa\/files\/2014\/06\/Texto-9-p.-48-71.pdf\">[pdf]<\/a><\/p>\n<p><b>Texto 10<\/b> &#8211; O CAMPON\u00caS: UM TRABALHADOR PARA O CAPITAL &#8211; Maria de Nazareth Baudel Wanderley <a href=\"https:\/\/wp.ufpel.edu.br\/leaa\/files\/2014\/06\/texto10.pdf\">[pdf]<\/a><\/p>\n<p><b>Texto 11<\/b> &#8211; MUNDOS RURAL BRASILEIRO ENSAIO INTERDISCIPLINARES &#8211; Luiz F. C. Costa; Georges Flexor; Raimundo Santos <a href=\"https:\/\/wp.ufpel.edu.br\/leaa\/files\/2014\/07\/Texto-11.pdf\">[pdf]<\/a><\/p>\n<p><strong style=\"color: green\">PUBLICA\u00c7\u00d5ES<\/strong><\/p>\n<p><span style=\"text-decoration: underline\">Livros<\/span><br \/>\n<a href=\"https:\/\/wp.ufpel.edu.br\/leaa\/files\/2014\/06\/Texto-8-p.-215-229\u00b9.pdf\"><img loading=\"lazy\" decoding=\"async\" src=\"https:\/\/wp.ufpel.edu.br\/leaa\/files\/2014\/06\/capa-livro.jpg\" alt=\"\" width=\"145\" height=\"180\" border=\"0\" \/><\/a><a href=\"http:\/\/www.culturaacademica.com.br\/catalogo-detalhe.asp?ctl_id=179\"><img loading=\"lazy\" decoding=\"async\" src=\"https:\/\/wp.ufpel.edu.br\/leaa\/files\/2014\/06\/capa-livro-2.png\" alt=\"\" width=\"135\" height=\"195\" border=\"0\" \/><\/a><\/p>\n","protected":false},"excerpt":{"rendered":"<p>TEXTOS PARA DISCUSS\u00c3O Texto 1 &#8211; O &#8220;SER&#8221; E O &#8220;DEVERIA SER&#8221; NO CONCEITO DA PEQUENA PRODU\u00c7\u00c3O &#8211; Maria Ignez S. Paulilo [pdf] Texto 2 \u2013 NARRATIVAS AGR\u00c1RIAS E A MORTE DO CAMPESINATO &#8211; Mauro William Barbosa de Almeida [pdf] Texto 3 \u2013 O CAMPESINATO E A PLANTATION. A HIST\u00d3RIA E OS MECANISMOS DE UM &hellip; <\/p>\n<p><a class=\"more-link btn\" href=\"https:\/\/wp.ufpel.edu.br\/leaa\/rede-de-estudos-agrarios\/textos\/agricultura-familiar-e-campesinato-abordagens-teorico-conceituais\/\">Continue lendo<\/a><\/p>\n","protected":false},"author":206,"featured_media":0,"parent":854,"menu_order":0,"comment_status":"closed","ping_status":"closed","template":"","meta":{"jetpack_post_was_ever_published":false,"footnotes":""},"class_list":["post-1060","page","type-page","status-publish","hentry","nodate","item-wrap"],"jetpack_sharing_enabled":true,"_links":{"self":[{"href":"https:\/\/wp.ufpel.edu.br\/leaa\/wp-json\/wp\/v2\/pages\/1060","targetHints":{"allow":["GET"]}}],"collection":[{"href":"https:\/\/wp.ufpel.edu.br\/leaa\/wp-json\/wp\/v2\/pages"}],"about":[{"href":"https:\/\/wp.ufpel.edu.br\/leaa\/wp-json\/wp\/v2\/types\/page"}],"author":[{"embeddable":true,"href":"https:\/\/wp.ufpel.edu.br\/leaa\/wp-json\/wp\/v2\/users\/206"}],"replies":[{"embeddable":true,"href":"https:\/\/wp.ufpel.edu.br\/leaa\/wp-json\/wp\/v2\/comments?post=1060"}],"version-history":[{"count":2,"href":"https:\/\/wp.ufpel.edu.br\/leaa\/wp-json\/wp\/v2\/pages\/1060\/revisions"}],"predecessor-version":[{"id":1063,"href":"https:\/\/wp.ufpel.edu.br\/leaa\/wp-json\/wp\/v2\/pages\/1060\/revisions\/1063"}],"up":[{"embeddable":true,"href":"https:\/\/wp.ufpel.edu.br\/leaa\/wp-json\/wp\/v2\/pages\/854"}],"wp:attachment":[{"href":"https:\/\/wp.ufpel.edu.br\/leaa\/wp-json\/wp\/v2\/media?parent=1060"}],"curies":[{"name":"wp","href":"https:\/\/api.w.org\/{rel}","templated":true}]}}