{"id":65,"date":"2018-07-17T14:37:01","date_gmt":"2018-07-17T17:37:01","guid":{"rendered":"https:\/\/wp.ufpel.edu.br\/lccbio\/?page_id=65"},"modified":"2024-06-20T11:05:31","modified_gmt":"2024-06-20T14:05:31","slug":"estrutura","status":"publish","type":"page","link":"https:\/\/wp.ufpel.edu.br\/lccbio\/estrutura\/","title":{"rendered":"Estrutura"},"content":{"rendered":"<p style=\"text-align: justify;\"><span style=\"color: #333333; font-family: arial, helvetica, sans-serif;\">O LCCBio disp\u00f5e de uma estrutura que atende aos requisitos\u00a0<span style=\"font-style: normal; font-variant: normal; font-kerning: auto; font-optical-sizing: auto; font-feature-settings: normal; font-variation-settings: normal; font-weight: 400; font-stretch: normal; font-size: 16px; line-height: 22.4px; text-align: justify; text-indent: 0px; letter-spacing: normal; text-decoration: none; float: none; background-color: transparent;\">b\u00e1sicos de seguran\u00e7a, onde est\u00e3o contemplados capela de exaust\u00e3o, sistema de exaust\u00e3o em coifa, capela de fluxo laminar, bem como sistema de coleta e tratamento de res\u00edduos. Com rela\u00e7\u00e3o aos equipamentos para preparo de amostras, o laborat\u00f3rio conta com duas estufas para secagem de amostras e reagentes, moinhos anal\u00edticos, sistema de piroidr\u00f3lise, blocos digestores e um forno de micro-ondas que \u00e9 capaz de operar com at\u00e9 8 frascos de quartzo\/teflon por rodada, possibilita a pressuriza\u00e7\u00e3o do sistema e tamb\u00e9m o uso de fontes auxiliares de radia\u00e7\u00e3o (como l\u00e2mpadas UV). Em rela\u00e7\u00e3o aos equipamentos utilizados para determina\u00e7\u00e3o elementar, \u00e9 poss\u00edvel encontrar no LCCBio um espectrofot\u00f4metro UV-vis, potenci\u00f4metros e eletrodos \u00edon-seletivos, um cromat\u00f3grafo de \u00edons compacto e um cromat\u00f3grafo de \u00edons acoplado ao espectr\u00f4metro de massas. Vale destacar que este \u00e9 um dos \u00fanicos equipamentos no estado do Rio Grande do Sul que possibilita a determina\u00e7\u00e3o de \u00e2nions de baixo peso molecular, proporcionando a realiza\u00e7\u00e3o de estudos de especia\u00e7\u00e3o qu\u00edmica de diversos elementos de import\u00e2ncia biol\u00f3gica e ambiental. <\/span><\/span><\/p>\n<p style=\"text-align: justify;\"><span style=\"color: #333333; font-family: arial, helvetica, sans-serif;\">Ainda em fase de instala\u00e7\u00e3o, tamb\u00e9m encontram-se sob responsabilidade do LCCBio um espectr\u00f4metro de emiss\u00e3o \u00f3ptica com plasma indutivamente acoplado e um espectr\u00f4metro de absor\u00e7\u00e3o at\u00f4mica.\u00a0<\/span><\/p>\n<p style=\"text-align: justify;\"><span style=\"color: #333333;\"><span style=\"font-family: arial, helvetica, sans-serif;\">Al\u00e9m disso, o laborat\u00f3rio possui um espa\u00e7o reservado para estu<\/span>do dos discentes com cabines individuais e computadores com acesso \u00e0 internet.<\/span><\/p>\n<p>&nbsp;<\/p>\n\n\t\t<style type=\"text\/css\">\n\t\t\t#gallery-1 {\n\t\t\t\tmargin: auto;\n\t\t\t}\n\t\t\t#gallery-1 .gallery-item {\n\t\t\t\tfloat: left;\n\t\t\t\tmargin-top: 10px;\n\t\t\t\ttext-align: center;\n\t\t\t\twidth: 33%;\n\t\t\t}\n\t\t\t#gallery-1 img {\n\t\t\t\tborder: 2px solid #cfcfcf;\n\t\t\t}\n\t\t\t#gallery-1 .gallery-caption {\n\t\t\t\tmargin-left: 0;\n\t\t\t}\n\t\t\t\/* see gallery_shortcode() in wp-includes\/media.php *\/\n\t\t<\/style>\n\t\t<div id='gallery-1' class='gallery galleryid-65 gallery-columns-3 gallery-size-medium'><dl class='gallery-item'>\n\t\t\t<dt class='gallery-icon landscape'>\n\t\t\t\t<a href='https:\/\/wp.ufpel.edu.br\/lccbio\/files\/2020\/03\/IMG_20200110_114055-scaled.jpg'><img width=\"400\" height=\"300\" src=\"https:\/\/wp.ufpel.edu.br\/lccbio\/files\/2020\/03\/IMG_20200110_114055-400x300.jpg\" class=\"attachment-medium size-medium\" alt=\"\" srcset=\"https:\/\/wp.ufpel.edu.br\/lccbio\/files\/2020\/03\/IMG_20200110_114055-400x300.jpg 400w, https:\/\/wp.ufpel.edu.br\/lccbio\/files\/2020\/03\/IMG_20200110_114055-1024x768.jpg 1024w, https:\/\/wp.ufpel.edu.br\/lccbio\/files\/2020\/03\/IMG_20200110_114055-768x576.jpg 768w, https:\/\/wp.ufpel.edu.br\/lccbio\/files\/2020\/03\/IMG_20200110_114055-1536x1152.jpg 1536w, https:\/\/wp.ufpel.edu.br\/lccbio\/files\/2020\/03\/IMG_20200110_114055-2048x1536.jpg 2048w\" sizes=\"(max-width: 400px) 100vw, 400px\" \/><\/a>\n\t\t\t<\/dt><\/dl><dl class='gallery-item'>\n\t\t\t<dt class='gallery-icon landscape'>\n\t\t\t\t<a href='https:\/\/wp.ufpel.edu.br\/lccbio\/files\/2020\/03\/IMG_20200110_114127-scaled.jpg'><img width=\"400\" height=\"300\" src=\"https:\/\/wp.ufpel.edu.br\/lccbio\/files\/2020\/03\/IMG_20200110_114127-400x300.jpg\" class=\"attachment-medium size-medium\" alt=\"\" srcset=\"https:\/\/wp.ufpel.edu.br\/lccbio\/files\/2020\/03\/IMG_20200110_114127-400x300.jpg 400w, https:\/\/wp.ufpel.edu.br\/lccbio\/files\/2020\/03\/IMG_20200110_114127-1024x768.jpg 1024w, https:\/\/wp.ufpel.edu.br\/lccbio\/files\/2020\/03\/IMG_20200110_114127-768x576.jpg 768w, https:\/\/wp.ufpel.edu.br\/lccbio\/files\/2020\/03\/IMG_20200110_114127-1536x1152.jpg 1536w, https:\/\/wp.ufpel.edu.br\/lccbio\/files\/2020\/03\/IMG_20200110_114127-2048x1536.jpg 2048w\" sizes=\"(max-width: 400px) 100vw, 400px\" \/><\/a>\n\t\t\t<\/dt><\/dl><dl class='gallery-item'>\n\t\t\t<dt class='gallery-icon landscape'>\n\t\t\t\t<a href='https:\/\/wp.ufpel.edu.br\/lccbio\/files\/2020\/03\/IMG_20200110_114333-scaled.jpg'><img width=\"400\" height=\"288\" src=\"https:\/\/wp.ufpel.edu.br\/lccbio\/files\/2020\/03\/IMG_20200110_114333-400x288.jpg\" class=\"attachment-medium size-medium\" alt=\"\" srcset=\"https:\/\/wp.ufpel.edu.br\/lccbio\/files\/2020\/03\/IMG_20200110_114333-400x288.jpg 400w, https:\/\/wp.ufpel.edu.br\/lccbio\/files\/2020\/03\/IMG_20200110_114333-1024x737.jpg 1024w, https:\/\/wp.ufpel.edu.br\/lccbio\/files\/2020\/03\/IMG_20200110_114333-768x553.jpg 768w, https:\/\/wp.ufpel.edu.br\/lccbio\/files\/2020\/03\/IMG_20200110_114333-1536x1106.jpg 1536w, https:\/\/wp.ufpel.edu.br\/lccbio\/files\/2020\/03\/IMG_20200110_114333-2048x1475.jpg 2048w\" sizes=\"(max-width: 400px) 100vw, 400px\" \/><\/a>\n\t\t\t<\/dt><\/dl><br style=\"clear: both\" \/><dl class='gallery-item'>\n\t\t\t<dt class='gallery-icon landscape'>\n\t\t\t\t<a href='https:\/\/wp.ufpel.edu.br\/lccbio\/files\/2020\/03\/IMG_20200110_111229-scaled.jpg'><img width=\"400\" height=\"300\" src=\"https:\/\/wp.ufpel.edu.br\/lccbio\/files\/2020\/03\/IMG_20200110_111229-400x300.jpg\" class=\"attachment-medium size-medium\" alt=\"\" srcset=\"https:\/\/wp.ufpel.edu.br\/lccbio\/files\/2020\/03\/IMG_20200110_111229-400x300.jpg 400w, https:\/\/wp.ufpel.edu.br\/lccbio\/files\/2020\/03\/IMG_20200110_111229-1024x768.jpg 1024w, https:\/\/wp.ufpel.edu.br\/lccbio\/files\/2020\/03\/IMG_20200110_111229-768x576.jpg 768w, https:\/\/wp.ufpel.edu.br\/lccbio\/files\/2020\/03\/IMG_20200110_111229-1536x1152.jpg 1536w, https:\/\/wp.ufpel.edu.br\/lccbio\/files\/2020\/03\/IMG_20200110_111229-2048x1536.jpg 2048w\" sizes=\"(max-width: 400px) 100vw, 400px\" \/><\/a>\n\t\t\t<\/dt><\/dl><dl class='gallery-item'>\n\t\t\t<dt class='gallery-icon landscape'>\n\t\t\t\t<a href='https:\/\/wp.ufpel.edu.br\/lccbio\/files\/2020\/03\/IMG_20200110_111235-scaled.jpg'><img width=\"400\" height=\"300\" src=\"https:\/\/wp.ufpel.edu.br\/lccbio\/files\/2020\/03\/IMG_20200110_111235-400x300.jpg\" class=\"attachment-medium size-medium\" alt=\"\" srcset=\"https:\/\/wp.ufpel.edu.br\/lccbio\/files\/2020\/03\/IMG_20200110_111235-400x300.jpg 400w, https:\/\/wp.ufpel.edu.br\/lccbio\/files\/2020\/03\/IMG_20200110_111235-1024x768.jpg 1024w, https:\/\/wp.ufpel.edu.br\/lccbio\/files\/2020\/03\/IMG_20200110_111235-768x576.jpg 768w, https:\/\/wp.ufpel.edu.br\/lccbio\/files\/2020\/03\/IMG_20200110_111235-1536x1152.jpg 1536w, https:\/\/wp.ufpel.edu.br\/lccbio\/files\/2020\/03\/IMG_20200110_111235-2048x1536.jpg 2048w\" sizes=\"(max-width: 400px) 100vw, 400px\" \/><\/a>\n\t\t\t<\/dt><\/dl><dl class='gallery-item'>\n\t\t\t<dt class='gallery-icon landscape'>\n\t\t\t\t<a href='https:\/\/wp.ufpel.edu.br\/lccbio\/files\/2020\/03\/IMG_20200110_111355-scaled.jpg'><img width=\"400\" height=\"300\" src=\"https:\/\/wp.ufpel.edu.br\/lccbio\/files\/2020\/03\/IMG_20200110_111355-400x300.jpg\" class=\"attachment-medium size-medium\" alt=\"\" srcset=\"https:\/\/wp.ufpel.edu.br\/lccbio\/files\/2020\/03\/IMG_20200110_111355-400x300.jpg 400w, https:\/\/wp.ufpel.edu.br\/lccbio\/files\/2020\/03\/IMG_20200110_111355-1024x768.jpg 1024w, https:\/\/wp.ufpel.edu.br\/lccbio\/files\/2020\/03\/IMG_20200110_111355-768x576.jpg 768w, https:\/\/wp.ufpel.edu.br\/lccbio\/files\/2020\/03\/IMG_20200110_111355-1536x1152.jpg 1536w, https:\/\/wp.ufpel.edu.br\/lccbio\/files\/2020\/03\/IMG_20200110_111355-2048x1536.jpg 2048w\" sizes=\"(max-width: 400px) 100vw, 400px\" \/><\/a>\n\t\t\t<\/dt><\/dl><br style=\"clear: both\" \/>\n\t\t<\/div>\n\n","protected":false},"excerpt":{"rendered":"<p>O LCCBio disp\u00f5e de uma estrutura que atende aos requisitos\u00a0b\u00e1sicos de seguran\u00e7a, onde est\u00e3o contemplados capela de exaust\u00e3o, sistema de exaust\u00e3o em coifa, capela de fluxo laminar, bem como sistema de coleta e tratamento de res\u00edduos. Com rela\u00e7\u00e3o aos equipamentos para preparo de amostras, o laborat\u00f3rio conta com duas estufas para secagem de amostras e [&hellip;]<\/p>\n","protected":false},"author":862,"featured_media":0,"parent":0,"menu_order":2,"comment_status":"closed","ping_status":"closed","template":"","meta":{"footnotes":""},"class_list":["post-65","page","type-page","status-publish","hentry"],"jetpack_sharing_enabled":true,"_links":{"self":[{"href":"https:\/\/wp.ufpel.edu.br\/lccbio\/wp-json\/wp\/v2\/pages\/65","targetHints":{"allow":["GET"]}}],"collection":[{"href":"https:\/\/wp.ufpel.edu.br\/lccbio\/wp-json\/wp\/v2\/pages"}],"about":[{"href":"https:\/\/wp.ufpel.edu.br\/lccbio\/wp-json\/wp\/v2\/types\/page"}],"author":[{"embeddable":true,"href":"https:\/\/wp.ufpel.edu.br\/lccbio\/wp-json\/wp\/v2\/users\/862"}],"replies":[{"embeddable":true,"href":"https:\/\/wp.ufpel.edu.br\/lccbio\/wp-json\/wp\/v2\/comments?post=65"}],"version-history":[{"count":11,"href":"https:\/\/wp.ufpel.edu.br\/lccbio\/wp-json\/wp\/v2\/pages\/65\/revisions"}],"predecessor-version":[{"id":922,"href":"https:\/\/wp.ufpel.edu.br\/lccbio\/wp-json\/wp\/v2\/pages\/65\/revisions\/922"}],"wp:attachment":[{"href":"https:\/\/wp.ufpel.edu.br\/lccbio\/wp-json\/wp\/v2\/media?parent=65"}],"curies":[{"name":"wp","href":"https:\/\/api.w.org\/{rel}","templated":true}]}}