{"id":48,"date":"2018-07-12T17:11:32","date_gmt":"2018-07-12T20:11:32","guid":{"rendered":"https:\/\/wp.ufpel.edu.br\/lccbio\/?page_id=48"},"modified":"2024-06-20T11:06:56","modified_gmt":"2024-06-20T14:06:56","slug":"eventos","status":"publish","type":"page","link":"https:\/\/wp.ufpel.edu.br\/lccbio\/eventos\/","title":{"rendered":"Presta\u00e7\u00e3o de Servi\u00e7os"},"content":{"rendered":"<p>O Laborat\u00f3rio de Controle de Contaminantes em Biomateriais realiza, principalmente, a determina\u00e7\u00e3o e quantifica\u00e7\u00e3o de halog\u00eanios e enxofre via cromatografia, especia\u00e7\u00e3o e bioacessibilidade de elementos e o preparo de amostras atrav\u00e9s da Combust\u00e3o Iniciada por Micro-ondas (MIC), em amostras de alimentos, cosm\u00e9ticos, algas marinhas e amostras biol\u00f3gicas.<\/p>\n<p>Entre em contato atrav\u00e9s do e-mail para saber mais informa\u00e7\u00f5es: lccbioufpel@gmail.com<\/p>\n","protected":false},"excerpt":{"rendered":"<p>O Laborat\u00f3rio de Controle de Contaminantes em Biomateriais realiza, principalmente, a determina\u00e7\u00e3o e quantifica\u00e7\u00e3o de halog\u00eanios e enxofre via cromatografia, especia\u00e7\u00e3o e bioacessibilidade de elementos e o preparo de amostras atrav\u00e9s da Combust\u00e3o Iniciada por Micro-ondas (MIC), em amostras de alimentos, cosm\u00e9ticos, algas marinhas e amostras biol\u00f3gicas. Entre em contato atrav\u00e9s do e-mail para saber [&hellip;]<\/p>\n","protected":false},"author":862,"featured_media":0,"parent":0,"menu_order":6,"comment_status":"closed","ping_status":"closed","template":"","meta":{"footnotes":""},"class_list":["post-48","page","type-page","status-publish","hentry"],"jetpack_sharing_enabled":true,"_links":{"self":[{"href":"https:\/\/wp.ufpel.edu.br\/lccbio\/wp-json\/wp\/v2\/pages\/48","targetHints":{"allow":["GET"]}}],"collection":[{"href":"https:\/\/wp.ufpel.edu.br\/lccbio\/wp-json\/wp\/v2\/pages"}],"about":[{"href":"https:\/\/wp.ufpel.edu.br\/lccbio\/wp-json\/wp\/v2\/types\/page"}],"author":[{"embeddable":true,"href":"https:\/\/wp.ufpel.edu.br\/lccbio\/wp-json\/wp\/v2\/users\/862"}],"replies":[{"embeddable":true,"href":"https:\/\/wp.ufpel.edu.br\/lccbio\/wp-json\/wp\/v2\/comments?post=48"}],"version-history":[{"count":2,"href":"https:\/\/wp.ufpel.edu.br\/lccbio\/wp-json\/wp\/v2\/pages\/48\/revisions"}],"predecessor-version":[{"id":913,"href":"https:\/\/wp.ufpel.edu.br\/lccbio\/wp-json\/wp\/v2\/pages\/48\/revisions\/913"}],"wp:attachment":[{"href":"https:\/\/wp.ufpel.edu.br\/lccbio\/wp-json\/wp\/v2\/media?parent=48"}],"curies":[{"name":"wp","href":"https:\/\/api.w.org\/{rel}","templated":true}]}}