{"id":442,"date":"2020-06-23T18:14:43","date_gmt":"2020-06-23T21:14:43","guid":{"rendered":"https:\/\/wp.ufpel.edu.br\/lccbio\/?page_id=442"},"modified":"2024-06-20T11:06:25","modified_gmt":"2024-06-20T14:06:25","slug":"projeto-de-extensao-meninas-na-ciencia","status":"publish","type":"page","link":"https:\/\/wp.ufpel.edu.br\/lccbio\/projeto-de-extensao-meninas-na-ciencia\/","title":{"rendered":"Projeto de extens\u00e3o &#8211; Meninas na Ci\u00eancia"},"content":{"rendered":"<p style=\"text-align: justify\">O projeto de extens\u00e3o &#8220;Meninas na Ci\u00eancia: o uso de temas motivadores para atrair novos talentos para a qu\u00edmica&#8221; \u00e9 uma parceria entre a UFPel &#8211; representada pelo LCCBio &#8211; e a EMEF Professora Margarida Gastal (Cap\u00e3o do Le\u00e3o-RS). Para saber mais sobre o projeto e acessar o material produzido, \u00e9 s\u00f3 clicar na cientista aqui em baixo!<a href=\"https:\/\/sites.google.com\/view\/meninasnacienciaufpel\/in%C3%ADcio\" target=\"_blank\" rel=\"noopener noreferrer\"><br \/>\n<img class=\"aligncenter\" src=\"https:\/\/image.freepik.com\/vetores-gratis\/cientista-femea-tendo-uma-lampada-de-ideia_23-2148409159.jpg\" alt=\"\" width=\"307\" height=\"307\" \/><\/a><\/p>\n","protected":false},"excerpt":{"rendered":"<p>O projeto de extens\u00e3o &#8220;Meninas na Ci\u00eancia: o uso de temas motivadores para atrair novos talentos para a qu\u00edmica&#8221; \u00e9 uma parceria entre a UFPel &#8211; representada pelo LCCBio &#8211; e a EMEF Professora Margarida Gastal (Cap\u00e3o do Le\u00e3o-RS). Para saber mais sobre o projeto e acessar o material produzido, \u00e9 s\u00f3 clicar na cientista [&hellip;]<\/p>\n","protected":false},"author":862,"featured_media":0,"parent":0,"menu_order":7,"comment_status":"closed","ping_status":"closed","template":"","meta":{"footnotes":""},"class_list":["post-442","page","type-page","status-publish","hentry"],"jetpack_sharing_enabled":true,"_links":{"self":[{"href":"https:\/\/wp.ufpel.edu.br\/lccbio\/wp-json\/wp\/v2\/pages\/442","targetHints":{"allow":["GET"]}}],"collection":[{"href":"https:\/\/wp.ufpel.edu.br\/lccbio\/wp-json\/wp\/v2\/pages"}],"about":[{"href":"https:\/\/wp.ufpel.edu.br\/lccbio\/wp-json\/wp\/v2\/types\/page"}],"author":[{"embeddable":true,"href":"https:\/\/wp.ufpel.edu.br\/lccbio\/wp-json\/wp\/v2\/users\/862"}],"replies":[{"embeddable":true,"href":"https:\/\/wp.ufpel.edu.br\/lccbio\/wp-json\/wp\/v2\/comments?post=442"}],"version-history":[{"count":3,"href":"https:\/\/wp.ufpel.edu.br\/lccbio\/wp-json\/wp\/v2\/pages\/442\/revisions"}],"predecessor-version":[{"id":446,"href":"https:\/\/wp.ufpel.edu.br\/lccbio\/wp-json\/wp\/v2\/pages\/442\/revisions\/446"}],"wp:attachment":[{"href":"https:\/\/wp.ufpel.edu.br\/lccbio\/wp-json\/wp\/v2\/media?parent=442"}],"curies":[{"name":"wp","href":"https:\/\/api.w.org\/{rel}","templated":true}]}}