{"id":43,"date":"2018-07-12T17:01:52","date_gmt":"2018-07-12T20:01:52","guid":{"rendered":"https:\/\/wp.ufpel.edu.br\/lccbio\/?page_id=43"},"modified":"2026-04-01T11:47:33","modified_gmt":"2026-04-01T14:47:33","slug":"selecoes","status":"publish","type":"page","link":"https:\/\/wp.ufpel.edu.br\/lccbio\/selecoes\/","title":{"rendered":"Sele\u00e7\u00f5es"},"content":{"rendered":"<p><strong>Editais abertos<\/strong><\/p>\n<p>&nbsp;<\/p>\n<p><strong>Editais encerrados<\/strong><\/p>\n<p><a href=\"https:\/\/drive.google.com\/file\/d\/118Pv7j-AFwEFoU4iSgG5mCXTwEMP4S1-\/view?usp=sharing\">Edital de sele\u00e7\u00e3o para Inicia\u00e7\u00e3o Cientifica 2026\/01<\/a><\/p>\n<p><a style=\"color: #333333;\" href=\"https:\/\/drive.google.com\/file\/d\/10qjh6D2x3zBn-rqREdumrFeczBpIZPLY\/view?usp=sharing\">Incri\u00e7\u00f5es homologadas\u00a0<\/a><\/p>\n<p><a style=\"color: #333333;\" href=\"https:\/\/drive.google.com\/file\/d\/1udKgL9Xf1-JLzw5gydpIU_IFj9gTExm5\/view?usp=sharing\">Lista dos candidatos aptos para a entrevista<\/a><\/p>\n<p><a href=\"https:\/\/drive.google.com\/file\/d\/1ZI3YMq3GeVyrwfWTstunqXmarIgIC_A4\/view?usp=drive_link\">Edital de sele\u00e7\u00e3o de bolsista de P\u00f3s-doutorado<\/a><\/p>\n<p><a href=\"https:\/\/drive.google.com\/file\/d\/1c5fAuy7cLuBEl1GZKk7SU1touR-5rcNV\/view?usp=sharing\">Planilha de t\u00edtulos para avalia\u00e7\u00e3o do curr\u00edculo lattes 2025<\/a><\/p>\n<p><a href=\"https:\/\/drive.google.com\/file\/d\/1Fdc1pAVk951f9YdgZQgDbtS_Yhbav0x7\/view?usp=drive_link\">Resultado final<\/a><\/p>\n<p><a href=\"https:\/\/drive.google.com\/drive\/u\/3\/folders\/1RDuHhD_EjHHevf_fc_Kyn4rJn4R9d9Kh\">Edital de sele\u00e7\u00e3o de P\u00f3s-doutorado CNPq 2025<\/a><\/p>\n<p><a href=\"https:\/\/drive.google.com\/drive\/u\/3\/folders\/1RDuHhD_EjHHevf_fc_Kyn4rJn4R9d9Kh\">Planilha de t\u00edtulos para avalia\u00e7\u00e3o do curr\u00edculo lattes 2025<\/a><\/p>\n<p><a href=\"https:\/\/wp.ufpel.edu.br\/lccbio\/files\/2025\/03\/Edital_extensao_2025.1_LCCBio.pdf\">Edital extens\u00e3o 2025\/1<\/a><\/p>\n<p><a href=\"https:\/\/wp.ufpel.edu.br\/lccbio\/files\/2025\/03\/Entrevistas-extensao-2025.1.pdf\">Entrevistas<\/a><\/p>\n<p><a href=\"https:\/\/wp.ufpel.edu.br\/lccbio\/files\/2025\/03\/Resultado-Edital-extensao-2025.1.pdf\">Resultado<\/a><\/p>\n<p><a href=\"https:\/\/wp.ufpel.edu.br\/lccbio\/files\/2025\/01\/EDITAL-DE-SELECAO-PARA-INICIACAO-CIENTIFICA-JUNIOR-2025.01-1.pdf\">Sele\u00e7\u00e3o Inicia\u00e7\u00e3o Cient\u00edfica Junior 2025<\/a><\/p>\n<p><a href=\"https:\/\/wp.ufpel.edu.br\/lccbio\/files\/2025\/01\/Homologados-PBIP-EM.pdf\">Lista de candidatos homologados PBIP-EM<\/a><\/p>\n<p><a href=\"https:\/\/wp.ufpel.edu.br\/lccbio\/files\/2025\/01\/RESULTADO-FINAL-PBIP-EM-.pdf\">RESULTADO FINAL PBIP-EM<\/a><\/p>\n<p><a href=\"https:\/\/wp.ufpel.edu.br\/lccbio\/files\/2024\/12\/EDITAL_DE_SELECAO_DE_pos_doc_CNPq_13-12-2024.pdf\">Sele\u00e7\u00e3o de P\u00f3s-doutorado 2024<\/a><\/p>\n<p>&nbsp;<\/p>\n<p>&nbsp;<\/p>\n","protected":false},"excerpt":{"rendered":"<p>Editais abertos &nbsp; Editais encerrados Edital de sele\u00e7\u00e3o para Inicia\u00e7\u00e3o Cientifica 2026\/01 Incri\u00e7\u00f5es homologadas\u00a0 Lista dos candidatos aptos para a entrevista Edital de sele\u00e7\u00e3o de bolsista de P\u00f3s-doutorado Planilha de t\u00edtulos para avalia\u00e7\u00e3o do curr\u00edculo lattes 2025 Resultado final Edital de sele\u00e7\u00e3o de P\u00f3s-doutorado CNPq 2025 Planilha de t\u00edtulos para avalia\u00e7\u00e3o do curr\u00edculo lattes 2025 [&hellip;]<\/p>\n","protected":false},"author":862,"featured_media":0,"parent":0,"menu_order":4,"comment_status":"closed","ping_status":"closed","template":"","meta":{"footnotes":""},"class_list":["post-43","page","type-page","status-publish","hentry"],"jetpack_sharing_enabled":true,"_links":{"self":[{"href":"https:\/\/wp.ufpel.edu.br\/lccbio\/wp-json\/wp\/v2\/pages\/43","targetHints":{"allow":["GET"]}}],"collection":[{"href":"https:\/\/wp.ufpel.edu.br\/lccbio\/wp-json\/wp\/v2\/pages"}],"about":[{"href":"https:\/\/wp.ufpel.edu.br\/lccbio\/wp-json\/wp\/v2\/types\/page"}],"author":[{"embeddable":true,"href":"https:\/\/wp.ufpel.edu.br\/lccbio\/wp-json\/wp\/v2\/users\/862"}],"replies":[{"embeddable":true,"href":"https:\/\/wp.ufpel.edu.br\/lccbio\/wp-json\/wp\/v2\/comments?post=43"}],"version-history":[{"count":4,"href":"https:\/\/wp.ufpel.edu.br\/lccbio\/wp-json\/wp\/v2\/pages\/43\/revisions"}],"predecessor-version":[{"id":1415,"href":"https:\/\/wp.ufpel.edu.br\/lccbio\/wp-json\/wp\/v2\/pages\/43\/revisions\/1415"}],"wp:attachment":[{"href":"https:\/\/wp.ufpel.edu.br\/lccbio\/wp-json\/wp\/v2\/media?parent=43"}],"curies":[{"name":"wp","href":"https:\/\/api.w.org\/{rel}","templated":true}]}}