{"id":29,"date":"2018-07-12T16:58:18","date_gmt":"2018-07-12T19:58:18","guid":{"rendered":"https:\/\/wp.ufpel.edu.br\/lccbio\/?page_id=29"},"modified":"2024-06-20T11:05:24","modified_gmt":"2024-06-20T14:05:24","slug":"quem-somos","status":"publish","type":"page","link":"https:\/\/wp.ufpel.edu.br\/lccbio\/quem-somos\/","title":{"rendered":"Quem somos"},"content":{"rendered":"<p style=\"text-align: justify;\"><span style=\"font-size: 12pt;\">O LCCBio \u00e9 um laborat\u00f3rio do Centro de Ci\u00eancias Qu\u00edmicas, Farmac\u00eauticas e de Alimentos (UFPel) que desenvolve pesquisas principalmente na \u00e1rea da Qu\u00edmica Anal\u00edtica, e atende aos Programas de P\u00f3s-Gradua\u00e7\u00e3o em Qu\u00edmica (PPGQ), Bioqu\u00edmica e Bioprospec\u00e7\u00e3o (PPGBBio) e Ci\u00eancia e Tecnologia de Alimentos, bem como aos cursos de Bacharelado em Farm\u00e1cia e Qu\u00edmica Forense. Os projetos de pesquisa desenvolvidos pelo grupo contemplam as \u00e1reas qu\u00edmica e toxicologia, e envolvem trabalhos com amostras de alimentos, cosm\u00e9ticos, algas, amostras biol\u00f3gicas, entre outras. Al\u00e9m disso, o LCCBio desenvolve trabalhos em colabora\u00e7\u00e3o com diversos grupos de pesquisa da UFPel e de outras institui\u00e7\u00f5es, como a UFSM, FURG, UNISINOS e UFRGS.<\/span><\/p>\n","protected":false},"excerpt":{"rendered":"<p>O LCCBio \u00e9 um laborat\u00f3rio do Centro de Ci\u00eancias Qu\u00edmicas, Farmac\u00eauticas e de Alimentos (UFPel) que desenvolve pesquisas principalmente na \u00e1rea da Qu\u00edmica Anal\u00edtica, e atende aos Programas de P\u00f3s-Gradua\u00e7\u00e3o em Qu\u00edmica (PPGQ), Bioqu\u00edmica e Bioprospec\u00e7\u00e3o (PPGBBio) e Ci\u00eancia e Tecnologia de Alimentos, bem como aos cursos de Bacharelado em Farm\u00e1cia e Qu\u00edmica Forense. Os [&hellip;]<\/p>\n","protected":false},"author":862,"featured_media":0,"parent":0,"menu_order":1,"comment_status":"closed","ping_status":"closed","template":"page-sem-sidebar.php","meta":{"footnotes":""},"class_list":["post-29","page","type-page","status-publish","hentry"],"jetpack_sharing_enabled":true,"_links":{"self":[{"href":"https:\/\/wp.ufpel.edu.br\/lccbio\/wp-json\/wp\/v2\/pages\/29","targetHints":{"allow":["GET"]}}],"collection":[{"href":"https:\/\/wp.ufpel.edu.br\/lccbio\/wp-json\/wp\/v2\/pages"}],"about":[{"href":"https:\/\/wp.ufpel.edu.br\/lccbio\/wp-json\/wp\/v2\/types\/page"}],"author":[{"embeddable":true,"href":"https:\/\/wp.ufpel.edu.br\/lccbio\/wp-json\/wp\/v2\/users\/862"}],"replies":[{"embeddable":true,"href":"https:\/\/wp.ufpel.edu.br\/lccbio\/wp-json\/wp\/v2\/comments?post=29"}],"version-history":[{"count":102,"href":"https:\/\/wp.ufpel.edu.br\/lccbio\/wp-json\/wp\/v2\/pages\/29\/revisions"}],"predecessor-version":[{"id":1134,"href":"https:\/\/wp.ufpel.edu.br\/lccbio\/wp-json\/wp\/v2\/pages\/29\/revisions\/1134"}],"wp:attachment":[{"href":"https:\/\/wp.ufpel.edu.br\/lccbio\/wp-json\/wp\/v2\/media?parent=29"}],"curies":[{"name":"wp","href":"https:\/\/api.w.org\/{rel}","templated":true}]}}