{"id":1125,"date":"2024-06-19T14:27:41","date_gmt":"2024-06-19T17:27:41","guid":{"rendered":"https:\/\/wp.ufpel.edu.br\/lccbio\/?page_id=1125"},"modified":"2026-03-30T10:13:35","modified_gmt":"2026-03-30T13:13:35","slug":"integrantes","status":"publish","type":"page","link":"https:\/\/wp.ufpel.edu.br\/lccbio\/quem-somos\/integrantes\/","title":{"rendered":"Integrantes"},"content":{"rendered":"<p><strong>&gt; Professora e respons\u00e1vel pelo laborat\u00f3rio<\/strong><\/p>\n<p><a href=\"http:\/\/lattes.cnpq.br\/2461255030745891\"><span class=\"OYPEnA text-decoration-none text-strikethrough-none\">Prof.\u00aa Dr.\u00aa M\u00e1rcia Foster Mesko<\/span><\/a><\/p>\n<p><strong>&gt; P\u00f3s-gradua\u00e7\u00e3o e P\u00f3s-doutorado<\/strong><\/p>\n<p><a href=\"http:\/\/lattes.cnpq.br\/2461255030745891\"><span class=\"OYPEnA text-decoration-none text-strikethrough-none\">Dr.\u00aa<\/span><\/a><a href=\"http:\/\/lattes.cnpq.br\/6925751829020220\"> Pricila Nass Pinheiro<\/a><\/p>\n<p><a href=\"http:\/\/lattes.cnpq.br\/4919957794863632\"><span class=\"OYPEnA text-decoration-none text-strikethrough-none\">Larissa Cristine Andrade da Costa<\/span><\/a><\/p>\n<p><a href=\"https:\/\/buscatextual.cnpq.br\/buscatextual\/visualizacv.do?id=K1595788T3&amp;tokenCaptchar=0cAFcWeA5_xmFtaFy4L3qzmmygZPzDGHlbQU6TajIECt_usXLZeDIgucQv21WSALc2l9KjCG7oMnko1qZfIGKcJYJ7ak5iFmoD5ZLXQIYMZQRiXNNymb-F_DbPGOCW6r7mXoFtynE44OB_dgiIoMW8bpvwisc4RC9ce2K6AEyJK3op-vKbLfsKRrSC3QdEug1pCkDEdz8Z83M0aqp9IxB7M1MWPqwu4zTHwkcqbF6ZSjrM3s8jch7rwMOH7wtNMQ6eAIzrEAyFsTIBS_obTod1XtBPVAq_ig1nfTVSuAswQSxQAnhjuENIMxzCxLrBBjZj-FYcj8oqlK1p-B_pMiAPqAWNQgN6SKzOtbh_RK0-SM2JMIGwM8rUstNMT1zRdpZB9dMzK8ablhdhwz40Pn0xa2SBZqtf5Mgq68eCHFSnYRs6vG5RCqV3vmWFBAkbD4WaMr_a7PU58eC5L1WZq9sTVYxe5tnKteVg3SQ5b8L1SURi2aclLCFyAWpY_iopaP4-N3mjuxmfr0moD1KcgSvpllEeQ7XlRO9QAlYOs_nJO7VaVkT2xIb9Lve7TpkmmrZzly5im-IybOB5xGuyFcsJ9woJus5MDU2grKtEVXjECPEeok8hPcKhcAwV3H8XNdNK4UQp2bQky00AuWakQziWHczkMtAcxvzjM2RowFNa_gJS1DKyY2v4SzLNFfJijyr1WHd72A11f_FhQhWzIlaTk_AY_-zjxnii-jWEPABXvBv0Z54H3ZDNi-IBt7lhprznUakmfkJ5kW0pCw5rgeYi-G0_fKRsJf3T0w6NruimjXxBpThbJjTNW11JY1vLmJ8vkxpykWuPX4C5DsXXxV3T8FxhBjUcNfCjL1lHZ_2vQean7oaYeniIPF5vcWS8pO1tFzGJIWvfP99l4AVesWK58qU7VFya_4wwVal_qNxotq4KAcqZyeYsPeWKUoqad3-PLetkuPK5yLe80RnYGhqii7JEvkDi7h1ThUoRa1VvaT2Cmx0t1ZgmoMO0Gm8fmFMofADlAXSOIuCciX4e9aUTUvDBKHBMs-TOjV3IBN08IgexEa_UmBSFJqDrpHgW5625x7-hwOxRYCF5NmZFdfRXSANm4jMneusqVge5SLujFCeZhCgQwGPI4azHAsDlukBizYoIrYVMOUk97cx7P4rcgOB9m2POXcXxNnAt1i6lo-87SC5y86EwDdWkETUyjbqSKrI8MMMiSjSg6QVuO0iTpOg3kZjY-WDjVtxwtG9zBbH9wfea-1z3chyGb6wRzHxhj36Z2YIpNGwbYxZJ6Nqkv3arUNrm3chRMvGn7hNaRoDfFlfCVojFmqe1wquXP58oeVwBhh-00VoefmALmfZclnRWMJd1cglCm3Yw-Wh2yIGuj-r_fopvkXUtjRiYvCgBpJVE2ztPeRdeEzZPI-uo8Pl9bV3mKouC_HrDgrE_E6pcVtA4XCgVhXCmokFE4QVwudZ7J1HeNDDgIh57_M_RxZoSnqyUPX5E6cGj50Pl-dZoeHgQy2bytS4XtI7HZbOR5lUsmXZ66C9k3FODg1yOymRydmbPJttI27d8C9P0ZDuJUiwOSKv2P1jFl9UIrRlqS6a8V9OOfBg2qNbooP6BAhhje4rBajZMgLCSXG-5vBOUFwcW9Bc04XZHDFnvIYKE69nww7do8kVzZS-X5Sqy0XWA-UlP00GD6cO86XnsRJxEv0rLQmplf9UIPDb10XyCM3-QDveDl07S3v4-y20ssKKp5Lv6fwQrYw0V7p492wm6RcPjpWkYM5D283LUlX5Nz0HM3k92fe5KjLP-cyNxz2XbH4JsjbBFQfBL0YC2mjkySbYQUsXpRpMmlp_Wz2uR4Ric0URaY9cqTyECB6TYGRczDkwjl0XvVylxw4ZFRmsndXwSVT6Gxv6hdmm9Bi6e1HvMyeCY1hteHDEIryPqE9mnKQOSwZk7XtUAPxo5f33JIo3b1vlfzdx3qyf6oh7T6_pFvjTjx4PkCEZEYn0joopSW7TiH62Rj6sRlltJihLmn7MtxTcYyKflbownAcGr3jr8kg5NyaK-ztkxGWr8jkSrQxXHf8MiWDIZzSSDoT7dkia4TLehTYe6ie8lqzVPQ7cuVHf6mO7MxL7EMeh8Y_sDEnAfWSdNf0P-oXE8i-fbEieEAoDgqJwTeozWOPOkvyT-Ep600br9xZHpRNjUwH1mXFm046r1Vz8f1uHUoSUTgrwf9ENZ0Q8\">Syed Hassan Mujtaba<\/a><\/p>\n<p><a href=\"http:\/\/lattes.cnpq.br\/3613332191223340\"><span class=\"OYPEnA text-decoration-none text-strikethrough-none\">Andressa Vilke Rusch<\/span><\/a><\/p>\n<p><a href=\"http:\/\/lattes.cnpq.br\/8501310624709488\"><span class=\"OYPEnA text-decoration-none text-strikethrough-none\">Lilian Nachtigal Fehlberg<\/span><\/a><\/p>\n<p><a href=\"http:\/\/lattes.cnpq.br\/0236881450943788\"><span class=\"OYPEnA text-decoration-none text-strikethrough-none\">Marianne Moreira Santos de Melo<\/span><\/a><\/p>\n<p><a href=\"http:\/\/lattes.cnpq.br\/4979744820150291\"><span class=\"OYPEnA text-decoration-none text-strikethrough-none\">Thiago Ioost Caldeira<\/span><\/a><\/p>\n<p><strong>&gt; Inicia\u00e7\u00e3o cient\u00edfica<\/strong><\/p>\n<p><a href=\"http:\/\/lattes.cnpq.br\/1254685843061386\"><span class=\"OYPEnA text-decoration-none text-strikethrough-none\">Aline Luiza Simsen<\/span><\/a><\/p>\n<p><a href=\"https:\/\/buscatextual.cnpq.br\/buscatextual\/visualizacv.do?id=K1530121T8&amp;tokenCaptchar=0cAFcWeA7M4alOC78yxUXuynl1p19uMVSuDJRHygm9I8ihThu-q9PlOLsJjqShDEV3iTzXKKH6hJEqxYUMZrP7EmOPFedRg9jbJmH0MNM5F1-YLcLEItEmy6z_Kdihe9KM5hHmvSZN-PN3Ezb4hgMFLrwv-fC8lfa0tlrncNsWAd_cBjzqHcKuOr920Dmh5clMn9sDyIheN5Q2THb3ay4kYDhLw7FZWHiUPX-DHm6ELdDxrbZmVLVLGlmcYy1vrf9FHLlGit-W8wtIXzeQ_2rB2e2AE2302zrr1ejk6wOJ0R1-9mERPnKF8CnEgRcIlUrrcq4CF9eGuXCcFsOQU9IpdhiYOeM7kWRNrI7vgTTSG9YjNdQa7YsyAcys2EySW1p8vy2Q0oqGxo4yiUsqPqV1aR2tvUqpxViu3xPqBrYxkmTD56S3izAZSuDV8H0M7BKfiQrNrGQ29bZiydk3W_Ar6lMnys9uXtDQXCaEfS2i1ApJchzBWXc_pTmhOg1e5EILPeBUhsCPuuiMokpusS_1RHca1-Zw5qZLdIOaTKRsGCY0TJFLgPWNB8E1uTlUDw6vZztW6c_X68GIVMyp0fHpikOU7N2UYLD9fAXvWDXyoYHgiICsIcYl2_E1xFXb7XXuJLUMw4t5lJMeJw10cCm50oIyNRGaHgXmubBQ0a9dF0WUh08Tq19Per_-xM_xPGh9Oct3lzsoU4DPNXk9y9fFXPpvPb5l7awle6SoO6-0UWzTxo4qRCGiXsxHxDvjSPMY4PFodnlGCPScJqKNQqYF48GteZoD4F0eAcg8vlztXcc4U49YuYM6GhtH4vmhGXKxtJP1QkALLKn6iWB1wZ5iyTYYNCe0gqYCSNDd2DcAX2Cq-x6RQOLWKyueVc_6k33-uSaZYBDBdEU0skKI_asMuzU0OYVy0h4veIJRHp4yFnLZS_1s4vbx4qZWnhzNhrZccKe_zpyGzY9a54mEpyJj23dq4Ps_hDxRdRe_vEyySAjotwNq8x8vi2isfvEn-RjyercB1GQI8lTfuV1jSgrYizH_mHk6reXE3CLT0k04d48LYAM15imj-DBK1XCaaQziubQ5tZWJJddjHUAT24XVQCHG2Ul6jZlferFWiz7PBa18IP2OavEmF5Nhw5vKGafDQupU-ahdRspliO5BnGGfLW_0VgATF12EWAHtwUh1lxgaIkPm-4zFKFkPIZfNq58eOQhPh0EDyGGS00psyLwPNTxA_yPOP2-G1EGIhhrgs32Yi22EQRou9hvy6PPxifB43C2Q2iMW3wTX0i9d9WdipDGa1rtfH8M9APttxFW-23lzXafV1dN_HU1-Bo4VXcqhcjIftQHG0FJr0OqK5lxllfoV9Wk5L6787UcbE8QpWmIUxd7XrLgzZ9rBTqJ7O44KaAUnHK3xWT3ycaPFx9eNu0eDMDZruhsQlWHtH9iyI6LtPFGYkjAE854xyJHWXpkrwUNxw4FNCm9DWRDBqOGp9bHAyoupbL_VBtZP52Hx2tb_PkOtp9MtyPHxk_T0IZXznZYgwS8FnO2mNv7p-NPz4tRmZMT4dqOslz0HsT-laK5tZ128KgvP-u7yBFePG8DYMva0vjLwRV-GdD6pxxEoiK9FfedVN4yzyZ0z12O0KKS4NSClFQzUm20U1Zq3wRDFhhRHJHlq5eb-bHxQMJ52XeEJQ_EKOD9JhtLny5ty79mNwQYPNkAXVNoYpkdiefBlmWJpwuvpJJff9BO1tDOkG1R3FMa6lGogMLX_6RagHhv_6UQC9-04gmnsKMMn9FWVdgW4eTuqLZsNgwWUfmeDEMHp5Uy15zU55_KVPczHYniuGkAN-ZcbQj2lUTfNIrA4fnwb42tZneHh17PATwVQAa0tYCNSA9ctdCouKdUnAAhjQg2i2jHkZcDKGdEKvELSeZxilppylPFrFHh0Rb5LyvbDn0TpW6DTFhez8VrT-vpRzi-04tGYEGGIJMUE_YLcquMyNkte0VK28ZrYgFFr9lrsmbadh2rEoY5DBNt8HgE-A5jTfY2QY5hdLJZmd05AX3UtzNPt-L4-ESNqnfWI2pUSSO36ei92i3yuFwwXS2TEXLKwPWxd5fSgJjZH_qeRz8JN_2W023s7teZJmYpKuuM8RuQJJic3QQ\">Eduarda Moreira Hartmann<\/a><\/p>\n<p><a href=\"http:\/\/lattes.cnpq.br\/1324838389597347\"><span class=\"OYPEnA text-decoration-none text-strikethrough-none\">Julia Maciel Outeiro<\/span><\/a><\/p>\n<p><a href=\"https:\/\/buscatextual.cnpq.br\/buscatextual\/visualizacv.do?id=K1224750P0&amp;tokenCaptchar=0cAFcWeA5mbcMn0hf-6D2aw0UicdkWo6nhXJIhbQ0Gfc0qkx66xvZqS-dOkJyhapFcO9x4ct_D42q932S9yl0kVXM11FDx3TfJQd5s2L_M5nQ06ToFmLwGBgiUpxkkPbCqfqI2ntlP8dkA9tWKPy0kfNEqFeDy5N2EQHRSrmn9zRCSAzh3a5a7Ua9DZv2orIUsIoSvq3uQQ41iYEUYfYqZERTe86kHrnzYjxfE1QC-MF8B6sPSSuXka-yHe4nveyX13KmK7pBsLAJOzoPr8b9Hl0fuBn3K9jSbULnSaIk4A2g5QuEHLfilOgv4-WcX_34Z4XlwRchTjJGdx0M5lbkNlpTDfh508z7bCMZDJxIv6UCR1YwkZU4EjwAZf8Odl-rzp1tlTDr0gPgpsys1er0ak_jQIsEkNauyZMVoeYNNGnmHnoSmBP2MlN0iZMsm48p9eaaD9cl1-2aJ1jiKs7KPA9enKifcwdnIElnAcWa0k4QshILi8092dA_FxyaqM2rgqdtnxW_pgqm3x2liJmAPkzmNslMdBPlYWkb1xZRPThirj1s4bOjwfRmvc-Ma__pt-F5vaZUNImiSaURmEQKUnreC34V5rnKECeMgsMJTP7TrM8ZT80Jn2paAVO7Jh6_L95GzDgOuciaIe1831pxlmlvhfQSyADJsTNWXy0zA6HAQgALNEoJhzNBiLuYD1i0p9A4nYC786s160K2KYmFuC6-X5Z78uDeVocL7Hg4nssVBD4Qf15jccNCszj4hLgVb9cDTJs9aAK-cV5pXnrQSP_wcBlZM0l5ftdfRorSTB0gMeAOqWxjyrudu600nJLYbIjPqfQy-Yujg4W6-BpbjDA9wkbhjIGPsS2dah4OFDaaioAu7lH5DYPZtXf6PLS0nodIC582AhPIeYp_4ZoHucwSa3qNHiONCjRbiU5O5zk_xjQSyDpxO5Qfs4zQrXxHMd-3wj1R_ODYxMCRcD-29OcnTC0piVubzqe5KHuF0AX2pEUyB4RcNksEFOIZfqqX77kM-q0GYyeSLjqHoxb392UKbONQAeSWO7h5GPh90RoYgKyA5niixcXF42NF_mAFW2066EN-2NhL25lnKJj3tOPXbDbS_showcXChyNPlHSbrtj3EMP7pZgKEKCYDm7kdbyOmivrrXBvk3C4MMvuKlsGMQdWcEKFMA_uKjsPRhSBgyQ21pvQq64VAqjHOIPn0Wc6PqVszG7zyY8_47d6bjB-4dc58tHFPGZgdbTFI82QdyOf9Sg1MvZk0C3xnu3iCZNnMLGgG07k4hItd-Hg9ZJch4b0lnHAJ7FonwELaZFP_qKnvKZqKu02tPk_EvZYyelZ2NUZp2mM4cunWd63AfFIsVhQojI18CzDr7rThwQAqIZzL7jDS7v5fygQY5UJ7S_84uc6qXesARyucIYqE0BuuvjRDCWmyVD1d5F3wRkDAreAGmde6FNlmVE6jXm56fhcKoX000wZMgLhFpJ2W1dyW579PdUDDvdtVpo-zfMAVV3baiFwoywoL-dcfr373EAaDQdqBNpToLC0oK1nIKItouYEcvRVQ99DIM1zMLHIc-2IC1OrdSKec3DXdPNgNa5mEn3HJe0H7DqPf5XqCXa5A63JyukOx4GTMviR7gXE2k-RCB1GjfG6P4t512RwcLA7qIy7OaqN17c0DCAxMgvGFr07GVkB0_aVY9K1YTX8zd6D15v7dIqu5nn0FV78yojPxgolcaCN_NEkzKJRt40S4gw0Gw7KsEr7SHt5FOrMOsYyTyuRFjIxWiFz-JxuiTxw_JuYz-8kIbruE_D10chXv4gavAp7VY1axfQb9qw_OfpD3gX2gDvQXVLaTzNbuPSWuJjWyAcHzw7mwIIMNpint8XvrN17Mwb2Oe-1KPVUKHJV2Oq743XmJbthuifDgY0u9G8ktdz89hXdJLiaM_-x3gZMOGYCZGHnWgUyQfpVXKvdsHf2_Aa_YmQD9f4ZRwVLdUs6rQB1RUleQa6zODGesl0UHkVxhsX-WHch7QMzHxAtmeQ-FXEsxtuYnnZ0bZVr0psz-BlZyaq3XuUXR6LML-m-8o0GRmClukcABySPWfd1lAbOBuXyD7PIw6cwLD03bz5zolV3jYWnyOdKcwtKeG2R_SGgbmtHGqe-8PWpTln-vRcSH5Mw\">Lara Farias Caetano<\/a><\/p>\n<p><a href=\"http:\/\/lattes.cnpq.br\/2492135012691364\">Leticia Luckow<\/a><\/p>\n<p><a href=\"https:\/\/buscatextual.cnpq.br\/buscatextual\/visualizacv.do?id=K1593262D7&amp;tokenCaptchar=0cAFcWeA7_nHVzcrO1YCCutUwDvAS-l0DGXIu3Z_NiANxeefgPRELx5Vdn4ax5leuHZrxeVV8lk3hrEAREc_dP_DHLvNf2LVeMD8RIBL7ovBsNfEZvnbSAq7cnoFjMko5XRz2jhoMfhkdQFzZGhG6kB8kx-FmE5aPiWZwRkshHepS_kiVFLsg6ZQiVxT5DsRqR_lEDuJguqrNbgJLczP4Lers40SJCFOjKKEc-97QTf4LfJ8X7u2xGboWLEMowDOo_O9rplAgx4wJMNfrl_Vsm-bJf5TuLJ1i1cVsI0BLQJjagWrqW22vavtaIZ0ypTQ8VS4GS_DgoCNbNpeEk_VWOg5gD0WyZ6VOxQNxHxjic7oBCA6GlI1LRnqhXEdZq9btieJePUaIOtoPxIMcVIrYy1nkkHnc4Y383j9Ij91Ls3eUmIs0IMr3yI0AnHtCizwWGKw9rJBddILmt3UkXPrb808H395BGtw15ytVnzR1aK9dTS1D7OEXhis3n26ZmXwQSLDC70VQLUeHpkX8RWaiXoWviU4kQlt4OF-w5efeiwo5bxt9JJOro3BugF4lrrxRDhlZQukl9HKdS4UXTXzc8jvmqQczdUt6-owRWfHWd9kv3KHJ8UMqAyx4hcSS57LrOX4JyLFRfwKrsG5tY0thge8Usb2yU_HHg17HITIXe5Q9jRrB2APfZkztbXUts1rkEy_iJszvtsrfndWT9rtJnMmmLkOg-pWKgQb-g96AsYuvxeAP-2-fXpkAqSD9U_BS5-9t924gTkbAq9FySWImjYkbiUJSlfncRYbfleBrU8vrdaoINKTTUh4htzpPFeaGu1LyL_lCqyK-1FwkH705t9tcDNmcgPGnkiiFXA2k_7zBAqNlrQoMGHkwrKr8XHgs_EPkvZZKlD1ZcZZfjD44_87ecF5Cr_2DhEEcYgJOIEAAF8L_kTv04Jjr3qL29bTGrdoxMPfKNChrcRhuNbyZJC55FkhSyKHBYBOdudZYVErF4Cm0hrJhfkCfntG7kXKt2Xti-pVCtP97H2QlDZ2U2nyRer9wVgv54WWGLiVgGFg-T_j2A7BA-8xdblVgpQ3SqAs3OLQZCYu55hWdntvDFWemsRrJaepj0MoZvK1BT9y6hd_Dc9L3DA4jR4BDEGzy98KGEM-QYxMW6kyQPUURYLFJNmxh3hDsS_cMjRKxC7fQgY-qnZnRaFhK-OCqv1HX7lH2is0B8AQE3EYoAYa736bjciI--odLDCvUNRJrvbRDeV3nC2DBNrJaqJ0qmkHjMzaROHh-7CEAqqfX-8didXN1480kqOXf7XYQ8RIZM2XPFfpc_s_7oYmmtrjB3zoDGJUqdWySzTjnYQ6-zXoZH2RxGtnbd53bYbRQR51SiDeYYLpnFLLH42dvhOMOHof57LmQ7sTfHc2ZHgP7Rc4STSDNBifuMV0xIevm0v_uaXe3SQP3XzjRwylcUaqsVvqcLfkGMLGRBDtoxcTzwv5_i6Bp_aIGn3tG2qlzGxN4msyc_BA0aXV3t2x5senVWfJXrdgYQ_PG8ocNti-hifGopvgnLJAGRln4zJHDss_UcPtn0JsANDKnzfZLKW8DUy6DFmPBPvV6zdpyAtOPEqj_GWrehYsFK9Kqjp8rn8Y-DPbS6lMdhdYPQ-70i7X0T0QyaZWrLWofT42VoMGqZhKKJqTjXpkb4ktYwrcygHwzjXPIcLi6BMsp4z8S6IGP08pevILTVqiq0vI17FJ09uZ2gmXmOmGvSYJcVdijmqJVb_KXsEsstmkPZjtfsRGQYfYR-ZD5SO5bFOptSPM7Obe-OTl1bsCsG5wecppLDIdmq90HlCEyaNYZmk4ickcB-TyBlEVhcAcyN8tqdQBp0OX1zV15HElSUpfwd52t6Q3eP8_cc4-6xtpR1DvOf79MOYAwsOdCDqHYX25A3NTfcGsayvDOkvpUEKtrELjlBRdvd95qoLK6UG4PtdyDz1JpqULbs2O8k3BbaSeeNde9NqorMPoU8KHWn9mJ7glKt4dCw5VJGVal7GarPvj_o0yLKsV3zTvipabnjCewGhdBiVc9a42zt8xh_vNUi7oRKEE9L2xM4GOPZ4LXqTNuC7puRL0TD5wx4zMGRz_2XmLbma4QY1BsOffWCi-2Q0l3qHYrJ9OasDn83Sgr2hYU\">Nadine Gon\u00e7alves da Silva<\/a><\/p>\n<p><a href=\"http:\/\/lattes.cnpq.br\/3698140253620362\">Vicente Rodrigues Teixeira Neto<\/a><\/p>\n<p>&nbsp;<\/p>\n","protected":false},"excerpt":{"rendered":"<p>&gt; Professora e respons\u00e1vel pelo laborat\u00f3rio Prof.\u00aa Dr.\u00aa M\u00e1rcia Foster Mesko &gt; P\u00f3s-gradua\u00e7\u00e3o e P\u00f3s-doutorado Dr.\u00aa Pricila Nass Pinheiro Larissa Cristine Andrade da Costa Syed Hassan Mujtaba Andressa Vilke Rusch Lilian Nachtigal Fehlberg Marianne Moreira Santos de Melo Thiago Ioost Caldeira &gt; Inicia\u00e7\u00e3o cient\u00edfica Aline Luiza Simsen Eduarda Moreira Hartmann Julia Maciel Outeiro Lara Farias [&hellip;]<\/p>\n","protected":false},"author":862,"featured_media":0,"parent":29,"menu_order":1,"comment_status":"closed","ping_status":"closed","template":"","meta":{"footnotes":""},"class_list":["post-1125","page","type-page","status-publish","hentry"],"jetpack_sharing_enabled":true,"_links":{"self":[{"href":"https:\/\/wp.ufpel.edu.br\/lccbio\/wp-json\/wp\/v2\/pages\/1125","targetHints":{"allow":["GET"]}}],"collection":[{"href":"https:\/\/wp.ufpel.edu.br\/lccbio\/wp-json\/wp\/v2\/pages"}],"about":[{"href":"https:\/\/wp.ufpel.edu.br\/lccbio\/wp-json\/wp\/v2\/types\/page"}],"author":[{"embeddable":true,"href":"https:\/\/wp.ufpel.edu.br\/lccbio\/wp-json\/wp\/v2\/users\/862"}],"replies":[{"embeddable":true,"href":"https:\/\/wp.ufpel.edu.br\/lccbio\/wp-json\/wp\/v2\/comments?post=1125"}],"version-history":[{"count":4,"href":"https:\/\/wp.ufpel.edu.br\/lccbio\/wp-json\/wp\/v2\/pages\/1125\/revisions"}],"predecessor-version":[{"id":1414,"href":"https:\/\/wp.ufpel.edu.br\/lccbio\/wp-json\/wp\/v2\/pages\/1125\/revisions\/1414"}],"up":[{"embeddable":true,"href":"https:\/\/wp.ufpel.edu.br\/lccbio\/wp-json\/wp\/v2\/pages\/29"}],"wp:attachment":[{"href":"https:\/\/wp.ufpel.edu.br\/lccbio\/wp-json\/wp\/v2\/media?parent=1125"}],"curies":[{"name":"wp","href":"https:\/\/api.w.org\/{rel}","templated":true}]}}