{"id":32,"date":"2020-07-10T10:43:07","date_gmt":"2020-07-10T13:43:07","guid":{"rendered":"https:\/\/wp.ufpel.edu.br\/lbm\/?page_id=32"},"modified":"2020-07-24T16:57:52","modified_gmt":"2020-07-24T19:57:52","slug":"projetos","status":"publish","type":"page","link":"https:\/\/wp.ufpel.edu.br\/lbm\/projetos\/","title":{"rendered":"Projetos"},"content":{"rendered":"<h4 style=\"text-align: justify\"><b>Projeto de Ensino: Materiais Did\u00e1ticos Digitais sobre Biodegrada\u00e7\u00e3o da Madeira<br \/>\n<\/b><\/h4>\n<div dir=\"ltr\" style=\"text-align: justify\">\n<div>\n<p>\u00a0\u00a0\u00a0\u00a0Este projeto tem por objetivo desenvolver materiais did\u00e1ticos digitais, como v\u00eddeos, podcasts, entre outros materiais sobre a tem\u00e1tica de biodegrada\u00e7\u00e3o da madeira.<\/p>\n<\/div>\n<\/div>\n<p>&nbsp;<\/p>\n<div dir=\"ltr\">\n<h4 style=\"text-align: justify\">Projeto de Pesquisa:\u00a0Avalia\u00e7\u00e3o de Preservativos para Madeira S\u00f3lida e Pain\u00e9is de\u00a0 Madeira Reconstitu\u00edda<\/h4>\n<p style=\"text-align: justify\"><span style=\"font-family: inherit;font-size: 18px\">\u00a0 \u00a0 <span style=\"font-size: 12pt\">O projeto visa avaliar a efici\u00eancia de novos preservativos no controle de agentes xil\u00f3fagos em madeiras s\u00f3lidas e pain\u00e9is de madeira reconstitu\u00eddos.<\/span><\/span><\/p>\n<\/div>\n","protected":false},"excerpt":{"rendered":"<p>Projeto de Ensino: Materiais Did\u00e1ticos Digitais sobre Biodegrada\u00e7\u00e3o da Madeira \u00a0\u00a0\u00a0\u00a0Este projeto tem por objetivo desenvolver materiais did\u00e1ticos digitais, como v\u00eddeos, podcasts, entre outros materiais sobre a tem\u00e1tica de biodegrada\u00e7\u00e3o da madeira. &nbsp; Projeto de Pesquisa:\u00a0Avalia\u00e7\u00e3o de Preservativos para Madeira S\u00f3lida e Pain\u00e9is de\u00a0 Madeira Reconstitu\u00edda \u00a0 \u00a0 O projeto visa avaliar a efici\u00eancia de &hellip; <\/p>\n<p><a class=\"more-link btn\" href=\"https:\/\/wp.ufpel.edu.br\/lbm\/projetos\/\">Continue lendo<\/a><\/p>\n","protected":false},"author":1021,"featured_media":0,"parent":0,"menu_order":3,"comment_status":"closed","ping_status":"closed","template":"","meta":{"footnotes":""},"class_list":["post-32","page","type-page","status-publish","hentry","nodate","item-wrap"],"_links":{"self":[{"href":"https:\/\/wp.ufpel.edu.br\/lbm\/wp-json\/wp\/v2\/pages\/32","targetHints":{"allow":["GET"]}}],"collection":[{"href":"https:\/\/wp.ufpel.edu.br\/lbm\/wp-json\/wp\/v2\/pages"}],"about":[{"href":"https:\/\/wp.ufpel.edu.br\/lbm\/wp-json\/wp\/v2\/types\/page"}],"author":[{"embeddable":true,"href":"https:\/\/wp.ufpel.edu.br\/lbm\/wp-json\/wp\/v2\/users\/1021"}],"replies":[{"embeddable":true,"href":"https:\/\/wp.ufpel.edu.br\/lbm\/wp-json\/wp\/v2\/comments?post=32"}],"version-history":[{"count":12,"href":"https:\/\/wp.ufpel.edu.br\/lbm\/wp-json\/wp\/v2\/pages\/32\/revisions"}],"predecessor-version":[{"id":131,"href":"https:\/\/wp.ufpel.edu.br\/lbm\/wp-json\/wp\/v2\/pages\/32\/revisions\/131"}],"wp:attachment":[{"href":"https:\/\/wp.ufpel.edu.br\/lbm\/wp-json\/wp\/v2\/media?parent=32"}],"curies":[{"name":"wp","href":"https:\/\/api.w.org\/{rel}","templated":true}]}}